{"id":157534,"date":"2025-06-16T09:12:31","date_gmt":"2025-06-16T07:12:31","guid":{"rendered":"https:\/\/fotc.com\/?page_id=157534"},"modified":"2025-06-16T15:46:04","modified_gmt":"2025-06-16T13:46:04","slug":"optimizarea-costurilor-cloud","status":"publish","type":"page","link":"https:\/\/fotc.com\/ro\/servicii\/google-cloud\/optimizarea-costurilor-cloud\/","title":{"rendered":"Optimizarea costurilor cloud"},"content":{"rendered":"","protected":false},"excerpt":{"rendered":"","protected":false},"author":22,"featured_media":157415,"parent":154595,"menu_order":0,"comment_status":"closed","ping_status":"closed","template":"views\/template-finops.blade.php","meta":{"_editorskit_title_hidden":false,"_editorskit_reading_time":1,"_editorskit_is_block_options_detached":false,"_editorskit_block_options_position":"{}","footnotes":""},"class_list":["post-157534","page","type-page","status-publish","has-post-thumbnail","hentry"],"yoast_head":"\nAudit de costuri Google Cloud \u2013 poten\u021bial de economisire<\/title>\n<meta name=\"description\" content=\"Nu cheltui\u021bi inutil cu Google Cloud. Auditul nostru identific\u0103 economiile ascunse \u0219i optimizeaz\u0103 bugetul, f\u0103r\u0103 a afecta performan\u021ba. Solicita\u021bi o consulta\u021bie gratuit\u0103.\" \/>\n<meta name=\"robots\" content=\"noindex, nofollow\" \/>\n<meta property=\"og:locale\" content=\"ro_RO\" \/>\n<meta property=\"og:type\" content=\"article\" \/>\n<meta property=\"og:title\" content=\"Optimizarea costurilor cloud\" \/>\n<meta property=\"og:description\" content=\"Nu cheltui\u021bi inutil cu Google Cloud. Auditul nostru identific\u0103 economiile ascunse \u0219i optimizeaz\u0103 bugetul, f\u0103r\u0103 a afecta performan\u021ba. Solicita\u021bi o consulta\u021bie gratuit\u0103.\" \/>\n<meta property=\"og:url\" content=\"https:\/\/fotc.com\/ro\/servicii\/google-cloud\/optimizarea-costurilor-cloud\/\" \/>\n<meta property=\"og:site_name\" content=\"FOTC\" \/>\n<meta property=\"article:modified_time\" content=\"2025-06-16T13:46:04+00:00\" \/>\n<meta property=\"og:image\" content=\"https:\/\/fotc.com\/app\/uploads\/2025\/06\/EN_Landing_FinOps_miniaturka-3.jpg\" \/>\n\t<meta property=\"og:image:width\" content=\"1280\" \/>\n\t<meta property=\"og:image:height\" content=\"720\" \/>\n\t<meta property=\"og:image:type\" content=\"image\/jpeg\" \/>\n<meta name=\"twitter:card\" content=\"summary_large_image\" \/>\n<script type=\"application\/ld+json\" class=\"yoast-schema-graph\">{\"@context\":\"https:\/\/schema.org\",\"@graph\":[{\"@type\":\"WebPage\",\"@id\":\"https:\/\/fotc.com\/ro\/servicii\/google-cloud\/optimizarea-costurilor-cloud\/\",\"url\":\"https:\/\/fotc.com\/ro\/servicii\/google-cloud\/optimizarea-costurilor-cloud\/\",\"name\":\"Audit de costuri Google Cloud \u2013 poten\u021bial de economisire\",\"isPartOf\":{\"@id\":\"https:\/\/fotc.com\/ro\/#website\"},\"primaryImageOfPage\":{\"@id\":\"https:\/\/fotc.com\/ro\/servicii\/google-cloud\/optimizarea-costurilor-cloud\/#primaryimage\"},\"image\":{\"@id\":\"https:\/\/fotc.com\/ro\/servicii\/google-cloud\/optimizarea-costurilor-cloud\/#primaryimage\"},\"thumbnailUrl\":\"https:\/\/fotc.com\/app\/uploads\/2025\/06\/EN_Landing_FinOps_miniaturka-3.jpg\",\"datePublished\":\"2025-06-16T07:12:31+00:00\",\"dateModified\":\"2025-06-16T13:46:04+00:00\",\"description\":\"Nu cheltui\u021bi inutil cu Google Cloud. Auditul nostru identific\u0103 economiile ascunse \u0219i optimizeaz\u0103 bugetul, f\u0103r\u0103 a afecta performan\u021ba. Solicita\u021bi o consulta\u021bie gratuit\u0103.\",\"breadcrumb\":{\"@id\":\"https:\/\/fotc.com\/ro\/servicii\/google-cloud\/optimizarea-costurilor-cloud\/#breadcrumb\"},\"inLanguage\":\"ro-RO\",\"potentialAction\":[{\"@type\":\"ReadAction\",\"target\":[\"https:\/\/fotc.com\/ro\/servicii\/google-cloud\/optimizarea-costurilor-cloud\/\"]}]},{\"@type\":\"ImageObject\",\"inLanguage\":\"ro-RO\",\"@id\":\"https:\/\/fotc.com\/ro\/servicii\/google-cloud\/optimizarea-costurilor-cloud\/#primaryimage\",\"url\":\"https:\/\/fotc.com\/app\/uploads\/2025\/06\/EN_Landing_FinOps_miniaturka-3.jpg\",\"contentUrl\":\"https:\/\/fotc.com\/app\/uploads\/2025\/06\/EN_Landing_FinOps_miniaturka-3.jpg\",\"width\":1280,\"height\":720},{\"@type\":\"BreadcrumbList\",\"@id\":\"https:\/\/fotc.com\/ro\/servicii\/google-cloud\/optimizarea-costurilor-cloud\/#breadcrumb\",\"itemListElement\":[{\"@type\":\"ListItem\",\"position\":1,\"name\":\"Home\",\"item\":\"https:\/\/fotc.com\/ro\/\"},{\"@type\":\"ListItem\",\"position\":2,\"name\":\"servicii\",\"item\":\"https:\/\/fotc.com\/ro\/servicii\/\"},{\"@type\":\"ListItem\",\"position\":3,\"name\":\"google-cloud\",\"item\":\"https:\/\/fotc.com\/ro\/services\/google-cloud\/\"},{\"@type\":\"ListItem\",\"position\":4,\"name\":\"Optimizarea costurilor cloud\"}]},{\"@type\":\"WebSite\",\"@id\":\"https:\/\/fotc.com\/ro\/#website\",\"url\":\"https:\/\/fotc.com\/ro\/\",\"name\":\"FOTC\",\"description\":\"Partner Google Cloud\",\"potentialAction\":[{\"@type\":\"SearchAction\",\"target\":{\"@type\":\"EntryPoint\",\"urlTemplate\":\"https:\/\/fotc.com\/ro\/?s={search_term_string}\"},\"query-input\":{\"@type\":\"PropertyValueSpecification\",\"valueRequired\":true,\"valueName\":\"search_term_string\"}}],\"inLanguage\":\"ro-RO\"}]}<\/script>\n<!-- \/ Yoast SEO Premium plugin. -->","yoast_head_json":{"title":"Audit de costuri Google Cloud \u2013 poten\u021bial de economisire","description":"Nu cheltui\u021bi inutil cu Google Cloud. Auditul nostru identific\u0103 economiile ascunse \u0219i optimizeaz\u0103 bugetul, f\u0103r\u0103 a afecta performan\u021ba. Solicita\u021bi o consulta\u021bie gratuit\u0103.","robots":{"index":"noindex","follow":"nofollow"},"og_locale":"ro_RO","og_type":"article","og_title":"Optimizarea costurilor cloud","og_description":"Nu cheltui\u021bi inutil cu Google Cloud. Auditul nostru identific\u0103 economiile ascunse \u0219i optimizeaz\u0103 bugetul, f\u0103r\u0103 a afecta performan\u021ba. Solicita\u021bi o consulta\u021bie gratuit\u0103.","og_url":"https:\/\/fotc.com\/ro\/servicii\/google-cloud\/optimizarea-costurilor-cloud\/","og_site_name":"FOTC","article_modified_time":"2025-06-16T13:46:04+00:00","og_image":[{"width":1280,"height":720,"url":"https:\/\/fotc.com\/app\/uploads\/2025\/06\/EN_Landing_FinOps_miniaturka-3.jpg","type":"image\/jpeg"}],"twitter_card":"summary_large_image","schema":{"@context":"https:\/\/schema.org","@graph":[{"@type":"WebPage","@id":"https:\/\/fotc.com\/ro\/servicii\/google-cloud\/optimizarea-costurilor-cloud\/","url":"https:\/\/fotc.com\/ro\/servicii\/google-cloud\/optimizarea-costurilor-cloud\/","name":"Audit de costuri Google Cloud \u2013 poten\u021bial de economisire","isPartOf":{"@id":"https:\/\/fotc.com\/ro\/#website"},"primaryImageOfPage":{"@id":"https:\/\/fotc.com\/ro\/servicii\/google-cloud\/optimizarea-costurilor-cloud\/#primaryimage"},"image":{"@id":"https:\/\/fotc.com\/ro\/servicii\/google-cloud\/optimizarea-costurilor-cloud\/#primaryimage"},"thumbnailUrl":"https:\/\/fotc.com\/app\/uploads\/2025\/06\/EN_Landing_FinOps_miniaturka-3.jpg","datePublished":"2025-06-16T07:12:31+00:00","dateModified":"2025-06-16T13:46:04+00:00","description":"Nu cheltui\u021bi inutil cu Google Cloud. Auditul nostru identific\u0103 economiile ascunse \u0219i optimizeaz\u0103 bugetul, f\u0103r\u0103 a afecta performan\u021ba. Solicita\u021bi o consulta\u021bie gratuit\u0103.","breadcrumb":{"@id":"https:\/\/fotc.com\/ro\/servicii\/google-cloud\/optimizarea-costurilor-cloud\/#breadcrumb"},"inLanguage":"ro-RO","potentialAction":[{"@type":"ReadAction","target":["https:\/\/fotc.com\/ro\/servicii\/google-cloud\/optimizarea-costurilor-cloud\/"]}]},{"@type":"ImageObject","inLanguage":"ro-RO","@id":"https:\/\/fotc.com\/ro\/servicii\/google-cloud\/optimizarea-costurilor-cloud\/#primaryimage","url":"https:\/\/fotc.com\/app\/uploads\/2025\/06\/EN_Landing_FinOps_miniaturka-3.jpg","contentUrl":"https:\/\/fotc.com\/app\/uploads\/2025\/06\/EN_Landing_FinOps_miniaturka-3.jpg","width":1280,"height":720},{"@type":"BreadcrumbList","@id":"https:\/\/fotc.com\/ro\/servicii\/google-cloud\/optimizarea-costurilor-cloud\/#breadcrumb","itemListElement":[{"@type":"ListItem","position":1,"name":"Home","item":"https:\/\/fotc.com\/ro\/"},{"@type":"ListItem","position":2,"name":"servicii","item":"https:\/\/fotc.com\/ro\/servicii\/"},{"@type":"ListItem","position":3,"name":"google-cloud","item":"https:\/\/fotc.com\/ro\/services\/google-cloud\/"},{"@type":"ListItem","position":4,"name":"Optimizarea costurilor cloud"}]},{"@type":"WebSite","@id":"https:\/\/fotc.com\/ro\/#website","url":"https:\/\/fotc.com\/ro\/","name":"FOTC","description":"Partner Google Cloud","potentialAction":[{"@type":"SearchAction","target":{"@type":"EntryPoint","urlTemplate":"https:\/\/fotc.com\/ro\/?s={search_term_string}"},"query-input":{"@type":"PropertyValueSpecification","valueRequired":true,"valueName":"search_term_string"}}],"inLanguage":"ro-RO"}]}},"_links":{"self":[{"href":"https:\/\/fotc.com\/ro\/wp-json\/wp\/v2\/pages\/157534","targetHints":{"allow":["GET"]}}],"collection":[{"href":"https:\/\/fotc.com\/ro\/wp-json\/wp\/v2\/pages"}],"about":[{"href":"https:\/\/fotc.com\/ro\/wp-json\/wp\/v2\/types\/page"}],"author":[{"embeddable":true,"href":"https:\/\/fotc.com\/ro\/wp-json\/wp\/v2\/users\/22"}],"replies":[{"embeddable":true,"href":"https:\/\/fotc.com\/ro\/wp-json\/wp\/v2\/comments?post=157534"}],"version-history":[{"count":0,"href":"https:\/\/fotc.com\/ro\/wp-json\/wp\/v2\/pages\/157534\/revisions"}],"up":[{"embeddable":true,"href":"https:\/\/fotc.com\/ro\/wp-json\/wp\/v2\/pages\/154595"}],"wp:featuredmedia":[{"embeddable":true,"href":"https:\/\/fotc.com\/ro\/wp-json\/wp\/v2\/media\/157415"}],"wp:attachment":[{"href":"https:\/\/fotc.com\/ro\/wp-json\/wp\/v2\/media?parent=157534"}],"curies":[{"name":"wp","href":"https:\/\/api.w.org\/{rel}","templated":true}]}}