{"id":106168,"date":"2023-03-02T14:03:51","date_gmt":"2023-03-02T13:03:51","guid":{"rendered":"https:\/\/fotc.com\/?page_id=106168"},"modified":"2023-03-02T14:28:12","modified_gmt":"2023-03-02T13:28:12","slug":"modificarea-pretului-google-workspace","status":"publish","type":"page","link":"https:\/\/fotc.com\/ro\/modificarea-pretului-google-workspace\/","title":{"rendered":"Modificarea pre\u021bului Google Workspace"},"content":{"rendered":"","protected":false},"excerpt":{"rendered":"","protected":false},"author":22,"featured_media":59279,"parent":0,"menu_order":0,"comment_status":"closed","ping_status":"closed","template":"views\/template-lp.blade.php","meta":{"_editorskit_title_hidden":false,"_editorskit_reading_time":1,"_editorskit_typography_data":null,"_editorskit_blocks_typography":"","_editorskit_is_block_options_detached":false,"_editorskit_block_options_position":"{}"},"yoast_head":"\nMen\u021bine\u021bi pre\u021burile pachetelor dvs. Google Workspace sc\u0103zute<\/title>\n<meta name=\"description\" content=\"Cum s\u0103 v\u0103 proteja\u021bi de cre\u0219terea pre\u021burilor Google Workspace? Speciali\u0219tii FOTC au r\u0103spunsul la aceast\u0103 \u00eentrebare. Verifica\u021bi ce trebuie s\u0103 face\u021bi pentru a optimiza costul serviciului.\" \/>\n<meta name=\"robots\" content=\"noindex, nofollow\" \/>\n<meta property=\"og:locale\" content=\"ro_RO\" \/>\n<meta property=\"og:type\" content=\"article\" \/>\n<meta property=\"og:title\" content=\"Przejd\u017a z G Suite Legacy do Google Workspace na lepszych warunkach\" \/>\n<meta property=\"og:description\" content=\"Otrzymaj najlepsze warunki przej\u015bcia z G Suite Legacy do Google Workspace z partnerem Google Cloud - FOTC\" \/>\n<meta property=\"og:url\" content=\"https:\/\/fotc.com\/ro\/modificarea-pretului-google-workspace\/\" \/>\n<meta property=\"og:site_name\" content=\"FOTC\" \/>\n<meta property=\"article:modified_time\" content=\"2023-03-02T13:28:12+00:00\" \/>\n<meta property=\"og:image\" content=\"https:\/\/fotc.com\/app\/uploads\/2022\/01\/GW_mini_1200x628.png\" \/>\n\t<meta property=\"og:image:width\" content=\"1200\" \/>\n\t<meta property=\"og:image:height\" content=\"628\" \/>\n\t<meta property=\"og:image:type\" content=\"image\/png\" \/>\n<meta name=\"twitter:card\" content=\"summary_large_image\" \/>\n<meta name=\"twitter:title\" content=\"Przejd\u017a z G Suite Legacy do Google Workspace na lepszych warunkach\" \/>\n<meta name=\"twitter:description\" content=\"Otrzymaj najlepsze warunki przej\u015bcia z G Suite Legacy do Google Workspace z partnerem Google Cloud - FOTC\" \/>\n<script type=\"application\/ld+json\" class=\"yoast-schema-graph\">{\"@context\":\"https:\/\/schema.org\",\"@graph\":[{\"@type\":\"WebPage\",\"@id\":\"https:\/\/fotc.com\/ro\/modificarea-pretului-google-workspace\/\",\"url\":\"https:\/\/fotc.com\/ro\/modificarea-pretului-google-workspace\/\",\"name\":\"Men\u021bine\u021bi pre\u021burile pachetelor dvs. Google Workspace sc\u0103zute\",\"isPartOf\":{\"@id\":\"https:\/\/fotc.com\/#website\"},\"datePublished\":\"2023-03-02T13:03:51+00:00\",\"dateModified\":\"2023-03-02T13:28:12+00:00\",\"description\":\"Cum s\u0103 v\u0103 proteja\u021bi de cre\u0219terea pre\u021burilor Google Workspace? Speciali\u0219tii FOTC au r\u0103spunsul la aceast\u0103 \u00eentrebare. Verifica\u021bi ce trebuie s\u0103 face\u021bi pentru a optimiza costul serviciului.\",\"breadcrumb\":{\"@id\":\"https:\/\/fotc.com\/ro\/modificarea-pretului-google-workspace\/#breadcrumb\"},\"inLanguage\":\"ro-RO\",\"potentialAction\":[{\"@type\":\"ReadAction\",\"target\":[\"https:\/\/fotc.com\/ro\/modificarea-pretului-google-workspace\/\"]}]},{\"@type\":\"BreadcrumbList\",\"@id\":\"https:\/\/fotc.com\/ro\/modificarea-pretului-google-workspace\/#breadcrumb\",\"itemListElement\":[{\"@type\":\"ListItem\",\"position\":1,\"name\":\"RO\",\"item\":\"https:\/\/fotc.com\/ro\/\"},{\"@type\":\"ListItem\",\"position\":2,\"name\":\"Modificarea pre\u021bului Google Workspace\"}]},{\"@type\":\"WebSite\",\"@id\":\"https:\/\/fotc.com\/#website\",\"url\":\"https:\/\/fotc.com\/\",\"name\":\"FOTC\",\"description\":\"Partner Google Cloud\",\"potentialAction\":[{\"@type\":\"SearchAction\",\"target\":{\"@type\":\"EntryPoint\",\"urlTemplate\":\"https:\/\/fotc.com\/?s={search_term_string}\"},\"query-input\":\"required name=search_term_string\"}],\"inLanguage\":\"ro-RO\"}]}<\/script>\n<!-- \/ Yoast SEO Premium plugin. -->","yoast_head_json":{"title":"Men\u021bine\u021bi pre\u021burile pachetelor dvs. Google Workspace sc\u0103zute","description":"Cum s\u0103 v\u0103 proteja\u021bi de cre\u0219terea pre\u021burilor Google Workspace? Speciali\u0219tii FOTC au r\u0103spunsul la aceast\u0103 \u00eentrebare. Verifica\u021bi ce trebuie s\u0103 face\u021bi pentru a optimiza costul serviciului.","robots":{"index":"noindex","follow":"nofollow"},"og_locale":"ro_RO","og_type":"article","og_title":"Przejd\u017a z G Suite Legacy do Google Workspace na lepszych warunkach","og_description":"Otrzymaj najlepsze warunki przej\u015bcia z G Suite Legacy do Google Workspace z partnerem Google Cloud - FOTC","og_url":"https:\/\/fotc.com\/ro\/modificarea-pretului-google-workspace\/","og_site_name":"FOTC","article_modified_time":"2023-03-02T13:28:12+00:00","og_image":[{"width":1200,"height":628,"url":"https:\/\/fotc.com\/app\/uploads\/2022\/01\/GW_mini_1200x628.png","type":"image\/png"}],"twitter_card":"summary_large_image","twitter_title":"Przejd\u017a z G Suite Legacy do Google Workspace na lepszych warunkach","twitter_description":"Otrzymaj najlepsze warunki przej\u015bcia z G Suite Legacy do Google Workspace z partnerem Google Cloud - FOTC","schema":{"@context":"https:\/\/schema.org","@graph":[{"@type":"WebPage","@id":"https:\/\/fotc.com\/ro\/modificarea-pretului-google-workspace\/","url":"https:\/\/fotc.com\/ro\/modificarea-pretului-google-workspace\/","name":"Men\u021bine\u021bi pre\u021burile pachetelor dvs. Google Workspace sc\u0103zute","isPartOf":{"@id":"https:\/\/fotc.com\/#website"},"datePublished":"2023-03-02T13:03:51+00:00","dateModified":"2023-03-02T13:28:12+00:00","description":"Cum s\u0103 v\u0103 proteja\u021bi de cre\u0219terea pre\u021burilor Google Workspace? Speciali\u0219tii FOTC au r\u0103spunsul la aceast\u0103 \u00eentrebare. Verifica\u021bi ce trebuie s\u0103 face\u021bi pentru a optimiza costul serviciului.","breadcrumb":{"@id":"https:\/\/fotc.com\/ro\/modificarea-pretului-google-workspace\/#breadcrumb"},"inLanguage":"ro-RO","potentialAction":[{"@type":"ReadAction","target":["https:\/\/fotc.com\/ro\/modificarea-pretului-google-workspace\/"]}]},{"@type":"BreadcrumbList","@id":"https:\/\/fotc.com\/ro\/modificarea-pretului-google-workspace\/#breadcrumb","itemListElement":[{"@type":"ListItem","position":1,"name":"RO","item":"https:\/\/fotc.com\/ro\/"},{"@type":"ListItem","position":2,"name":"Modificarea pre\u021bului Google Workspace"}]},{"@type":"WebSite","@id":"https:\/\/fotc.com\/#website","url":"https:\/\/fotc.com\/","name":"FOTC","description":"Partner Google Cloud","potentialAction":[{"@type":"SearchAction","target":{"@type":"EntryPoint","urlTemplate":"https:\/\/fotc.com\/?s={search_term_string}"},"query-input":"required name=search_term_string"}],"inLanguage":"ro-RO"}]}},"_links":{"self":[{"href":"https:\/\/fotc.com\/ro\/wp-json\/wp\/v2\/pages\/106168"}],"collection":[{"href":"https:\/\/fotc.com\/ro\/wp-json\/wp\/v2\/pages"}],"about":[{"href":"https:\/\/fotc.com\/ro\/wp-json\/wp\/v2\/types\/page"}],"author":[{"embeddable":true,"href":"https:\/\/fotc.com\/ro\/wp-json\/wp\/v2\/users\/22"}],"replies":[{"embeddable":true,"href":"https:\/\/fotc.com\/ro\/wp-json\/wp\/v2\/comments?post=106168"}],"version-history":[{"count":0,"href":"https:\/\/fotc.com\/ro\/wp-json\/wp\/v2\/pages\/106168\/revisions"}],"wp:featuredmedia":[{"embeddable":true,"href":"https:\/\/fotc.com\/ro\/wp-json\/wp\/v2\/media\/59279"}],"wp:attachment":[{"href":"https:\/\/fotc.com\/ro\/wp-json\/wp\/v2\/media?parent=106168"}],"curies":[{"name":"wp","href":"https:\/\/api.w.org\/{rel}","templated":true}]}}