{"id":8908,"date":"2021-07-29T15:52:44","date_gmt":"2021-07-29T13:52:44","guid":{"rendered":"https:\/\/fotc.com\/?page_id=8908"},"modified":"2024-04-21T15:14:00","modified_gmt":"2024-04-21T13:14:00","slug":"retail","status":"publish","type":"page","link":"https:\/\/fotc.com\/pl\/retail\/","title":{"rendered":"Retail"},"content":{"rendered":"","protected":false},"excerpt":{"rendered":"","protected":false},"author":1,"featured_media":7882,"parent":0,"menu_order":0,"comment_status":"closed","ping_status":"closed","template":"views\/template-industry.blade.php","meta":{"_editorskit_title_hidden":false,"_editorskit_reading_time":1,"_editorskit_is_block_options_detached":false,"_editorskit_block_options_position":"{}","footnotes":""},"class_list":["post-8908","page","type-page","status-publish","has-post-thumbnail","hentry"],"yoast_head":"<!-- This site is optimized with the Yoast SEO Premium plugin v27.2 (Yoast SEO v27.2) - https:\/\/yoast.com\/product\/yoast-seo-premium-wordpress\/ -->\n<title>Us\u0142ugi Google Cloud przeznaczone dla bran\u017cy retail | FOTC<\/title>\n<meta name=\"description\" content=\"Wi\u0119ksza sprzeda\u017c i wzrost zadowolenia klient\u00f3w dzi\u0119ki Google Cloud. Poznaj rozwi\u0105zania chmurowe szyte na miar\u0119 firm z bran\u017cy handlu detalicznego.\" \/>\n<meta name=\"robots\" content=\"noindex, follow\" \/>\n<meta property=\"og:locale\" content=\"pl_PL\" \/>\n<meta property=\"og:type\" content=\"article\" \/>\n<meta property=\"og:title\" content=\"Google Cloud dla bran\u017cy Retail | FOTC\" \/>\n<meta property=\"og:description\" content=\"Wi\u0119ksza sprzeda\u017c i wzrost zadowolenia klient\u00f3w dzi\u0119ki Google Cloud. Poznaj rozwi\u0105zania chmurowe szyte na miar\u0119 firm z bran\u017cy handlu detalicznego.\" \/>\n<meta property=\"og:url\" content=\"https:\/\/fotc.com\/pl\/retail\/\" \/>\n<meta property=\"og:site_name\" content=\"FOTC\" \/>\n<meta property=\"article:modified_time\" content=\"2024-04-21T13:14:00+00:00\" \/>\n<meta property=\"og:image\" content=\"https:\/\/fotc.com\/app\/uploads\/2021\/07\/Main_mini_1200x628_PL.png\" \/>\n\t<meta property=\"og:image:width\" content=\"1200\" \/>\n\t<meta property=\"og:image:height\" content=\"628\" \/>\n\t<meta property=\"og:image:type\" content=\"image\/png\" \/>\n<meta name=\"twitter:card\" content=\"summary_large_image\" \/>\n<meta name=\"twitter:title\" content=\"Google Cloud dla bran\u017cy Retail | FOTC\" \/>\n<meta name=\"twitter:description\" content=\"Wi\u0119ksza sprzeda\u017c i wzrost zadowolenia klient\u00f3w dzi\u0119ki Google Cloud. Poznaj rozwi\u0105zania chmurowe szyte na miar\u0119 firm z bran\u017cy handlu detalicznego.\" \/>\n<script type=\"application\/ld+json\" class=\"yoast-schema-graph\">{\"@context\":\"https:\/\/schema.org\",\"@graph\":[{\"@type\":\"WebPage\",\"@id\":\"https:\/\/fotc.com\/pl\/retail\/\",\"url\":\"https:\/\/fotc.com\/pl\/retail\/\",\"name\":\"Us\u0142ugi Google Cloud przeznaczone dla bran\u017cy retail | FOTC\",\"isPartOf\":{\"@id\":\"https:\/\/fotc.com\/pl\/#website\"},\"primaryImageOfPage\":{\"@id\":\"https:\/\/fotc.com\/pl\/retail\/#primaryimage\"},\"image\":{\"@id\":\"https:\/\/fotc.com\/pl\/retail\/#primaryimage\"},\"thumbnailUrl\":\"https:\/\/fotc.com\/app\/uploads\/2021\/07\/Main_mini_1200x628_PL.png\",\"datePublished\":\"2021-07-29T13:52:44+00:00\",\"dateModified\":\"2024-04-21T13:14:00+00:00\",\"description\":\"Wi\u0119ksza sprzeda\u017c i wzrost zadowolenia klient\u00f3w dzi\u0119ki Google Cloud. Poznaj rozwi\u0105zania chmurowe szyte na miar\u0119 firm z bran\u017cy handlu detalicznego.\",\"breadcrumb\":{\"@id\":\"https:\/\/fotc.com\/pl\/retail\/#breadcrumb\"},\"inLanguage\":\"pl-PL\",\"potentialAction\":[{\"@type\":\"ReadAction\",\"target\":[\"https:\/\/fotc.com\/pl\/retail\/\"]}]},{\"@type\":\"ImageObject\",\"inLanguage\":\"pl-PL\",\"@id\":\"https:\/\/fotc.com\/pl\/retail\/#primaryimage\",\"url\":\"https:\/\/fotc.com\/app\/uploads\/2021\/07\/Main_mini_1200x628_PL.png\",\"contentUrl\":\"https:\/\/fotc.com\/app\/uploads\/2021\/07\/Main_mini_1200x628_PL.png\",\"width\":1200,\"height\":628},{\"@type\":\"BreadcrumbList\",\"@id\":\"https:\/\/fotc.com\/pl\/retail\/#breadcrumb\",\"itemListElement\":[{\"@type\":\"ListItem\",\"position\":1,\"name\":\"Home\",\"item\":\"https:\/\/fotc.com\/pl\/\"},{\"@type\":\"ListItem\",\"position\":2,\"name\":\"Retail\"}]},{\"@type\":\"WebSite\",\"@id\":\"https:\/\/fotc.com\/pl\/#website\",\"url\":\"https:\/\/fotc.com\/pl\/\",\"name\":\"FOTC\",\"description\":\"Partner Google Cloud\",\"potentialAction\":[{\"@type\":\"SearchAction\",\"target\":{\"@type\":\"EntryPoint\",\"urlTemplate\":\"https:\/\/fotc.com\/pl\/?s={search_term_string}\"},\"query-input\":{\"@type\":\"PropertyValueSpecification\",\"valueRequired\":true,\"valueName\":\"search_term_string\"}}],\"inLanguage\":\"pl-PL\"}]}<\/script>\n<!-- \/ Yoast SEO Premium plugin. -->","yoast_head_json":{"title":"Us\u0142ugi Google Cloud przeznaczone dla bran\u017cy retail | FOTC","description":"Wi\u0119ksza sprzeda\u017c i wzrost zadowolenia klient\u00f3w dzi\u0119ki Google Cloud. Poznaj rozwi\u0105zania chmurowe szyte na miar\u0119 firm z bran\u017cy handlu detalicznego.","robots":{"index":"noindex","follow":"follow"},"og_locale":"pl_PL","og_type":"article","og_title":"Google Cloud dla bran\u017cy Retail | FOTC","og_description":"Wi\u0119ksza sprzeda\u017c i wzrost zadowolenia klient\u00f3w dzi\u0119ki Google Cloud. Poznaj rozwi\u0105zania chmurowe szyte na miar\u0119 firm z bran\u017cy handlu detalicznego.","og_url":"https:\/\/fotc.com\/pl\/retail\/","og_site_name":"FOTC","article_modified_time":"2024-04-21T13:14:00+00:00","og_image":[{"width":1200,"height":628,"url":"https:\/\/fotc.com\/app\/uploads\/2021\/07\/Main_mini_1200x628_PL.png","type":"image\/png"}],"twitter_card":"summary_large_image","twitter_title":"Google Cloud dla bran\u017cy Retail | FOTC","twitter_description":"Wi\u0119ksza sprzeda\u017c i wzrost zadowolenia klient\u00f3w dzi\u0119ki Google Cloud. Poznaj rozwi\u0105zania chmurowe szyte na miar\u0119 firm z bran\u017cy handlu detalicznego.","schema":{"@context":"https:\/\/schema.org","@graph":[{"@type":"WebPage","@id":"https:\/\/fotc.com\/pl\/retail\/","url":"https:\/\/fotc.com\/pl\/retail\/","name":"Us\u0142ugi Google Cloud przeznaczone dla bran\u017cy retail | FOTC","isPartOf":{"@id":"https:\/\/fotc.com\/pl\/#website"},"primaryImageOfPage":{"@id":"https:\/\/fotc.com\/pl\/retail\/#primaryimage"},"image":{"@id":"https:\/\/fotc.com\/pl\/retail\/#primaryimage"},"thumbnailUrl":"https:\/\/fotc.com\/app\/uploads\/2021\/07\/Main_mini_1200x628_PL.png","datePublished":"2021-07-29T13:52:44+00:00","dateModified":"2024-04-21T13:14:00+00:00","description":"Wi\u0119ksza sprzeda\u017c i wzrost zadowolenia klient\u00f3w dzi\u0119ki Google Cloud. Poznaj rozwi\u0105zania chmurowe szyte na miar\u0119 firm z bran\u017cy handlu detalicznego.","breadcrumb":{"@id":"https:\/\/fotc.com\/pl\/retail\/#breadcrumb"},"inLanguage":"pl-PL","potentialAction":[{"@type":"ReadAction","target":["https:\/\/fotc.com\/pl\/retail\/"]}]},{"@type":"ImageObject","inLanguage":"pl-PL","@id":"https:\/\/fotc.com\/pl\/retail\/#primaryimage","url":"https:\/\/fotc.com\/app\/uploads\/2021\/07\/Main_mini_1200x628_PL.png","contentUrl":"https:\/\/fotc.com\/app\/uploads\/2021\/07\/Main_mini_1200x628_PL.png","width":1200,"height":628},{"@type":"BreadcrumbList","@id":"https:\/\/fotc.com\/pl\/retail\/#breadcrumb","itemListElement":[{"@type":"ListItem","position":1,"name":"Home","item":"https:\/\/fotc.com\/pl\/"},{"@type":"ListItem","position":2,"name":"Retail"}]},{"@type":"WebSite","@id":"https:\/\/fotc.com\/pl\/#website","url":"https:\/\/fotc.com\/pl\/","name":"FOTC","description":"Partner Google Cloud","potentialAction":[{"@type":"SearchAction","target":{"@type":"EntryPoint","urlTemplate":"https:\/\/fotc.com\/pl\/?s={search_term_string}"},"query-input":{"@type":"PropertyValueSpecification","valueRequired":true,"valueName":"search_term_string"}}],"inLanguage":"pl-PL"}]}},"_links":{"self":[{"href":"https:\/\/fotc.com\/pl\/wp-json\/wp\/v2\/pages\/8908","targetHints":{"allow":["GET"]}}],"collection":[{"href":"https:\/\/fotc.com\/pl\/wp-json\/wp\/v2\/pages"}],"about":[{"href":"https:\/\/fotc.com\/pl\/wp-json\/wp\/v2\/types\/page"}],"author":[{"embeddable":true,"href":"https:\/\/fotc.com\/pl\/wp-json\/wp\/v2\/users\/1"}],"replies":[{"embeddable":true,"href":"https:\/\/fotc.com\/pl\/wp-json\/wp\/v2\/comments?post=8908"}],"version-history":[{"count":0,"href":"https:\/\/fotc.com\/pl\/wp-json\/wp\/v2\/pages\/8908\/revisions"}],"wp:featuredmedia":[{"embeddable":true,"href":"https:\/\/fotc.com\/pl\/wp-json\/wp\/v2\/media\/7882"}],"wp:attachment":[{"href":"https:\/\/fotc.com\/pl\/wp-json\/wp\/v2\/media?parent=8908"}],"curies":[{"name":"wp","href":"https:\/\/api.w.org\/{rel}","templated":true}]}}