{"id":87011,"date":"2022-09-12T16:51:09","date_gmt":"2022-09-12T14:51:09","guid":{"rendered":"https:\/\/fotc.com\/?page_id=87011"},"modified":"2026-02-27T10:45:58","modified_gmt":"2026-02-27T09:45:58","slug":"microsite","status":"publish","type":"page","link":"https:\/\/fotc.com\/pl\/microsite\/","title":{"rendered":"Microsite"},"content":{"rendered":"","protected":false},"excerpt":{"rendered":"","protected":false},"author":22,"featured_media":87641,"parent":0,"menu_order":0,"comment_status":"closed","ping_status":"closed","template":"views\/template-microsite.blade.php","meta":{"_editorskit_title_hidden":false,"_editorskit_reading_time":1,"_editorskit_is_block_options_detached":false,"_editorskit_block_options_position":"{}","footnotes":""},"class_list":["post-87011","page","type-page","status-publish","has-post-thumbnail","hentry"],"yoast_head":"<!-- This site is optimized with the Yoast SEO Premium plugin v27.2 (Yoast SEO v27.2) - https:\/\/yoast.com\/product\/yoast-seo-premium-wordpress\/ -->\n<title>Google Workspace \u2013 narz\u0119dzia do tworzenia, wsp\u00f3\u0142pracy i komunikacji<\/title>\n<meta name=\"description\" content=\"Poznaj zalety Google Workspace \u2013 pakietu narz\u0119dzi do tworzenia, wsp\u00f3\u0142pracy i komunikacji, dzi\u0119ki kt\u00f3remu zespo\u0142y r\u00f3\u017cnej wielko\u015bci mog\u0105 osi\u0105ga\u0107 wi\u0119cej.\" \/>\n<meta name=\"robots\" content=\"noindex, nofollow\" \/>\n<meta property=\"og:locale\" content=\"pl_PL\" \/>\n<meta property=\"og:type\" content=\"article\" \/>\n<meta property=\"og:title\" content=\"Google Workspace \u2013 narz\u0119dzia do tworzenia, wsp\u00f3\u0142pracy i komunikacji\" \/>\n<meta property=\"og:description\" content=\"Poznaj zalety Google Workspace \u2013 pakietu narz\u0119dzi do tworzenia, wsp\u00f3\u0142pracy i komunikacji, dzi\u0119ki kt\u00f3remu zespo\u0142y r\u00f3\u017cnej wielko\u015bci mog\u0105 osi\u0105ga\u0107 wi\u0119cej.\" \/>\n<meta property=\"og:url\" content=\"https:\/\/fotc.com\/pl\/microsite\/\" \/>\n<meta property=\"og:site_name\" content=\"FOTC\" \/>\n<meta property=\"article:modified_time\" content=\"2026-02-27T09:45:58+00:00\" \/>\n<meta property=\"og:image\" content=\"https:\/\/fotc.com\/app\/uploads\/2022\/09\/Miniatura-pod-SM.png\" \/>\n\t<meta property=\"og:image:width\" content=\"1280\" \/>\n\t<meta property=\"og:image:height\" content=\"720\" \/>\n\t<meta property=\"og:image:type\" content=\"image\/png\" \/>\n<meta name=\"twitter:card\" content=\"summary_large_image\" \/>\n<meta name=\"twitter:title\" content=\"Google Workspace \u2013 narz\u0119dzia do tworzenia, wsp\u00f3\u0142pracy i komunikacji\" \/>\n<meta name=\"twitter:description\" content=\"Poznaj zalety Google Workspace \u2013 pakietu narz\u0119dzi do tworzenia, wsp\u00f3\u0142pracy i komunikacji, dzi\u0119ki kt\u00f3remu zespo\u0142y r\u00f3\u017cnej wielko\u015bci mog\u0105 osi\u0105ga\u0107 wi\u0119cej.\" \/>\n<script type=\"application\/ld+json\" class=\"yoast-schema-graph\">{\"@context\":\"https:\/\/schema.org\",\"@graph\":[{\"@type\":\"WebPage\",\"@id\":\"https:\/\/fotc.com\/pl\/microsite\/\",\"url\":\"https:\/\/fotc.com\/pl\/microsite\/\",\"name\":\"Google Workspace \u2013 narz\u0119dzia do tworzenia, wsp\u00f3\u0142pracy i komunikacji\",\"isPartOf\":{\"@id\":\"https:\/\/fotc.com\/pl\/#website\"},\"primaryImageOfPage\":{\"@id\":\"https:\/\/fotc.com\/pl\/microsite\/#primaryimage\"},\"image\":{\"@id\":\"https:\/\/fotc.com\/pl\/microsite\/#primaryimage\"},\"thumbnailUrl\":\"https:\/\/fotc.com\/app\/uploads\/2022\/09\/Miniatura-pod-SM.png\",\"datePublished\":\"2022-09-12T14:51:09+00:00\",\"dateModified\":\"2026-02-27T09:45:58+00:00\",\"description\":\"Poznaj zalety Google Workspace \u2013 pakietu narz\u0119dzi do tworzenia, wsp\u00f3\u0142pracy i komunikacji, dzi\u0119ki kt\u00f3remu zespo\u0142y r\u00f3\u017cnej wielko\u015bci mog\u0105 osi\u0105ga\u0107 wi\u0119cej.\",\"breadcrumb\":{\"@id\":\"https:\/\/fotc.com\/pl\/microsite\/#breadcrumb\"},\"inLanguage\":\"pl-PL\",\"potentialAction\":[{\"@type\":\"ReadAction\",\"target\":[\"https:\/\/fotc.com\/pl\/microsite\/\"]}]},{\"@type\":\"ImageObject\",\"inLanguage\":\"pl-PL\",\"@id\":\"https:\/\/fotc.com\/pl\/microsite\/#primaryimage\",\"url\":\"https:\/\/fotc.com\/app\/uploads\/2022\/09\/Miniatura-pod-SM.png\",\"contentUrl\":\"https:\/\/fotc.com\/app\/uploads\/2022\/09\/Miniatura-pod-SM.png\",\"width\":1280,\"height\":720},{\"@type\":\"BreadcrumbList\",\"@id\":\"https:\/\/fotc.com\/pl\/microsite\/#breadcrumb\",\"itemListElement\":[{\"@type\":\"ListItem\",\"position\":1,\"name\":\"Home\",\"item\":\"https:\/\/fotc.com\/pl\/\"},{\"@type\":\"ListItem\",\"position\":2,\"name\":\"Microsite\"}]},{\"@type\":\"WebSite\",\"@id\":\"https:\/\/fotc.com\/pl\/#website\",\"url\":\"https:\/\/fotc.com\/pl\/\",\"name\":\"FOTC\",\"description\":\"Partner Google Cloud\",\"potentialAction\":[{\"@type\":\"SearchAction\",\"target\":{\"@type\":\"EntryPoint\",\"urlTemplate\":\"https:\/\/fotc.com\/pl\/?s={search_term_string}\"},\"query-input\":{\"@type\":\"PropertyValueSpecification\",\"valueRequired\":true,\"valueName\":\"search_term_string\"}}],\"inLanguage\":\"pl-PL\"}]}<\/script>\n<!-- \/ Yoast SEO Premium plugin. -->","yoast_head_json":{"title":"Google Workspace \u2013 narz\u0119dzia do tworzenia, wsp\u00f3\u0142pracy i komunikacji","description":"Poznaj zalety Google Workspace \u2013 pakietu narz\u0119dzi do tworzenia, wsp\u00f3\u0142pracy i komunikacji, dzi\u0119ki kt\u00f3remu zespo\u0142y r\u00f3\u017cnej wielko\u015bci mog\u0105 osi\u0105ga\u0107 wi\u0119cej.","robots":{"index":"noindex","follow":"nofollow"},"og_locale":"pl_PL","og_type":"article","og_title":"Google Workspace \u2013 narz\u0119dzia do tworzenia, wsp\u00f3\u0142pracy i komunikacji","og_description":"Poznaj zalety Google Workspace \u2013 pakietu narz\u0119dzi do tworzenia, wsp\u00f3\u0142pracy i komunikacji, dzi\u0119ki kt\u00f3remu zespo\u0142y r\u00f3\u017cnej wielko\u015bci mog\u0105 osi\u0105ga\u0107 wi\u0119cej.","og_url":"https:\/\/fotc.com\/pl\/microsite\/","og_site_name":"FOTC","article_modified_time":"2026-02-27T09:45:58+00:00","og_image":[{"width":1280,"height":720,"url":"https:\/\/fotc.com\/app\/uploads\/2022\/09\/Miniatura-pod-SM.png","type":"image\/png"}],"twitter_card":"summary_large_image","twitter_title":"Google Workspace \u2013 narz\u0119dzia do tworzenia, wsp\u00f3\u0142pracy i komunikacji","twitter_description":"Poznaj zalety Google Workspace \u2013 pakietu narz\u0119dzi do tworzenia, wsp\u00f3\u0142pracy i komunikacji, dzi\u0119ki kt\u00f3remu zespo\u0142y r\u00f3\u017cnej wielko\u015bci mog\u0105 osi\u0105ga\u0107 wi\u0119cej.","schema":{"@context":"https:\/\/schema.org","@graph":[{"@type":"WebPage","@id":"https:\/\/fotc.com\/pl\/microsite\/","url":"https:\/\/fotc.com\/pl\/microsite\/","name":"Google Workspace \u2013 narz\u0119dzia do tworzenia, wsp\u00f3\u0142pracy i komunikacji","isPartOf":{"@id":"https:\/\/fotc.com\/pl\/#website"},"primaryImageOfPage":{"@id":"https:\/\/fotc.com\/pl\/microsite\/#primaryimage"},"image":{"@id":"https:\/\/fotc.com\/pl\/microsite\/#primaryimage"},"thumbnailUrl":"https:\/\/fotc.com\/app\/uploads\/2022\/09\/Miniatura-pod-SM.png","datePublished":"2022-09-12T14:51:09+00:00","dateModified":"2026-02-27T09:45:58+00:00","description":"Poznaj zalety Google Workspace \u2013 pakietu narz\u0119dzi do tworzenia, wsp\u00f3\u0142pracy i komunikacji, dzi\u0119ki kt\u00f3remu zespo\u0142y r\u00f3\u017cnej wielko\u015bci mog\u0105 osi\u0105ga\u0107 wi\u0119cej.","breadcrumb":{"@id":"https:\/\/fotc.com\/pl\/microsite\/#breadcrumb"},"inLanguage":"pl-PL","potentialAction":[{"@type":"ReadAction","target":["https:\/\/fotc.com\/pl\/microsite\/"]}]},{"@type":"ImageObject","inLanguage":"pl-PL","@id":"https:\/\/fotc.com\/pl\/microsite\/#primaryimage","url":"https:\/\/fotc.com\/app\/uploads\/2022\/09\/Miniatura-pod-SM.png","contentUrl":"https:\/\/fotc.com\/app\/uploads\/2022\/09\/Miniatura-pod-SM.png","width":1280,"height":720},{"@type":"BreadcrumbList","@id":"https:\/\/fotc.com\/pl\/microsite\/#breadcrumb","itemListElement":[{"@type":"ListItem","position":1,"name":"Home","item":"https:\/\/fotc.com\/pl\/"},{"@type":"ListItem","position":2,"name":"Microsite"}]},{"@type":"WebSite","@id":"https:\/\/fotc.com\/pl\/#website","url":"https:\/\/fotc.com\/pl\/","name":"FOTC","description":"Partner Google Cloud","potentialAction":[{"@type":"SearchAction","target":{"@type":"EntryPoint","urlTemplate":"https:\/\/fotc.com\/pl\/?s={search_term_string}"},"query-input":{"@type":"PropertyValueSpecification","valueRequired":true,"valueName":"search_term_string"}}],"inLanguage":"pl-PL"}]}},"_links":{"self":[{"href":"https:\/\/fotc.com\/pl\/wp-json\/wp\/v2\/pages\/87011","targetHints":{"allow":["GET"]}}],"collection":[{"href":"https:\/\/fotc.com\/pl\/wp-json\/wp\/v2\/pages"}],"about":[{"href":"https:\/\/fotc.com\/pl\/wp-json\/wp\/v2\/types\/page"}],"author":[{"embeddable":true,"href":"https:\/\/fotc.com\/pl\/wp-json\/wp\/v2\/users\/22"}],"replies":[{"embeddable":true,"href":"https:\/\/fotc.com\/pl\/wp-json\/wp\/v2\/comments?post=87011"}],"version-history":[{"count":0,"href":"https:\/\/fotc.com\/pl\/wp-json\/wp\/v2\/pages\/87011\/revisions"}],"wp:featuredmedia":[{"embeddable":true,"href":"https:\/\/fotc.com\/pl\/wp-json\/wp\/v2\/media\/87641"}],"wp:attachment":[{"href":"https:\/\/fotc.com\/pl\/wp-json\/wp\/v2\/media?parent=87011"}],"curies":[{"name":"wp","href":"https:\/\/api.w.org\/{rel}","templated":true}]}}