{"id":86548,"date":"2022-09-06T11:16:34","date_gmt":"2022-09-06T09:16:34","guid":{"rendered":"https:\/\/fotc.com\/?page_id=86548"},"modified":"2023-09-20T09:50:14","modified_gmt":"2023-09-20T07:50:14","slug":"do-100-000-usd-na-gcp","status":"publish","type":"page","link":"https:\/\/fotc.com\/pl\/programy-finansowania\/do-100-000-usd-na-gcp\/","title":{"rendered":"Do 100 000 USD na GCP"},"content":{"rendered":"","protected":false},"excerpt":{"rendered":"","protected":false},"author":22,"featured_media":124987,"parent":86540,"menu_order":0,"comment_status":"closed","ping_status":"closed","template":"views\/template-voucher.blade.php","meta":{"_editorskit_title_hidden":false,"_editorskit_reading_time":1,"_editorskit_is_block_options_detached":false,"_editorskit_block_options_position":"{}","footnotes":""},"class_list":["post-86548","page","type-page","status-publish","has-post-thumbnail","hentry"],"yoast_head":"<!-- This site is optimized with the Yoast SEO Premium plugin v27.2 (Yoast SEO v27.2) - https:\/\/yoast.com\/product\/yoast-seo-premium-wordpress\/ -->\n<title>Program finansowania FOTC dla firm \u2013 do 100 000 USD na Google Cloud<\/title>\n<meta name=\"description\" content=\"Rozwijaj startup przy wsparciu FOTC, do\u015bwiadczonego partnera Google Cloud. Zg\u0142o\u015b si\u0119 do programu i otrzymaj do 100 000 USD na rozbudow\u0119 produktu na Google Cloud.\" \/>\n<meta name=\"robots\" content=\"index, follow, max-snippet:-1, max-image-preview:large, max-video-preview:-1\" \/>\n<link rel=\"canonical\" href=\"https:\/\/fotc.com\/pl\/programy-finansowania\/do-100-000-usd-na-gcp\/\" \/>\n<meta property=\"og:locale\" content=\"pl_PL\" \/>\n<meta property=\"og:type\" content=\"article\" \/>\n<meta property=\"og:title\" content=\"Programy FOTC dla startup\u00f3w \u2013 do 100 000 USD na Google Cloud\" \/>\n<meta property=\"og:description\" content=\"Rozwijaj startup przy wsparciu FOTC, do\u015bwiadczonego partnera Google Cloud. Zg\u0142o\u015b si\u0119 do programu i otrzymaj do 100 000 USD na rozbudow\u0119 produktu na Google Cloud.\" \/>\n<meta property=\"og:url\" content=\"https:\/\/fotc.com\/pl\/programy-finansowania\/do-100-000-usd-na-gcp\/\" \/>\n<meta property=\"og:site_name\" content=\"FOTC\" \/>\n<meta property=\"article:modified_time\" content=\"2023-09-20T07:50:14+00:00\" \/>\n<meta property=\"og:image\" content=\"https:\/\/fotc.com\/app\/uploads\/2023\/09\/PL_finansowanie-dla-firm_thumbnail_1200x628.png\" \/>\n\t<meta property=\"og:image:width\" content=\"1200\" \/>\n\t<meta property=\"og:image:height\" content=\"628\" \/>\n\t<meta property=\"og:image:type\" content=\"image\/png\" \/>\n<meta name=\"twitter:card\" content=\"summary_large_image\" \/>\n<meta name=\"twitter:title\" content=\"Programy FOTC dla startup\u00f3w \u2013 do 100 000 USD na Google Cloud\" \/>\n<meta name=\"twitter:description\" content=\"Rozwijaj startup przy wsparciu FOTC, do\u015bwiadczonego partnera Google Cloud. Zg\u0142o\u015b si\u0119 do programu i otrzymaj do 100 000 USD na rozbudow\u0119 produktu na Google Cloud.\" \/>\n<script type=\"application\/ld+json\" class=\"yoast-schema-graph\">{\"@context\":\"https:\/\/schema.org\",\"@graph\":[{\"@type\":\"WebPage\",\"@id\":\"https:\/\/fotc.com\/pl\/programy-finansowania\/do-100-000-usd-na-gcp\/\",\"url\":\"https:\/\/fotc.com\/pl\/programy-finansowania\/do-100-000-usd-na-gcp\/\",\"name\":\"Program finansowania FOTC dla firm \u2013 do 100 000 USD na Google Cloud\",\"isPartOf\":{\"@id\":\"https:\/\/fotc.com\/pl\/#website\"},\"primaryImageOfPage\":{\"@id\":\"https:\/\/fotc.com\/pl\/programy-finansowania\/do-100-000-usd-na-gcp\/#primaryimage\"},\"image\":{\"@id\":\"https:\/\/fotc.com\/pl\/programy-finansowania\/do-100-000-usd-na-gcp\/#primaryimage\"},\"thumbnailUrl\":\"https:\/\/fotc.com\/app\/uploads\/2023\/09\/PL_finansowanie-dla-firm_thumbnail_1200x628.png\",\"datePublished\":\"2022-09-06T09:16:34+00:00\",\"dateModified\":\"2023-09-20T07:50:14+00:00\",\"description\":\"Rozwijaj startup przy wsparciu FOTC, do\u015bwiadczonego partnera Google Cloud. Zg\u0142o\u015b si\u0119 do programu i otrzymaj do 100 000 USD na rozbudow\u0119 produktu na Google Cloud.\",\"breadcrumb\":{\"@id\":\"https:\/\/fotc.com\/pl\/programy-finansowania\/do-100-000-usd-na-gcp\/#breadcrumb\"},\"inLanguage\":\"pl-PL\",\"potentialAction\":[{\"@type\":\"ReadAction\",\"target\":[\"https:\/\/fotc.com\/pl\/programy-finansowania\/do-100-000-usd-na-gcp\/\"]}]},{\"@type\":\"ImageObject\",\"inLanguage\":\"pl-PL\",\"@id\":\"https:\/\/fotc.com\/pl\/programy-finansowania\/do-100-000-usd-na-gcp\/#primaryimage\",\"url\":\"https:\/\/fotc.com\/app\/uploads\/2023\/09\/PL_finansowanie-dla-firm_thumbnail_1200x628.png\",\"contentUrl\":\"https:\/\/fotc.com\/app\/uploads\/2023\/09\/PL_finansowanie-dla-firm_thumbnail_1200x628.png\",\"width\":1200,\"height\":628},{\"@type\":\"BreadcrumbList\",\"@id\":\"https:\/\/fotc.com\/pl\/programy-finansowania\/do-100-000-usd-na-gcp\/#breadcrumb\",\"itemListElement\":[{\"@type\":\"ListItem\",\"position\":1,\"name\":\"Home\",\"item\":\"https:\/\/fotc.com\/pl\/\"},{\"@type\":\"ListItem\",\"position\":2,\"name\":\"Startup\",\"item\":\"https:\/\/fotc.com\/pl\/programmes-for-startups\/\"},{\"@type\":\"ListItem\",\"position\":3,\"name\":\"Do 100 000 USD na GCP\"}]},{\"@type\":\"WebSite\",\"@id\":\"https:\/\/fotc.com\/pl\/#website\",\"url\":\"https:\/\/fotc.com\/pl\/\",\"name\":\"FOTC\",\"description\":\"Partner Google Cloud\",\"potentialAction\":[{\"@type\":\"SearchAction\",\"target\":{\"@type\":\"EntryPoint\",\"urlTemplate\":\"https:\/\/fotc.com\/pl\/?s={search_term_string}\"},\"query-input\":{\"@type\":\"PropertyValueSpecification\",\"valueRequired\":true,\"valueName\":\"search_term_string\"}}],\"inLanguage\":\"pl-PL\"}]}<\/script>\n<!-- \/ Yoast SEO Premium plugin. -->","yoast_head_json":{"title":"Program finansowania FOTC dla firm \u2013 do 100 000 USD na Google Cloud","description":"Rozwijaj startup przy wsparciu FOTC, do\u015bwiadczonego partnera Google Cloud. Zg\u0142o\u015b si\u0119 do programu i otrzymaj do 100 000 USD na rozbudow\u0119 produktu na Google Cloud.","robots":{"index":"index","follow":"follow","max-snippet":"max-snippet:-1","max-image-preview":"max-image-preview:large","max-video-preview":"max-video-preview:-1"},"canonical":"https:\/\/fotc.com\/pl\/programy-finansowania\/do-100-000-usd-na-gcp\/","og_locale":"pl_PL","og_type":"article","og_title":"Programy FOTC dla startup\u00f3w \u2013 do 100 000 USD na Google Cloud","og_description":"Rozwijaj startup przy wsparciu FOTC, do\u015bwiadczonego partnera Google Cloud. Zg\u0142o\u015b si\u0119 do programu i otrzymaj do 100 000 USD na rozbudow\u0119 produktu na Google Cloud.","og_url":"https:\/\/fotc.com\/pl\/programy-finansowania\/do-100-000-usd-na-gcp\/","og_site_name":"FOTC","article_modified_time":"2023-09-20T07:50:14+00:00","og_image":[{"width":1200,"height":628,"url":"https:\/\/fotc.com\/app\/uploads\/2023\/09\/PL_finansowanie-dla-firm_thumbnail_1200x628.png","type":"image\/png"}],"twitter_card":"summary_large_image","twitter_title":"Programy FOTC dla startup\u00f3w \u2013 do 100 000 USD na Google Cloud","twitter_description":"Rozwijaj startup przy wsparciu FOTC, do\u015bwiadczonego partnera Google Cloud. Zg\u0142o\u015b si\u0119 do programu i otrzymaj do 100 000 USD na rozbudow\u0119 produktu na Google Cloud.","schema":{"@context":"https:\/\/schema.org","@graph":[{"@type":"WebPage","@id":"https:\/\/fotc.com\/pl\/programy-finansowania\/do-100-000-usd-na-gcp\/","url":"https:\/\/fotc.com\/pl\/programy-finansowania\/do-100-000-usd-na-gcp\/","name":"Program finansowania FOTC dla firm \u2013 do 100 000 USD na Google Cloud","isPartOf":{"@id":"https:\/\/fotc.com\/pl\/#website"},"primaryImageOfPage":{"@id":"https:\/\/fotc.com\/pl\/programy-finansowania\/do-100-000-usd-na-gcp\/#primaryimage"},"image":{"@id":"https:\/\/fotc.com\/pl\/programy-finansowania\/do-100-000-usd-na-gcp\/#primaryimage"},"thumbnailUrl":"https:\/\/fotc.com\/app\/uploads\/2023\/09\/PL_finansowanie-dla-firm_thumbnail_1200x628.png","datePublished":"2022-09-06T09:16:34+00:00","dateModified":"2023-09-20T07:50:14+00:00","description":"Rozwijaj startup przy wsparciu FOTC, do\u015bwiadczonego partnera Google Cloud. Zg\u0142o\u015b si\u0119 do programu i otrzymaj do 100 000 USD na rozbudow\u0119 produktu na Google Cloud.","breadcrumb":{"@id":"https:\/\/fotc.com\/pl\/programy-finansowania\/do-100-000-usd-na-gcp\/#breadcrumb"},"inLanguage":"pl-PL","potentialAction":[{"@type":"ReadAction","target":["https:\/\/fotc.com\/pl\/programy-finansowania\/do-100-000-usd-na-gcp\/"]}]},{"@type":"ImageObject","inLanguage":"pl-PL","@id":"https:\/\/fotc.com\/pl\/programy-finansowania\/do-100-000-usd-na-gcp\/#primaryimage","url":"https:\/\/fotc.com\/app\/uploads\/2023\/09\/PL_finansowanie-dla-firm_thumbnail_1200x628.png","contentUrl":"https:\/\/fotc.com\/app\/uploads\/2023\/09\/PL_finansowanie-dla-firm_thumbnail_1200x628.png","width":1200,"height":628},{"@type":"BreadcrumbList","@id":"https:\/\/fotc.com\/pl\/programy-finansowania\/do-100-000-usd-na-gcp\/#breadcrumb","itemListElement":[{"@type":"ListItem","position":1,"name":"Home","item":"https:\/\/fotc.com\/pl\/"},{"@type":"ListItem","position":2,"name":"Startup","item":"https:\/\/fotc.com\/pl\/programmes-for-startups\/"},{"@type":"ListItem","position":3,"name":"Do 100 000 USD na GCP"}]},{"@type":"WebSite","@id":"https:\/\/fotc.com\/pl\/#website","url":"https:\/\/fotc.com\/pl\/","name":"FOTC","description":"Partner Google Cloud","potentialAction":[{"@type":"SearchAction","target":{"@type":"EntryPoint","urlTemplate":"https:\/\/fotc.com\/pl\/?s={search_term_string}"},"query-input":{"@type":"PropertyValueSpecification","valueRequired":true,"valueName":"search_term_string"}}],"inLanguage":"pl-PL"}]}},"_links":{"self":[{"href":"https:\/\/fotc.com\/pl\/wp-json\/wp\/v2\/pages\/86548","targetHints":{"allow":["GET"]}}],"collection":[{"href":"https:\/\/fotc.com\/pl\/wp-json\/wp\/v2\/pages"}],"about":[{"href":"https:\/\/fotc.com\/pl\/wp-json\/wp\/v2\/types\/page"}],"author":[{"embeddable":true,"href":"https:\/\/fotc.com\/pl\/wp-json\/wp\/v2\/users\/22"}],"replies":[{"embeddable":true,"href":"https:\/\/fotc.com\/pl\/wp-json\/wp\/v2\/comments?post=86548"}],"version-history":[{"count":0,"href":"https:\/\/fotc.com\/pl\/wp-json\/wp\/v2\/pages\/86548\/revisions"}],"up":[{"embeddable":true,"href":"https:\/\/fotc.com\/pl\/wp-json\/wp\/v2\/pages\/86540"}],"wp:featuredmedia":[{"embeddable":true,"href":"https:\/\/fotc.com\/pl\/wp-json\/wp\/v2\/media\/124987"}],"wp:attachment":[{"href":"https:\/\/fotc.com\/pl\/wp-json\/wp\/v2\/media?parent=86548"}],"curies":[{"name":"wp","href":"https:\/\/api.w.org\/{rel}","templated":true}]}}