{"id":86540,"date":"2022-09-06T10:00:02","date_gmt":"2022-09-06T08:00:02","guid":{"rendered":"https:\/\/fotc.com\/?page_id=86540"},"modified":"2025-04-01T12:02:20","modified_gmt":"2025-04-01T10:02:20","slug":"programy-finansowania","status":"publish","type":"page","link":"https:\/\/fotc.com\/pl\/programy-finansowania\/","title":{"rendered":"Startup"},"content":{"rendered":"","protected":false},"excerpt":{"rendered":"","protected":false},"author":22,"featured_media":152504,"parent":0,"menu_order":0,"comment_status":"closed","ping_status":"closed","template":"views\/template-startup.blade.php","meta":{"_editorskit_title_hidden":false,"_editorskit_reading_time":1,"_editorskit_is_block_options_detached":false,"_editorskit_block_options_position":"{}","footnotes":""},"class_list":["post-86540","page","type-page","status-publish","has-post-thumbnail","hentry"],"yoast_head":"<!-- This site is optimized with the Yoast SEO Premium plugin v27.2 (Yoast SEO v27.2) - https:\/\/yoast.com\/product\/yoast-seo-premium-wordpress\/ -->\n<title>Programy FOTC dla startup\u00f3w. Rozwijaj firm\u0119 w chmurze Google<\/title>\n<meta name=\"description\" content=\"Rozwijaj startup przy wsparciu FOTC, do\u015bwiadczonego partnera Google Cloud. Zg\u0142o\u015b si\u0119 do programu i bezp\u0142atne kredyty oraz profesjonalne wsparcie.\" \/>\n<meta name=\"robots\" content=\"noindex, nofollow\" \/>\n<meta property=\"og:locale\" content=\"pl_PL\" \/>\n<meta property=\"og:type\" content=\"article\" \/>\n<meta property=\"og:title\" content=\"Programy FOTC dla startup\u00f3w. Rozwijaj firm\u0119 w chmurze Google\" \/>\n<meta property=\"og:description\" content=\"Rozwijaj startup przy wsparciu FOTC, do\u015bwiadczonego partnera Google Cloud. Zg\u0142o\u015b si\u0119 do programu i bezp\u0142atne kredyty oraz profesjonalne wsparcie.\" \/>\n<meta property=\"og:url\" content=\"https:\/\/fotc.com\/pl\/programy-finansowania\/\" \/>\n<meta property=\"og:site_name\" content=\"FOTC\" \/>\n<meta property=\"article:modified_time\" content=\"2025-04-01T10:02:20+00:00\" \/>\n<meta property=\"og:image\" content=\"https:\/\/fotc.com\/app\/uploads\/2025\/04\/Frame-1079.jpg\" \/>\n\t<meta property=\"og:image:width\" content=\"1280\" \/>\n\t<meta property=\"og:image:height\" content=\"721\" \/>\n\t<meta property=\"og:image:type\" content=\"image\/jpeg\" \/>\n<meta name=\"twitter:card\" content=\"summary_large_image\" \/>\n<meta name=\"twitter:title\" content=\"Programy FOTC dla startup\u00f3w. Rozwijaj firm\u0119 w chmurze Google\" \/>\n<meta name=\"twitter:description\" content=\"Rozwijaj startup przy wsparciu FOTC, do\u015bwiadczonego partnera Google Cloud. Zg\u0142o\u015b si\u0119 do programu i bezp\u0142atne kredyty oraz profesjonalne wsparcie.\" \/>\n<script type=\"application\/ld+json\" class=\"yoast-schema-graph\">{\"@context\":\"https:\/\/schema.org\",\"@graph\":[{\"@type\":\"WebPage\",\"@id\":\"https:\/\/fotc.com\/pl\/programy-finansowania\/\",\"url\":\"https:\/\/fotc.com\/pl\/programy-finansowania\/\",\"name\":\"Programy FOTC dla startup\u00f3w. Rozwijaj firm\u0119 w chmurze Google\",\"isPartOf\":{\"@id\":\"https:\/\/fotc.com\/pl\/#website\"},\"primaryImageOfPage\":{\"@id\":\"https:\/\/fotc.com\/pl\/programy-finansowania\/#primaryimage\"},\"image\":{\"@id\":\"https:\/\/fotc.com\/pl\/programy-finansowania\/#primaryimage\"},\"thumbnailUrl\":\"https:\/\/fotc.com\/app\/uploads\/2025\/04\/Frame-1079.jpg\",\"datePublished\":\"2022-09-06T08:00:02+00:00\",\"dateModified\":\"2025-04-01T10:02:20+00:00\",\"description\":\"Rozwijaj startup przy wsparciu FOTC, do\u015bwiadczonego partnera Google Cloud. Zg\u0142o\u015b si\u0119 do programu i bezp\u0142atne kredyty oraz profesjonalne wsparcie.\",\"breadcrumb\":{\"@id\":\"https:\/\/fotc.com\/pl\/programy-finansowania\/#breadcrumb\"},\"inLanguage\":\"pl-PL\",\"potentialAction\":[{\"@type\":\"ReadAction\",\"target\":[\"https:\/\/fotc.com\/pl\/programy-finansowania\/\"]}]},{\"@type\":\"ImageObject\",\"inLanguage\":\"pl-PL\",\"@id\":\"https:\/\/fotc.com\/pl\/programy-finansowania\/#primaryimage\",\"url\":\"https:\/\/fotc.com\/app\/uploads\/2025\/04\/Frame-1079.jpg\",\"contentUrl\":\"https:\/\/fotc.com\/app\/uploads\/2025\/04\/Frame-1079.jpg\",\"width\":1280,\"height\":721},{\"@type\":\"BreadcrumbList\",\"@id\":\"https:\/\/fotc.com\/pl\/programy-finansowania\/#breadcrumb\",\"itemListElement\":[{\"@type\":\"ListItem\",\"position\":1,\"name\":\"Home\",\"item\":\"https:\/\/fotc.com\/pl\/\"},{\"@type\":\"ListItem\",\"position\":2,\"name\":\"Startup\"}]},{\"@type\":\"WebSite\",\"@id\":\"https:\/\/fotc.com\/pl\/#website\",\"url\":\"https:\/\/fotc.com\/pl\/\",\"name\":\"FOTC\",\"description\":\"Partner Google Cloud\",\"potentialAction\":[{\"@type\":\"SearchAction\",\"target\":{\"@type\":\"EntryPoint\",\"urlTemplate\":\"https:\/\/fotc.com\/pl\/?s={search_term_string}\"},\"query-input\":{\"@type\":\"PropertyValueSpecification\",\"valueRequired\":true,\"valueName\":\"search_term_string\"}}],\"inLanguage\":\"pl-PL\"}]}<\/script>\n<!-- \/ Yoast SEO Premium plugin. -->","yoast_head_json":{"title":"Programy FOTC dla startup\u00f3w. Rozwijaj firm\u0119 w chmurze Google","description":"Rozwijaj startup przy wsparciu FOTC, do\u015bwiadczonego partnera Google Cloud. Zg\u0142o\u015b si\u0119 do programu i bezp\u0142atne kredyty oraz profesjonalne wsparcie.","robots":{"index":"noindex","follow":"nofollow"},"og_locale":"pl_PL","og_type":"article","og_title":"Programy FOTC dla startup\u00f3w. Rozwijaj firm\u0119 w chmurze Google","og_description":"Rozwijaj startup przy wsparciu FOTC, do\u015bwiadczonego partnera Google Cloud. Zg\u0142o\u015b si\u0119 do programu i bezp\u0142atne kredyty oraz profesjonalne wsparcie.","og_url":"https:\/\/fotc.com\/pl\/programy-finansowania\/","og_site_name":"FOTC","article_modified_time":"2025-04-01T10:02:20+00:00","og_image":[{"width":1280,"height":721,"url":"https:\/\/fotc.com\/app\/uploads\/2025\/04\/Frame-1079.jpg","type":"image\/jpeg"}],"twitter_card":"summary_large_image","twitter_title":"Programy FOTC dla startup\u00f3w. Rozwijaj firm\u0119 w chmurze Google","twitter_description":"Rozwijaj startup przy wsparciu FOTC, do\u015bwiadczonego partnera Google Cloud. Zg\u0142o\u015b si\u0119 do programu i bezp\u0142atne kredyty oraz profesjonalne wsparcie.","schema":{"@context":"https:\/\/schema.org","@graph":[{"@type":"WebPage","@id":"https:\/\/fotc.com\/pl\/programy-finansowania\/","url":"https:\/\/fotc.com\/pl\/programy-finansowania\/","name":"Programy FOTC dla startup\u00f3w. Rozwijaj firm\u0119 w chmurze Google","isPartOf":{"@id":"https:\/\/fotc.com\/pl\/#website"},"primaryImageOfPage":{"@id":"https:\/\/fotc.com\/pl\/programy-finansowania\/#primaryimage"},"image":{"@id":"https:\/\/fotc.com\/pl\/programy-finansowania\/#primaryimage"},"thumbnailUrl":"https:\/\/fotc.com\/app\/uploads\/2025\/04\/Frame-1079.jpg","datePublished":"2022-09-06T08:00:02+00:00","dateModified":"2025-04-01T10:02:20+00:00","description":"Rozwijaj startup przy wsparciu FOTC, do\u015bwiadczonego partnera Google Cloud. Zg\u0142o\u015b si\u0119 do programu i bezp\u0142atne kredyty oraz profesjonalne wsparcie.","breadcrumb":{"@id":"https:\/\/fotc.com\/pl\/programy-finansowania\/#breadcrumb"},"inLanguage":"pl-PL","potentialAction":[{"@type":"ReadAction","target":["https:\/\/fotc.com\/pl\/programy-finansowania\/"]}]},{"@type":"ImageObject","inLanguage":"pl-PL","@id":"https:\/\/fotc.com\/pl\/programy-finansowania\/#primaryimage","url":"https:\/\/fotc.com\/app\/uploads\/2025\/04\/Frame-1079.jpg","contentUrl":"https:\/\/fotc.com\/app\/uploads\/2025\/04\/Frame-1079.jpg","width":1280,"height":721},{"@type":"BreadcrumbList","@id":"https:\/\/fotc.com\/pl\/programy-finansowania\/#breadcrumb","itemListElement":[{"@type":"ListItem","position":1,"name":"Home","item":"https:\/\/fotc.com\/pl\/"},{"@type":"ListItem","position":2,"name":"Startup"}]},{"@type":"WebSite","@id":"https:\/\/fotc.com\/pl\/#website","url":"https:\/\/fotc.com\/pl\/","name":"FOTC","description":"Partner Google Cloud","potentialAction":[{"@type":"SearchAction","target":{"@type":"EntryPoint","urlTemplate":"https:\/\/fotc.com\/pl\/?s={search_term_string}"},"query-input":{"@type":"PropertyValueSpecification","valueRequired":true,"valueName":"search_term_string"}}],"inLanguage":"pl-PL"}]}},"_links":{"self":[{"href":"https:\/\/fotc.com\/pl\/wp-json\/wp\/v2\/pages\/86540","targetHints":{"allow":["GET"]}}],"collection":[{"href":"https:\/\/fotc.com\/pl\/wp-json\/wp\/v2\/pages"}],"about":[{"href":"https:\/\/fotc.com\/pl\/wp-json\/wp\/v2\/types\/page"}],"author":[{"embeddable":true,"href":"https:\/\/fotc.com\/pl\/wp-json\/wp\/v2\/users\/22"}],"replies":[{"embeddable":true,"href":"https:\/\/fotc.com\/pl\/wp-json\/wp\/v2\/comments?post=86540"}],"version-history":[{"count":0,"href":"https:\/\/fotc.com\/pl\/wp-json\/wp\/v2\/pages\/86540\/revisions"}],"wp:featuredmedia":[{"embeddable":true,"href":"https:\/\/fotc.com\/pl\/wp-json\/wp\/v2\/media\/152504"}],"wp:attachment":[{"href":"https:\/\/fotc.com\/pl\/wp-json\/wp\/v2\/media?parent=86540"}],"curies":[{"name":"wp","href":"https:\/\/api.w.org\/{rel}","templated":true}]}}