{"id":690,"date":"2021-06-28T20:19:56","date_gmt":"2021-06-28T18:19:56","guid":{"rendered":"https:\/\/fotc.com\/?page_id=690"},"modified":"2025-04-14T07:27:01","modified_gmt":"2025-04-14T05:27:01","slug":"historie-klientow","status":"publish","type":"page","link":"https:\/\/fotc.com\/pl\/historie-klientow\/","title":{"rendered":"Klienci"},"content":{"rendered":"","protected":false},"excerpt":{"rendered":"","protected":false},"author":1,"featured_media":152146,"parent":0,"menu_order":0,"comment_status":"closed","ping_status":"closed","template":"views\/template-clients.blade.php","meta":{"_editorskit_title_hidden":false,"_editorskit_reading_time":1,"_editorskit_typography_data":[],"_editorskit_blocks_typography":"","_editorskit_is_block_options_detached":false,"_editorskit_block_options_position":"{}"},"yoast_head":"<!-- This site is optimized with the Yoast SEO Premium plugin v16.7 (Yoast SEO v19.6) - https:\/\/yoast.com\/wordpress\/plugins\/seo\/ -->\n<title>Poznaj historie naszych klient\u00f3w i ich opinie | FOTC<\/title>\n<meta name=\"description\" content=\"Poznaj historie klient\u00f3w, kt\u00f3rym towarzyszyli\u015bmy w drodze do Google Cloud. Opinie na temat Google Workspace, Google Cloud Platform, Chrome Enterprise.\" \/>\n<meta name=\"robots\" content=\"noindex, follow\" \/>\n<meta property=\"og:locale\" content=\"pl_PL\" \/>\n<meta property=\"og:type\" content=\"article\" \/>\n<meta property=\"og:title\" content=\"Poznaj historie naszych klient\u00f3w | FOTC\" \/>\n<meta property=\"og:description\" content=\"Poznaj historie klient\u00f3w, kt\u00f3rym towarzyszyli\u015bmy w drodze do Google Cloud. Opinie na temat Google Workspace, Google Cloud Platform, Chrome Enterprise.\" \/>\n<meta property=\"og:url\" content=\"https:\/\/fotc.com\/pl\/historie-klientow\/\" \/>\n<meta property=\"og:site_name\" content=\"FOTC\" \/>\n<meta property=\"article:modified_time\" content=\"2025-04-14T05:27:01+00:00\" \/>\n<meta property=\"og:image\" content=\"https:\/\/fotc.com\/app\/uploads\/2025\/03\/ENG_Landing_Google-Workspace-1.jpg\" \/>\n\t<meta property=\"og:image:width\" content=\"1280\" \/>\n\t<meta property=\"og:image:height\" content=\"720\" \/>\n\t<meta property=\"og:image:type\" content=\"image\/jpeg\" \/>\n<meta name=\"twitter:card\" content=\"summary_large_image\" \/>\n<meta name=\"twitter:title\" content=\"Poznaj historie naszych klient\u00f3w | FOTC\" \/>\n<meta name=\"twitter:description\" content=\"Poznaj historie klient\u00f3w, kt\u00f3rym towarzyszyli\u015bmy w drodze do Google Cloud. Opinie na temat Google Workspace, Google Cloud Platform, Chrome Enterprise.\" \/>\n<script type=\"application\/ld+json\" class=\"yoast-schema-graph\">{\"@context\":\"https:\/\/schema.org\",\"@graph\":[{\"@type\":\"WebPage\",\"@id\":\"https:\/\/fotc.com\/pl\/historie-klientow\/\",\"url\":\"https:\/\/fotc.com\/pl\/historie-klientow\/\",\"name\":\"Poznaj historie naszych klient\u00f3w i ich opinie | FOTC\",\"isPartOf\":{\"@id\":\"https:\/\/fotc.com\/#website\"},\"datePublished\":\"2021-06-28T18:19:56+00:00\",\"dateModified\":\"2025-04-14T05:27:01+00:00\",\"description\":\"Poznaj historie klient\u00f3w, kt\u00f3rym towarzyszyli\u015bmy w drodze do Google Cloud. Opinie na temat Google Workspace, Google Cloud Platform, Chrome Enterprise.\",\"breadcrumb\":{\"@id\":\"https:\/\/fotc.com\/pl\/historie-klientow\/#breadcrumb\"},\"inLanguage\":\"pl-PL\",\"potentialAction\":[{\"@type\":\"ReadAction\",\"target\":[\"https:\/\/fotc.com\/pl\/historie-klientow\/\"]}]},{\"@type\":\"BreadcrumbList\",\"@id\":\"https:\/\/fotc.com\/pl\/historie-klientow\/#breadcrumb\",\"itemListElement\":[{\"@type\":\"ListItem\",\"position\":1,\"name\":\"PL\",\"item\":\"https:\/\/fotc.com\/pl\/\"},{\"@type\":\"ListItem\",\"position\":2,\"name\":\"Klienci\"}]},{\"@type\":\"WebSite\",\"@id\":\"https:\/\/fotc.com\/#website\",\"url\":\"https:\/\/fotc.com\/\",\"name\":\"FOTC\",\"description\":\"Partner Google Cloud\",\"potentialAction\":[{\"@type\":\"SearchAction\",\"target\":{\"@type\":\"EntryPoint\",\"urlTemplate\":\"https:\/\/fotc.com\/?s={search_term_string}\"},\"query-input\":\"required name=search_term_string\"}],\"inLanguage\":\"pl-PL\"}]}<\/script>\n<!-- \/ Yoast SEO Premium plugin. -->","yoast_head_json":{"title":"Poznaj historie naszych klient\u00f3w i ich opinie | FOTC","description":"Poznaj historie klient\u00f3w, kt\u00f3rym towarzyszyli\u015bmy w drodze do Google Cloud. Opinie na temat Google Workspace, Google Cloud Platform, Chrome Enterprise.","robots":{"index":"noindex","follow":"follow"},"og_locale":"pl_PL","og_type":"article","og_title":"Poznaj historie naszych klient\u00f3w | FOTC","og_description":"Poznaj historie klient\u00f3w, kt\u00f3rym towarzyszyli\u015bmy w drodze do Google Cloud. Opinie na temat Google Workspace, Google Cloud Platform, Chrome Enterprise.","og_url":"https:\/\/fotc.com\/pl\/historie-klientow\/","og_site_name":"FOTC","article_modified_time":"2025-04-14T05:27:01+00:00","og_image":[{"width":1280,"height":720,"url":"https:\/\/fotc.com\/app\/uploads\/2025\/03\/ENG_Landing_Google-Workspace-1.jpg","type":"image\/jpeg"}],"twitter_card":"summary_large_image","twitter_title":"Poznaj historie naszych klient\u00f3w | FOTC","twitter_description":"Poznaj historie klient\u00f3w, kt\u00f3rym towarzyszyli\u015bmy w drodze do Google Cloud. Opinie na temat Google Workspace, Google Cloud Platform, Chrome Enterprise.","schema":{"@context":"https:\/\/schema.org","@graph":[{"@type":"WebPage","@id":"https:\/\/fotc.com\/pl\/historie-klientow\/","url":"https:\/\/fotc.com\/pl\/historie-klientow\/","name":"Poznaj historie naszych klient\u00f3w i ich opinie | FOTC","isPartOf":{"@id":"https:\/\/fotc.com\/#website"},"datePublished":"2021-06-28T18:19:56+00:00","dateModified":"2025-04-14T05:27:01+00:00","description":"Poznaj historie klient\u00f3w, kt\u00f3rym towarzyszyli\u015bmy w drodze do Google Cloud. Opinie na temat Google Workspace, Google Cloud Platform, Chrome Enterprise.","breadcrumb":{"@id":"https:\/\/fotc.com\/pl\/historie-klientow\/#breadcrumb"},"inLanguage":"pl-PL","potentialAction":[{"@type":"ReadAction","target":["https:\/\/fotc.com\/pl\/historie-klientow\/"]}]},{"@type":"BreadcrumbList","@id":"https:\/\/fotc.com\/pl\/historie-klientow\/#breadcrumb","itemListElement":[{"@type":"ListItem","position":1,"name":"PL","item":"https:\/\/fotc.com\/pl\/"},{"@type":"ListItem","position":2,"name":"Klienci"}]},{"@type":"WebSite","@id":"https:\/\/fotc.com\/#website","url":"https:\/\/fotc.com\/","name":"FOTC","description":"Partner Google Cloud","potentialAction":[{"@type":"SearchAction","target":{"@type":"EntryPoint","urlTemplate":"https:\/\/fotc.com\/?s={search_term_string}"},"query-input":"required name=search_term_string"}],"inLanguage":"pl-PL"}]}},"_links":{"self":[{"href":"https:\/\/fotc.com\/pl\/wp-json\/wp\/v2\/pages\/690"}],"collection":[{"href":"https:\/\/fotc.com\/pl\/wp-json\/wp\/v2\/pages"}],"about":[{"href":"https:\/\/fotc.com\/pl\/wp-json\/wp\/v2\/types\/page"}],"author":[{"embeddable":true,"href":"https:\/\/fotc.com\/pl\/wp-json\/wp\/v2\/users\/1"}],"replies":[{"embeddable":true,"href":"https:\/\/fotc.com\/pl\/wp-json\/wp\/v2\/comments?post=690"}],"version-history":[{"count":0,"href":"https:\/\/fotc.com\/pl\/wp-json\/wp\/v2\/pages\/690\/revisions"}],"wp:featuredmedia":[{"embeddable":true,"href":"https:\/\/fotc.com\/pl\/wp-json\/wp\/v2\/media\/152146"}],"wp:attachment":[{"href":"https:\/\/fotc.com\/pl\/wp-json\/wp\/v2\/media?parent=690"}],"curies":[{"name":"wp","href":"https:\/\/api.w.org\/{rel}","templated":true}]}}