{"id":688,"date":"2021-06-28T20:19:19","date_gmt":"2021-06-28T18:19:19","guid":{"rendered":"https:\/\/fotc.com\/?page_id=688"},"modified":"2025-12-15T08:19:19","modified_gmt":"2025-12-15T07:19:19","slug":"baza-wiedzy","status":"publish","type":"page","link":"https:\/\/fotc.com\/pl\/baza-wiedzy\/","title":{"rendered":"Wiedza"},"content":{"rendered":"","protected":false},"excerpt":{"rendered":"","protected":false},"author":1,"featured_media":152522,"parent":0,"menu_order":0,"comment_status":"closed","ping_status":"closed","template":"views\/template-knowledge.blade.php","meta":{"_editorskit_title_hidden":false,"_editorskit_reading_time":1,"_editorskit_typography_data":[],"_editorskit_blocks_typography":"","_editorskit_is_block_options_detached":false,"_editorskit_block_options_position":"{}"},"yoast_head":"\nDzielimy si\u0119 wiedz\u0105 o rozwi\u0105zaniach chmurowych Google - FOTC<\/title>\n<meta name=\"description\" content=\"Zapoznaj si\u0119 z materia\u0142ami przygotowanymi przez ekspert\u00f3w Google Cloud. Bezp\u0142atne ebooki, podcast i wydarzenia biznesowe dla entuzjast\u00f3w chmury.\" \/>\n<meta name=\"robots\" content=\"noindex, nofollow\" \/>\n<meta property=\"og:locale\" content=\"pl_PL\" \/>\n<meta property=\"og:type\" content=\"article\" \/>\n<meta property=\"og:title\" content=\"Dzielimy si\u0119 wiedz\u0105 o rozwi\u0105zaniach chmurowych Google - FOTC\" \/>\n<meta property=\"og:description\" content=\"Zapoznaj si\u0119 z materia\u0142ami przygotowanymi przez ekspert\u00f3w Google Cloud. Bezp\u0142atne ebooki, podcast i wydarzenia biznesowe dla entuzjast\u00f3w chmury.\" \/>\n<meta property=\"og:url\" content=\"https:\/\/fotc.com\/pl\/baza-wiedzy\/\" \/>\n<meta property=\"og:site_name\" content=\"FOTC\" \/>\n<meta property=\"article:modified_time\" content=\"2025-12-15T07:19:19+00:00\" \/>\n<meta property=\"og:image\" content=\"https:\/\/fotc.com\/app\/uploads\/2025\/04\/Frame-1078.jpg\" \/>\n\t<meta property=\"og:image:width\" content=\"1280\" \/>\n\t<meta property=\"og:image:height\" content=\"721\" \/>\n\t<meta property=\"og:image:type\" content=\"image\/jpeg\" \/>\n<meta name=\"twitter:card\" content=\"summary_large_image\" \/>\n<meta name=\"twitter:title\" content=\"Dzielimy si\u0119 wiedz\u0105 o rozwi\u0105zaniach chmurowych Google - FOTC\" \/>\n<meta name=\"twitter:description\" content=\"Zapoznaj si\u0119 z materia\u0142ami przygotowanymi przez ekspert\u00f3w Google Cloud. Bezp\u0142atne ebooki, podcast i wydarzenia biznesowe dla entuzjast\u00f3w chmury.\" \/>\n<script type=\"application\/ld+json\" class=\"yoast-schema-graph\">{\"@context\":\"https:\/\/schema.org\",\"@graph\":[{\"@type\":\"WebPage\",\"@id\":\"https:\/\/fotc.com\/pl\/baza-wiedzy\/\",\"url\":\"https:\/\/fotc.com\/pl\/baza-wiedzy\/\",\"name\":\"Dzielimy si\u0119 wiedz\u0105 o rozwi\u0105zaniach chmurowych Google - FOTC\",\"isPartOf\":{\"@id\":\"https:\/\/fotc.com\/#website\"},\"datePublished\":\"2021-06-28T18:19:19+00:00\",\"dateModified\":\"2025-12-15T07:19:19+00:00\",\"description\":\"Zapoznaj si\u0119 z materia\u0142ami przygotowanymi przez ekspert\u00f3w Google Cloud. Bezp\u0142atne ebooki, podcast i wydarzenia biznesowe dla entuzjast\u00f3w chmury.\",\"breadcrumb\":{\"@id\":\"https:\/\/fotc.com\/pl\/baza-wiedzy\/#breadcrumb\"},\"inLanguage\":\"pl-PL\",\"potentialAction\":[{\"@type\":\"ReadAction\",\"target\":[\"https:\/\/fotc.com\/pl\/baza-wiedzy\/\"]}]},{\"@type\":\"BreadcrumbList\",\"@id\":\"https:\/\/fotc.com\/pl\/baza-wiedzy\/#breadcrumb\",\"itemListElement\":[{\"@type\":\"ListItem\",\"position\":1,\"name\":\"PL\",\"item\":\"https:\/\/fotc.com\/pl\/\"},{\"@type\":\"ListItem\",\"position\":2,\"name\":\"Wiedza\"}]},{\"@type\":\"WebSite\",\"@id\":\"https:\/\/fotc.com\/#website\",\"url\":\"https:\/\/fotc.com\/\",\"name\":\"FOTC\",\"description\":\"Partner Google Cloud\",\"potentialAction\":[{\"@type\":\"SearchAction\",\"target\":{\"@type\":\"EntryPoint\",\"urlTemplate\":\"https:\/\/fotc.com\/?s={search_term_string}\"},\"query-input\":\"required name=search_term_string\"}],\"inLanguage\":\"pl-PL\"}]}<\/script>\n<!-- \/ Yoast SEO Premium plugin. -->","yoast_head_json":{"title":"Dzielimy si\u0119 wiedz\u0105 o rozwi\u0105zaniach chmurowych Google - FOTC","description":"Zapoznaj si\u0119 z materia\u0142ami przygotowanymi przez ekspert\u00f3w Google Cloud. Bezp\u0142atne ebooki, podcast i wydarzenia biznesowe dla entuzjast\u00f3w chmury.","robots":{"index":"noindex","follow":"nofollow"},"og_locale":"pl_PL","og_type":"article","og_title":"Dzielimy si\u0119 wiedz\u0105 o rozwi\u0105zaniach chmurowych Google - FOTC","og_description":"Zapoznaj si\u0119 z materia\u0142ami przygotowanymi przez ekspert\u00f3w Google Cloud. Bezp\u0142atne ebooki, podcast i wydarzenia biznesowe dla entuzjast\u00f3w chmury.","og_url":"https:\/\/fotc.com\/pl\/baza-wiedzy\/","og_site_name":"FOTC","article_modified_time":"2025-12-15T07:19:19+00:00","og_image":[{"width":1280,"height":721,"url":"https:\/\/fotc.com\/app\/uploads\/2025\/04\/Frame-1078.jpg","type":"image\/jpeg"}],"twitter_card":"summary_large_image","twitter_title":"Dzielimy si\u0119 wiedz\u0105 o rozwi\u0105zaniach chmurowych Google - FOTC","twitter_description":"Zapoznaj si\u0119 z materia\u0142ami przygotowanymi przez ekspert\u00f3w Google Cloud. Bezp\u0142atne ebooki, podcast i wydarzenia biznesowe dla entuzjast\u00f3w chmury.","schema":{"@context":"https:\/\/schema.org","@graph":[{"@type":"WebPage","@id":"https:\/\/fotc.com\/pl\/baza-wiedzy\/","url":"https:\/\/fotc.com\/pl\/baza-wiedzy\/","name":"Dzielimy si\u0119 wiedz\u0105 o rozwi\u0105zaniach chmurowych Google - FOTC","isPartOf":{"@id":"https:\/\/fotc.com\/#website"},"datePublished":"2021-06-28T18:19:19+00:00","dateModified":"2025-12-15T07:19:19+00:00","description":"Zapoznaj si\u0119 z materia\u0142ami przygotowanymi przez ekspert\u00f3w Google Cloud. Bezp\u0142atne ebooki, podcast i wydarzenia biznesowe dla entuzjast\u00f3w chmury.","breadcrumb":{"@id":"https:\/\/fotc.com\/pl\/baza-wiedzy\/#breadcrumb"},"inLanguage":"pl-PL","potentialAction":[{"@type":"ReadAction","target":["https:\/\/fotc.com\/pl\/baza-wiedzy\/"]}]},{"@type":"BreadcrumbList","@id":"https:\/\/fotc.com\/pl\/baza-wiedzy\/#breadcrumb","itemListElement":[{"@type":"ListItem","position":1,"name":"PL","item":"https:\/\/fotc.com\/pl\/"},{"@type":"ListItem","position":2,"name":"Wiedza"}]},{"@type":"WebSite","@id":"https:\/\/fotc.com\/#website","url":"https:\/\/fotc.com\/","name":"FOTC","description":"Partner Google Cloud","potentialAction":[{"@type":"SearchAction","target":{"@type":"EntryPoint","urlTemplate":"https:\/\/fotc.com\/?s={search_term_string}"},"query-input":"required name=search_term_string"}],"inLanguage":"pl-PL"}]}},"_links":{"self":[{"href":"https:\/\/fotc.com\/pl\/wp-json\/wp\/v2\/pages\/688"}],"collection":[{"href":"https:\/\/fotc.com\/pl\/wp-json\/wp\/v2\/pages"}],"about":[{"href":"https:\/\/fotc.com\/pl\/wp-json\/wp\/v2\/types\/page"}],"author":[{"embeddable":true,"href":"https:\/\/fotc.com\/pl\/wp-json\/wp\/v2\/users\/1"}],"replies":[{"embeddable":true,"href":"https:\/\/fotc.com\/pl\/wp-json\/wp\/v2\/comments?post=688"}],"version-history":[{"count":0,"href":"https:\/\/fotc.com\/pl\/wp-json\/wp\/v2\/pages\/688\/revisions"}],"wp:featuredmedia":[{"embeddable":true,"href":"https:\/\/fotc.com\/pl\/wp-json\/wp\/v2\/media\/152522"}],"wp:attachment":[{"href":"https:\/\/fotc.com\/pl\/wp-json\/wp\/v2\/media?parent=688"}],"curies":[{"name":"wp","href":"https:\/\/api.w.org\/{rel}","templated":true}]}}