{"id":66487,"date":"2022-03-10T12:23:30","date_gmt":"2022-03-10T11:23:30","guid":{"rendered":"https:\/\/fotc.com\/?page_id=66487"},"modified":"2025-05-05T17:07:39","modified_gmt":"2025-05-05T15:07:39","slug":"regulamin","status":"publish","type":"page","link":"https:\/\/fotc.com\/pl\/regulamin\/","title":{"rendered":"Regulamin Platform prowadzonych przez FOTC"},"content":{"rendered":"\n<div id=\"toc_container\" class=\"no_bullets\"><p class=\"toc_title\">Contents<\/p><ul class=\"toc_list\"><li><a href=\"#1_Definicje\"><span class=\"toc_number toc_depth_1\">1<\/span> \u00a71. Definicje<\/a><\/li><li><a href=\"#2_Informacje_ogolne\"><span class=\"toc_number toc_depth_1\">2<\/span> \u00a72. Informacje og\u00f3lne<\/a><\/li><li><a href=\"#3_Zasady_dotyczace_Produktow_cyfrowych\"><span class=\"toc_number toc_depth_1\">3<\/span> \u00a73. Zasady dotycz\u0105ce Produkt\u00f3w cyfrowych<\/a><\/li><li><a href=\"#4_Ceny_i_platnosci\"><span class=\"toc_number toc_depth_1\">4<\/span> \u00a74. Ceny i p\u0142atno\u015bci<\/a><\/li><li><a href=\"#5_Dostawa_i_zwroty\"><span class=\"toc_number toc_depth_1\">5<\/span> \u00a75. Dostawa i zwroty<\/a><\/li><li><a href=\"#6_Reklamacje_i_gwarancjanbsp\"><span class=\"toc_number toc_depth_1\">6<\/span> \u00a76. Reklamacje i gwarancja&nbsp;<\/a><\/li><li><a href=\"#7_Dane_osobowe_i_bezpieczenstwo\"><span class=\"toc_number toc_depth_1\">7<\/span> \u00a77. Dane osobowe i bezpiecze\u0144stwo<\/a><\/li><li><a href=\"#8_Postanowienia_koncowe\"><span class=\"toc_number toc_depth_1\">8<\/span> \u00a78. Postanowienia ko\u0144cowe<\/a><\/li><\/ul><\/div>\n<h3 id=\"definicje\"><span id=\"1_Definicje\"><strong>\u00a71. Definicje<\/strong><\/span><\/h3>\n\n\n\n<ol><li><strong>Regulamin<\/strong>\u00a0\u2013 niniejszy dokument okre\u015blaj\u0105cy zasady po\u015bredniczenia przez Po\u015brednika przy sprzeda\u017cy us\u0142ug oraz funkcjonowania serwis\u00f3w internetowych prowadzonych przez FOTC\u00a0<\/li><li><strong>Po\u015brednik<\/strong>\u00a0<strong>(FOTC)<\/strong> \u2013 Fly On The Cloud sp. z o.o. z siedzib\u0105 we Wroc\u0142awiu (50-125) przy ul. \u015aw. Miko\u0142aja 8-11, wpisana do rejestru przedsi\u0119biorc\u00f3w prowadzonego przez S\u0105d Rejonowy dla Wroc\u0142awia Fabrycznej, Wydzia\u0142 VI Krajowego Rejestru S\u0105dowego pod numerem KRS: 0000500884, wysoko\u015b\u0107 kapita\u0142u zak\u0142adowego: 10.000,00 z\u0142otych, NIP: 8971797086, REGON: 022370270, b\u0119d\u0105cy oficjalnym partnerem handlowym Google Cloud Poland sp. z o.o. z siedzib\u0105 w Warszawie (00-113) pod adresem ul. Emilii Plater 53 (dalej: <strong>Google<\/strong>)<\/li><li><strong>Partner Cyfrowy \u2013<\/strong> Google Cloud Poland sp. z o.o. z siedzib\u0105 w Warszawie (00-113) pod adresem ul. Emilii Plater 53 lub inna sp\u00f3\u0142ka Google w zale\u017cno\u015bci od kraju siedziby Klienta<\/li><li><strong>Klient\u00a0<\/strong>\u2013 przedsi\u0119biorca b\u0119d\u0105cy osob\u0105 fizyczn\u0105, osob\u0105 prawn\u0105 lub jednostk\u0105 organizacyjn\u0105<\/li><li><strong>U\u017cytkownik<\/strong> &#8211; osoba korzystaj\u0105ca z Platformy<\/li><li><strong>Produkt cyfrowy <\/strong>\u2013 us\u0142ugi\u00a0 informatyczne i chmurowe, w szczeg\u00f3lno\u015bci us\u0142uga Google Workspace, oferowane przez Partnera Cyfrowego.<\/li><li><strong>Administrator danych osobowych<\/strong>\u00a0\u2013 osoba fizyczna lub prawna, organ publiczny, jednostka lub inny podmiot, kt\u00f3ry samodzielnie lub wsp\u00f3lnie z innymi ustala cele i sposoby przetwarzania danych osobowych. Administratorem danych osobowych przetwarzanych w zwi\u0105zku z funkcjonowaniem Platformy jest Po\u015brednik.<\/li><li><strong>Platforma<\/strong>\u00a0\u2013 prowadzone przez Po\u015brednika serwisy internetowe umo\u017cliwiaj\u0105ce Klientom kontakt z Po\u015brednikiem oraz zainicjowanie procesu zakupu Produkt\u00f3w Cyfrowych przez Po\u015brednika. Aktualna lista adres\u00f3w internetowych FOTC:<\/li><\/ol>\n\n\n\n<ol><li><a href=\"https:\/\/fotc.com\/pl\/\" class=\"ek-link\">polska wersja j\u0119zykowa<\/a><\/li><li><a href=\"https:\/\/fotc.com\/\">angielska wersja j\u0119zykowa<\/a><\/li><li><a href=\"https:\/\/fotc.com\/ro\/\">rumu\u0144ska wersja j\u0119zykowa<\/a><\/li><li><a href=\"https:\/\/fotc.com\/hu\/\">w\u0119gierska wersja j\u0119zykowa<\/a><\/li><li><a href=\"https:\/\/fotc.com\/ua\/\">ukrai\u0144ska wersja j\u0119zykowa<\/a>.<\/li><\/ol>\n\n\n\n<p>Us\u0142ugi po\u015brednictwa FOTC w zakupie Produkt\u00f3w cyfrowych nie s\u0105 dost\u0119pne dla konsument\u00f3w czyli os\u00f3b fizycznych, kt\u00f3re dokonuj\u0105 z przedsi\u0119biorc\u0105 czynno\u015bci prawnej niezwi\u0105zanej bezpo\u015brednio z ich dzia\u0142alno\u015bci\u0105 gospodarcz\u0105 lub zarobkow\u0105. Dla usuni\u0119cie w\u0105tpliwo\u015bci, po\u015brednik&nbsp; informuje, \u017ce \u015bwiadczone przez niego us\u0142ugi i produkty skierowane s\u0105&nbsp;<strong>wy\u0142\u0105cznie do przedsi\u0119biorc\u00f3w (relacja B2B) i nie maj\u0105 do nich zastosowania przepisy o prawach konsumenta.<\/strong><\/p>\n\n\n\n<p>Akceptuj\u0105c Regulamin Klient <strong>o\u015bwiadcza, \u017ce czynno\u015b\u0107 prawna dokonywana pomi\u0119dzy Klientem a FOTC jest zwi\u0105zana bezpo\u015brednio z dzia\u0142alno\u015bci\u0105 gospodarcz\u0105 lub zawodow\u0105 Klienta.<\/strong><\/p>\n\n\n\n<h3 id=\"informacje-ogolne\"><span id=\"2_Informacje_ogolne\"><strong>\u00a72. Informacje og\u00f3lne<\/strong><\/span><\/h3>\n\n\n\n<ol><li>W\u0142a\u015bcicielem i operatorem Platformy jest FOTC.<\/li><li>Informacje zawarte na Platformie maj\u0105 charakter informacyjny zwi\u0105zany z dzia\u0142alno\u015bci\u0105 FOTC dotycz\u0105c\u0105 m.in. oferowania produkt\u00f3w naszych partner\u00f3w oraz organizowania szkole\u0144.<\/li><li>Regulamin jest udost\u0119pniany nieodp\u0142atnie ka\u017cdemu U\u017cytkownikowi. Regulamin mo\u017ce by\u0107 przez nas aktualizowany i zmieniany, szczeg\u00f3lnie w zwi\u0105zku ze zmian\u0105 przepis\u00f3w prawa. Aktualna tre\u015b\u0107 Regulaminu jest dost\u0119pna:<\/li><\/ol>\n\n\n\n<ol><li><a href=\"https:\/\/fotc.com\/pl\/regulamin\" class=\"ek-link\">w polskiej wersji j\u0119zykowej<\/a><\/li><li><a href=\"https:\/\/fotc.com\/regulations\" class=\"ek-link\">w angielskiej wersji j\u0119zykowej<\/a>.<\/li><\/ol>\n\n\n\n<ol start=\"4\"><li>Przed korzystaniem z Platformy ka\u017cdy U\u017cytkownik powinien zapozna\u0107 si\u0119 z tre\u015bci\u0105 Regulaminu.<\/li><li>Korzystanie z Platformy powinno odbywa\u0107 si\u0119 w zgodzie z zasadami wskazanymi w Regulaminie, powszechnie obowi\u0105zuj\u0105cym prawem, zasadami korzystania z sieci Internet i zasadami wsp\u00f3\u0142\u017cycia spo\u0142ecznego.<\/li><li>Tre\u015b\u0107 umieszczona na Platformie:<\/li><\/ol>\n\n\n\n<ol><li>FOTC odpowiada za tre\u015b\u0107 w\u0142asn\u0105 znajduj\u0105c\u0105 si\u0119 na Platformie<\/li><li>informacje zawarte na Platformie s\u0105 na bie\u017c\u0105co aktualizowane tak aby\u015b zawsze mia\u0142 dost\u0119pnych do jak najbardziej aktualnych tre\u015bci. Musisz jednak wiedzie\u0107, \u017ce mimo najwi\u0119kszych stara\u0144 mo\u017ce zdarzy\u0107 si\u0119, \u017ce tre\u015bci&nbsp; b\u0119d\u0105 nieaktualne, nieprawid\u0142owe lub niepe\u0142ne. Je\u015bli zidentyfikujesz taki przypadek b\u0119dziemy wdzi\u0119czni za poinformowanie nas o tym.<\/li><li>zastrzegamy sobie prawo do zmiany, uzupe\u0142nienia lub wycofania informacji zwi\u0105zanych ze wsp\u00f3\u0142pracuj\u0105cymi z nami partnerami.<\/li><li>jedyne wi\u0105\u017c\u0105ce informacje dotycz\u0105ce naszej oferty uzyskasz od nas bezpo\u015brednio podczas kontaktu. W tym celu mo\u017cesz skontaktowa\u0107 si\u0119 z nami za po\u015brednictwem formularza kontaktowego, czatu lub korespondencyjnie.<\/li><li>na Platformie mo\u017cemy umie\u015bci\u0107 linki do stron prowadzonych przez podmioty trzecie. Dok\u0142adamy nale\u017cytej staranno\u015bci aby linki te zosta\u0142y sprawdzone. FOTC nie ponosi odpowiedzialno\u015bci za tre\u015bci i zmiany na wskazanych stronach wprowadzane przez podmioty trzecie. Je\u015bli zauwa\u017cysz, \u017ce link lub strona jest podejrzana, b\u0119dziemy wdzi\u0119czni je\u015bli nas o tym poinformujesz. Niezw\u0142ocznie na to zareagujemy.<\/li><li>zawarto\u015b\u0107 Platformy,&nbsp; a w szczeg\u00f3lno\u015bci tre\u015b\u0107 publikowana na naszym blogu, jest chroniona&nbsp; prawem autorskim.<\/li><li>Minimalne wymogi techniczne dotycz\u0105ce korzystania z Platformy:<\/li><\/ol>\n\n\n\n<ol><li>U\u017cytkownik mo\u017ce korzysta\u0107 z Platformy przy wykorzystaniu komputera, telefonu kom\u00f3rkowego lub innego urz\u0105dzenia mobilnego<\/li><li>minimalne wymagania techniczne systemu, za po\u015brednictwem kt\u00f3rego U\u017cytkownik chce korzysta\u0107 z Platformy:&nbsp;<\/li><\/ol>\n\n\n\n<ul><li>procesor: 1000 MHz&nbsp;<\/li><li>pami\u0119\u0107 RAM: 512 MB&nbsp;<\/li><li>dost\u0119p do Internetu<\/li><li>przegl\u0105darka wspieraj\u0105ca HTML5, CSS3 i JavaScript, z w\u0142\u0105czona obs\u0142ug\u0105 cookies.<\/li><\/ul>\n\n\n\n<ol start=\"8\"><li>U\u017cytkowniku:<\/li><\/ol>\n\n\n\n<ol><li>korzystaj\u0105c z Platformy nie mo\u017cesz narusza\u0107 praw os\u00f3b trzecich oraz FOTC<\/li><li>je\u015bli Twoje zachowanie naruszy zasady, kt\u00f3rych powiniene\u015b przestrzega\u0107, przys\u0142uguje nam prawo do \u017c\u0105dania od Ciebie naprawienia poniesionej przez nas szkody.<\/li><li>do korzystania z Platformy nie jest wymagana rejestracja. Mo\u017cemy jednak poprosi\u0107 o podanie Twoich Danych Osobowych w sytuacji kiedy b\u0119dziesz zainteresowany nasz\u0105 ofert\u0105 lub b\u0119dziesz chcia\u0142 si\u0119 z nami skontaktowa\u0107 poprzez formularz kontaktowy lub czat.<\/li><li>nie powiniene\u015b bez naszej zgody kopiowa\u0107, powiela\u0107 lub w inny spos\u00f3b rozpowszechnia\u0107 tre\u015bci zawartych na Platformie. Czynno\u015bci te b\u0119d\u0105 powodowa\u0107 naruszenie ochrony przys\u0142uguj\u0105cej na podstawie przepis\u00f3w o prawie autorskim lub innych powszechnie obowi\u0105zuj\u0105cych przepis\u00f3w.<\/li><\/ol>\n\n\n\n<h3 id=\"zasady-produktow-cyfrowych\"><span id=\"3_Zasady_dotyczace_Produktow_cyfrowych\"><strong>\u00a73. Zasady dotycz\u0105ce Produkt\u00f3w cyfrowych<\/strong><\/span><\/h3>\n\n\n\n<ol><li>Informacje o Produktach cyfrowych umieszczone na Platformie maj\u0105 charakter informacyjny i nie stanowi\u0105 oferty w rozumieniu przepis\u00f3w prawa cywilnego.<\/li><li>Zakup Produkt\u00f3w cyfrowych wymaga zawarcia umowy pomi\u0119dzy Klientem a Po\u015brednikiem oraz akceptacji przez Klienta zasad, na jakich Producent cyfrowy udost\u0119pnia dany produkt cyfrowy czego wyrazem jest akceptacja przez Klienta warunk\u00f3w licencji udzielanej przez Producenta cyfrowego<\/li><li>Po\u015brednik:&nbsp;<\/li><\/ol>\n\n\n\n<ol><li>udost\u0119pnia Klientowi Platform\u0119, za po\u015brednictwem kt\u00f3rej Klient mo\u017ce zapozna\u0107 si\u0119 z gam\u0105 Produkt\u00f3w cyfrowych znajduj\u0105cych si\u0119 w aktualnej ofercie Po\u015brednika&nbsp;<\/li><li>jest po\u015brednikiem w sprzeda\u017cy Produkt\u00f3w cyfrowych dostarczanych bezpo\u015brednio przez Partnera cyfrowego&nbsp;<\/li><li>mo\u017ce zaoferowa\u0107 Klientowi okresy testowe oraz promocyjne dla poszczeg\u00f3lnych Produkt\u00f3w cyfrowych&nbsp;<\/li><li>nie jest licencjodawc\u0105 oprogramowania wyst\u0119puj\u0105cego w Produktach cyfrowych. Klient zawiera umow\u0119 licencyjn\u0105 bezpo\u015brednio z licencjodawc\u0105, kt\u00f3rym jest Partner cyfrowy. Zawarcie umowy licencyjnej pomi\u0119dzy Klientem a licencjodawc\u0105 nast\u0119puje poprzez&nbsp; akceptacj\u0119 umowy okre\u015blaj\u0105cej jej warunki w czasie instalacji\/rozpocz\u0119cia korzystania z Produktu cyfrowego.&nbsp;&nbsp;<\/li><li>Produkty cyfrowe:&nbsp;<\/li><\/ol>\n\n\n\n<ol><li>s\u0105 obj\u0119te licencj\u0105 udzielan\u0105 przez Partnera cyfrowego na warunkach wskazanych przez Partnera Cyfrowego. Informacje dotycz\u0105ce warunk\u00f3w znajdziesz <a href=\"https:\/\/cloud.google.com\/terms\">TUTAJ<\/a><\/li><li>mog\u0105 zosta\u0107 aktywowane w okre\u015blonej dacie liczonej od zakupu, wybranej przez Klienta. Klient ponosi miesi\u0119czn\u0105 op\u0142at\u0119 za Produkt cyfrowy od daty aktywacji przez okres, na kt\u00f3ry zakupi\u0142 us\u0142ug\u0119<\/li><li>mog\u0105 by\u0107 zakupione na czas nieokre\u015blony w opcji elastycznej, kt\u00f3ra umo\u017cliwia zrezygnowanie z us\u0142ugi z zachowaniem 1-dniowego okresu wypowiedzenia us\u0142ugi, lub te\u017c w opcji na czas okre\u015blony np. 12 miesi\u0119cy liczony od okre\u015blonej daty aktywacji Produktu cyfrowego. Plany abonamentowe dla ka\u017cdego Produktu cyfrowego s\u0105 przedstawiane w toku indywidualnych negocjacji handlowych pomi\u0119dzy Po\u015brednikiem a Klientem.<\/li><\/ol>\n\n\n\n<h3 id=\"ceny-i-platnosci\"><span id=\"4_Ceny_i_platnosci\"><strong>\u00a74. Ceny i p\u0142atno\u015bci<\/strong><\/span><\/h3>\n\n\n\n<ol><li>Ceny Produkt\u00f3w cyfrowych s\u0105 wyra\u017cane w walutach okre\u015blonych przez Partnera cyfrowego. Dost\u0119pne waluty to np.: z\u0142oty polski (PLN), dolary ameryka\u0144skie (USD), euro (EUR).<\/li><li>P\u0142atno\u015bci za Produkty cyfrowe mog\u0105 by\u0107 dokonywane:&nbsp;<\/li><\/ol>\n\n\n\n<ol><li>za po\u015brednictwem serwisu PayU<\/li><li>przelewem bankowym.<\/li><li>P\u0142atno\u015bci dokonywane za po\u015brednictwem PayU:<\/li><\/ol>\n\n\n\n<ol><li>wybieraj\u0105c t\u0119 metod\u0119 p\u0142atno\u015bci zostaniesz przekierowany do systemu PayU, w kt\u00f3rym wska\u017cesz sw\u00f3j bank lub wybierzesz preferowan\u0105 form\u0119 p\u0142atno\u015bci<\/li><li>dokonanie p\u0142atno\u015bci wymaga zalogowania si\u0119 do systemu bankowo\u015bci internetowej&nbsp;<\/li><li>wi\u0119cej informacji na temat PayU oraz zasad prywatno\u015bci znajdziesz <a href=\"https:\/\/poland.payu.com\">TUTAJ<\/a>.<\/li><li>Faktury VAT za Produkty cyfrowe dostarczane s\u0105 Klientowi w cyklach rozliczeniowych w\u0142a\u015bciwych dla danego Produktu cyfrowego, przy czym najcz\u0119\u015bciej s\u0105 to cykle miesi\u0119czne.<\/li><\/ol>\n\n\n\n<h3 id=\"h-5-dostawa-i-zwroty\"><span id=\"5_Dostawa_i_zwroty\"><strong>\u00a75. Dostawa i zwroty<\/strong><\/span><\/h3>\n\n\n\n<ol><li>Produkty cyfrowe s\u0105 dostarczane bezp\u0142atnie poprzez ich udost\u0119pnienie we w\u0142a\u015bciwy dla danej us\u0142ugi spos\u00f3b, w szczeg\u00f3lno\u015bci poprzez przekazanie dost\u0119pu do panelu administracyjnego Produkty cyfrowego.<\/li><li>Klientowi nie przys\u0142uguje prawo zwrotu Produkt\u00f3w cyfrowych pe\u0142nowarto\u015bciowych.<\/li><\/ol>\n\n\n\n<h3 id=\"reklamacje-i-gwarancja\"><span id=\"6_Reklamacje_i_gwarancjanbsp\"><strong>\u00a76. Reklamacje i gwarancja&nbsp;<\/strong><\/span><\/h3>\n\n\n\n<ol><li>Post\u0119powanie reklamacyjne oraz poziom \u015bwiadczenia us\u0142ug (SL) dla poszczeg\u00f3lnych Produkt\u00f3w cyfrowych okre\u015bla umowa licencyjna, kt\u00f3rej stronami s\u0105 Klient oraz Producent cyfrowy.<\/li><\/ol>\n\n\n\n<h3 id=\"dane-osobowe\"><span id=\"7_Dane_osobowe_i_bezpieczenstwo\"><strong>\u00a77. Dane osobowe i bezpiecze\u0144stwo<\/strong><\/span><\/h3>\n\n\n\n<ol><li>W przypadku, gdy Klient zdecyduje si\u0119 na zakup Produktu cyfrowego za po\u015brednictwem Po\u015brednika, realizacja transakcji b\u0119dzie mo\u017cliwa pod warunkiem podania przez Klienta nast\u0119puj\u0105cych danych, kt\u00f3re s\u0105 niezb\u0119dne do zawarcia umowy:<\/li><\/ol>\n\n\n\n<ol><li>firma Klienta<\/li><li>adres<\/li><li>NIP<\/li><li>numer telefonu<\/li><li>adres e-mail.<\/li><\/ol>\n\n\n\n<p>Pe\u0142n\u0105 odpowiedzialno\u015b\u0107 za poprawno\u015b\u0107 i prawdziwo\u015b\u0107 danych wskazanych powy\u017cej ponosi Klient.<\/p>\n\n\n\n<ol start=\"2\"><li>Szczeg\u00f3\u0142owe informacje o danych osobowych, prawach Klient\u00f3w\/U\u017cytkownik\u00f3w i obowi\u0105zkach FOTC w tym zakresie s\u0105 dost\u0119pne w Polityce prywatno\u015bci. Prosimy o zapoznanie si\u0119 z jej tre\u015bci\u0105 przez rozpocz\u0119ciem korzystania z Platformy.<\/li><li>Po\u015brednik spe\u0142nia standard PCI DSS&nbsp;(bezpiecze\u0144stwa dla p\u0142atno\u015bci kart\u0105) i obs\u0142ugiwania uwierzytelnienia 3DS.&nbsp;&nbsp;<\/li><li>Zasady przetwarzania danych osobowych w Produktach cyfrowych okre\u015bla <a href=\"https:\/\/policies.google.com\/privacy?hl=pl\" class=\"ek-link\">Polityka Prywatno\u015bci Partnera cyfrowego<\/a>. Google oferuje tak\u017ce wzorcowe klauzule umowne, zatwierdzone przez Komisj\u0119 Europejsk\u0105, klientom korzystaj\u0105cym z ich us\u0142ug w celu zapewnienia odpowiedniej ochrony danych osobowych podczas ich przesy\u0142ania poza obszar EOG. Tre\u015b\u0107 umowy o przetwarzaniu danych znajduje si\u0119 <a href=\"https:\/\/cloud.google.com\/product-terms#section-4\">TUTAJ<\/a>. Klient ma mo\u017cliwo\u015b\u0107 akceptacji umowy dotycz\u0105cej przetwarzania danych osobowych przez Google oraz wzorcowych klauzul umownych za po\u015brednictwem platformy administracyjnej Google. Wykaz lokalizacji serwer\u00f3w, w kt\u00f3rych mog\u0105 by\u0107 przetwarzane przez Google dane osobowe powierzone przez Klienta jest dost\u0119pny <a href=\"https:\/\/www.google.com\/about\/datacenters\/inside\/locations\/index.html\">TUTAJ<\/a>.<\/li><\/ol>\n\n\n\n<h3 id=\"postanowienia\"><span id=\"8_Postanowienia_koncowe\"><strong>\u00a78. Postanowienia ko\u0144cowe<\/strong><\/span><\/h3>\n\n\n\n<ol><li>FOTC dok\u0142ada stara\u0144 aby Platforma by\u0142a dla przyjazna i funkcjonowa\u0142a w spos\u00f3b prawid\u0142owy. Nie mo\u017cemy jednak zagwarantowa\u0107, \u017ce w wyniku okoliczno\u015bci od nas niezale\u017cnych jej dost\u0119pno\u015b\u0107 b\u0119dzie ograniczona. Musisz jednak wiedzie\u0107, \u017ce je\u015bli tak si\u0119 stanie b\u0119dziemy pracowa\u0107 w pocie czo\u0142a aby naprawi\u0107 ewentualne b\u0142\u0119dy.<\/li><li>Po\u015brednik umo\u017cliwia kontakt w celu uzyskania informacji o Produktach cyfrowych poprzez nast\u0119puj\u0105ce kana\u0142y:<\/li><\/ol>\n\n\n\n<ol><li>e-mailowo: sales@fotc.com<\/li><li>telefonicznie 24\/7: 71 707 80 50<\/li><li>poczt\u0105 na adres: Fly On The Cloud sp. z o.o.,\u00a0 ul \u015aw. Miko\u0142aja 8-11, 50-125 Wroc\u0142aw.<\/li><\/ol>\n\n\n\n<ol start=\"3\"><li>Regulamin obowi\u0105zuje od 17.03.2022 r.&nbsp;<\/li><li>W przypadku wyst\u0105pienia ewentualnych spor\u00f3w, Klient i Po\u015brednik b\u0119d\u0105 d\u0105\u017cy\u0107 do ich polubownego rozwi\u0105zania. Je\u015bli polubowne rozwi\u0105zanie sporu nie b\u0119dzie mo\u017cliwe, s\u0105dem w\u0142a\u015bciwym do rozstrzygni\u0119cia sporu b\u0119dzie s\u0105d w\u0142a\u015bciwy ze wzgl\u0119du na siedzib\u0119 Po\u015brednika, a prawem w\u0142a\u015bciwym b\u0119dzie prawo polskie.<\/li><\/ol>\n\n\n\n<p><strong>ZAPRASZAMY DO KORZYSTANIA Z PLATFORMY<\/strong><\/p>\n","protected":false},"excerpt":{"rendered":"<p>Contents1 \u00a71. Definicje2 \u00a72. Informacje og\u00f3lne3 \u00a73. Zasady dotycz\u0105ce Produkt\u00f3w cyfrowych4 \u00a74. Ceny i p\u0142atno\u015bci5 \u00a75. Dostawa i zwroty6 \u00a76. Reklamacje i gwarancja&nbsp;7 \u00a77. Dane osobowe i bezpiecze\u0144stwo8 \u00a78. Postanowienia ko\u0144cowe \u00a71. Definicje Regulamin\u00a0\u2013 niniejszy dokument okre\u015blaj\u0105cy zasady po\u015bredniczenia przez Po\u015brednika przy sprzeda\u017cy us\u0142ug oraz funkcjonowania serwis\u00f3w internetowych prowadzonych przez FOTC\u00a0 Po\u015brednik\u00a0(FOTC) \u2013 Fly On&#8230;<\/p>\n","protected":false},"author":22,"featured_media":0,"parent":0,"menu_order":0,"comment_status":"closed","ping_status":"closed","template":"","meta":{"_editorskit_title_hidden":false,"_editorskit_reading_time":5,"_editorskit_typography_data":[],"_editorskit_blocks_typography":"","_editorskit_is_block_options_detached":false,"_editorskit_block_options_position":"{}"},"yoast_head":"<!-- This site is optimized with the Yoast SEO Premium plugin v16.7 (Yoast SEO v19.6) - https:\/\/yoast.com\/wordpress\/plugins\/seo\/ -->\n<title>Regulamin Platform prowadzonych przez FOTC - FOTC<\/title>\n<meta name=\"robots\" content=\"noindex, nofollow\" \/>\n<meta property=\"og:locale\" content=\"pl_PL\" \/>\n<meta property=\"og:type\" content=\"article\" \/>\n<meta property=\"og:title\" content=\"Regulamin Platform prowadzonych przez FOTC\" \/>\n<meta property=\"og:description\" content=\"Contents1 \u00a71. Definicje2 \u00a72. Informacje og\u00f3lne3 \u00a73. Zasady dotycz\u0105ce Produkt\u00f3w cyfrowych4 \u00a74. Ceny i p\u0142atno\u015bci5 \u00a75. Dostawa i zwroty6 \u00a76. Reklamacje i gwarancja&nbsp;7 \u00a77. Dane osobowe i bezpiecze\u0144stwo8 \u00a78. Postanowienia ko\u0144cowe \u00a71. Definicje Regulamin\u00a0\u2013 niniejszy dokument okre\u015blaj\u0105cy zasady po\u015bredniczenia przez Po\u015brednika przy sprzeda\u017cy us\u0142ug oraz funkcjonowania serwis\u00f3w internetowych prowadzonych przez FOTC\u00a0 Po\u015brednik\u00a0(FOTC) \u2013 Fly On...\" \/>\n<meta property=\"og:url\" content=\"https:\/\/fotc.com\/pl\/regulamin\/\" \/>\n<meta property=\"og:site_name\" content=\"FOTC\" \/>\n<meta property=\"article:modified_time\" content=\"2025-05-05T15:07:39+00:00\" \/>\n<meta name=\"twitter:card\" content=\"summary_large_image\" \/>\n<script type=\"application\/ld+json\" class=\"yoast-schema-graph\">{\"@context\":\"https:\/\/schema.org\",\"@graph\":[{\"@type\":\"WebPage\",\"@id\":\"https:\/\/fotc.com\/pl\/regulamin\/\",\"url\":\"https:\/\/fotc.com\/pl\/regulamin\/\",\"name\":\"Regulamin Platform prowadzonych przez FOTC - FOTC\",\"isPartOf\":{\"@id\":\"https:\/\/fotc.com\/#website\"},\"datePublished\":\"2022-03-10T11:23:30+00:00\",\"dateModified\":\"2025-05-05T15:07:39+00:00\",\"breadcrumb\":{\"@id\":\"https:\/\/fotc.com\/pl\/regulamin\/#breadcrumb\"},\"inLanguage\":\"pl-PL\",\"potentialAction\":[{\"@type\":\"ReadAction\",\"target\":[\"https:\/\/fotc.com\/pl\/regulamin\/\"]}]},{\"@type\":\"BreadcrumbList\",\"@id\":\"https:\/\/fotc.com\/pl\/regulamin\/#breadcrumb\",\"itemListElement\":[{\"@type\":\"ListItem\",\"position\":1,\"name\":\"PL\",\"item\":\"https:\/\/fotc.com\/pl\/\"},{\"@type\":\"ListItem\",\"position\":2,\"name\":\"Regulamin Platform prowadzonych przez FOTC\"}]},{\"@type\":\"WebSite\",\"@id\":\"https:\/\/fotc.com\/#website\",\"url\":\"https:\/\/fotc.com\/\",\"name\":\"FOTC\",\"description\":\"Partner Google Cloud\",\"potentialAction\":[{\"@type\":\"SearchAction\",\"target\":{\"@type\":\"EntryPoint\",\"urlTemplate\":\"https:\/\/fotc.com\/?s={search_term_string}\"},\"query-input\":\"required name=search_term_string\"}],\"inLanguage\":\"pl-PL\"}]}<\/script>\n<!-- \/ Yoast SEO Premium plugin. -->","yoast_head_json":{"title":"Regulamin Platform prowadzonych przez FOTC - FOTC","robots":{"index":"noindex","follow":"nofollow"},"og_locale":"pl_PL","og_type":"article","og_title":"Regulamin Platform prowadzonych przez FOTC","og_description":"Contents1 \u00a71. Definicje2 \u00a72. Informacje og\u00f3lne3 \u00a73. Zasady dotycz\u0105ce Produkt\u00f3w cyfrowych4 \u00a74. Ceny i p\u0142atno\u015bci5 \u00a75. Dostawa i zwroty6 \u00a76. Reklamacje i gwarancja&nbsp;7 \u00a77. Dane osobowe i bezpiecze\u0144stwo8 \u00a78. Postanowienia ko\u0144cowe \u00a71. Definicje Regulamin\u00a0\u2013 niniejszy dokument okre\u015blaj\u0105cy zasady po\u015bredniczenia przez Po\u015brednika przy sprzeda\u017cy us\u0142ug oraz funkcjonowania serwis\u00f3w internetowych prowadzonych przez FOTC\u00a0 Po\u015brednik\u00a0(FOTC) \u2013 Fly On...","og_url":"https:\/\/fotc.com\/pl\/regulamin\/","og_site_name":"FOTC","article_modified_time":"2025-05-05T15:07:39+00:00","twitter_card":"summary_large_image","schema":{"@context":"https:\/\/schema.org","@graph":[{"@type":"WebPage","@id":"https:\/\/fotc.com\/pl\/regulamin\/","url":"https:\/\/fotc.com\/pl\/regulamin\/","name":"Regulamin Platform prowadzonych przez FOTC - FOTC","isPartOf":{"@id":"https:\/\/fotc.com\/#website"},"datePublished":"2022-03-10T11:23:30+00:00","dateModified":"2025-05-05T15:07:39+00:00","breadcrumb":{"@id":"https:\/\/fotc.com\/pl\/regulamin\/#breadcrumb"},"inLanguage":"pl-PL","potentialAction":[{"@type":"ReadAction","target":["https:\/\/fotc.com\/pl\/regulamin\/"]}]},{"@type":"BreadcrumbList","@id":"https:\/\/fotc.com\/pl\/regulamin\/#breadcrumb","itemListElement":[{"@type":"ListItem","position":1,"name":"PL","item":"https:\/\/fotc.com\/pl\/"},{"@type":"ListItem","position":2,"name":"Regulamin Platform prowadzonych przez FOTC"}]},{"@type":"WebSite","@id":"https:\/\/fotc.com\/#website","url":"https:\/\/fotc.com\/","name":"FOTC","description":"Partner Google Cloud","potentialAction":[{"@type":"SearchAction","target":{"@type":"EntryPoint","urlTemplate":"https:\/\/fotc.com\/?s={search_term_string}"},"query-input":"required name=search_term_string"}],"inLanguage":"pl-PL"}]}},"_links":{"self":[{"href":"https:\/\/fotc.com\/pl\/wp-json\/wp\/v2\/pages\/66487"}],"collection":[{"href":"https:\/\/fotc.com\/pl\/wp-json\/wp\/v2\/pages"}],"about":[{"href":"https:\/\/fotc.com\/pl\/wp-json\/wp\/v2\/types\/page"}],"author":[{"embeddable":true,"href":"https:\/\/fotc.com\/pl\/wp-json\/wp\/v2\/users\/22"}],"replies":[{"embeddable":true,"href":"https:\/\/fotc.com\/pl\/wp-json\/wp\/v2\/comments?post=66487"}],"version-history":[{"count":0,"href":"https:\/\/fotc.com\/pl\/wp-json\/wp\/v2\/pages\/66487\/revisions"}],"wp:attachment":[{"href":"https:\/\/fotc.com\/pl\/wp-json\/wp\/v2\/media?parent=66487"}],"curies":[{"name":"wp","href":"https:\/\/api.w.org\/{rel}","templated":true}]}}