{"id":169746,"date":"2026-03-20T13:05:30","date_gmt":"2026-03-20T12:05:30","guid":{"rendered":"https:\/\/fotc.com\/?page_id=169746"},"modified":"2026-03-23T08:53:20","modified_gmt":"2026-03-23T07:53:20","slug":"asystent-ai-dla-zarzadu","status":"publish","type":"page","link":"https:\/\/fotc.com\/pl\/firmowi-asystenci-ai\/asystent-ai-dla-zarzadu\/","title":{"rendered":"Asystent AI dla Zarz\u0105du"},"content":{"rendered":"","protected":false},"excerpt":{"rendered":"","protected":false},"author":22,"featured_media":169761,"parent":167458,"menu_order":0,"comment_status":"closed","ping_status":"closed","template":"views\/template-asystentone.blade.php","meta":{"_editorskit_title_hidden":false,"_editorskit_reading_time":1,"_editorskit_typography_data":null,"_editorskit_blocks_typography":"","_editorskit_is_block_options_detached":false,"_editorskit_block_options_position":"{}"},"yoast_head":"<!-- This site is optimized with the Yoast SEO Premium plugin v16.7 (Yoast SEO v19.6) - https:\/\/yoast.com\/wordpress\/plugins\/seo\/ -->\n<title>Asystent AI dla Zarz\u0105du | Strategia oparta na danych<\/title>\n<meta name=\"description\" content=\"Przyspiesz podejmowanie decyzji strategicznych z Agentem AI. Wykorzystaj AI do analizy trend\u00f3w i danych wewn\u0119trznych, by odkrywa\u0107 nowe szanse rynkowe.\" \/>\n<meta name=\"robots\" content=\"noindex, nofollow\" \/>\n<meta property=\"og:locale\" content=\"pl_PL\" \/>\n<meta property=\"og:type\" content=\"article\" \/>\n<meta property=\"og:title\" content=\"Asystent AI dla Zarz\u0105du\" \/>\n<meta property=\"og:description\" content=\"Przyspiesz podejmowanie decyzji strategicznych z Agentem AI. Wykorzystaj AI do analizy trend\u00f3w i danych wewn\u0119trznych, by odkrywa\u0107 nowe szanse rynkowe.\" \/>\n<meta property=\"og:url\" content=\"https:\/\/fotc.com\/pl\/firmowi-asystenci-ai\/asystent-ai-dla-zarzadu\/\" \/>\n<meta property=\"og:site_name\" content=\"FOTC\" \/>\n<meta property=\"article:modified_time\" content=\"2026-03-23T07:53:20+00:00\" \/>\n<meta property=\"og:image\" content=\"https:\/\/fotc.com\/app\/uploads\/2026\/03\/Mini_karta-kwiecien-2.jpg\" \/>\n\t<meta property=\"og:image:width\" content=\"1280\" \/>\n\t<meta property=\"og:image:height\" content=\"720\" \/>\n\t<meta property=\"og:image:type\" content=\"image\/jpeg\" \/>\n<meta name=\"twitter:card\" content=\"summary_large_image\" \/>\n<script type=\"application\/ld+json\" class=\"yoast-schema-graph\">{\"@context\":\"https:\/\/schema.org\",\"@graph\":[{\"@type\":\"WebPage\",\"@id\":\"https:\/\/fotc.com\/pl\/firmowi-asystenci-ai\/asystent-ai-dla-zarzadu\/\",\"url\":\"https:\/\/fotc.com\/pl\/firmowi-asystenci-ai\/asystent-ai-dla-zarzadu\/\",\"name\":\"Asystent AI dla Zarz\u0105du | Strategia oparta na danych\",\"isPartOf\":{\"@id\":\"https:\/\/fotc.com\/#website\"},\"datePublished\":\"2026-03-20T12:05:30+00:00\",\"dateModified\":\"2026-03-23T07:53:20+00:00\",\"description\":\"Przyspiesz podejmowanie decyzji strategicznych z Agentem AI. Wykorzystaj AI do analizy trend\u00f3w i danych wewn\u0119trznych, by odkrywa\u0107 nowe szanse rynkowe.\",\"breadcrumb\":{\"@id\":\"https:\/\/fotc.com\/pl\/firmowi-asystenci-ai\/asystent-ai-dla-zarzadu\/#breadcrumb\"},\"inLanguage\":\"pl-PL\",\"potentialAction\":[{\"@type\":\"ReadAction\",\"target\":[\"https:\/\/fotc.com\/pl\/firmowi-asystenci-ai\/asystent-ai-dla-zarzadu\/\"]}]},{\"@type\":\"BreadcrumbList\",\"@id\":\"https:\/\/fotc.com\/pl\/firmowi-asystenci-ai\/asystent-ai-dla-zarzadu\/#breadcrumb\",\"itemListElement\":[{\"@type\":\"ListItem\",\"position\":1,\"name\":\"PL\",\"item\":\"https:\/\/fotc.com\/pl\/\"},{\"@type\":\"ListItem\",\"position\":2,\"name\":\"Firmowi Asystenci Ai\",\"item\":\"https:\/\/fotc.com\/pl\/firmowi-asystenci-ai\/\"},{\"@type\":\"ListItem\",\"position\":3,\"name\":\"Asystent AI dla Zarz\u0105du\"}]},{\"@type\":\"WebSite\",\"@id\":\"https:\/\/fotc.com\/#website\",\"url\":\"https:\/\/fotc.com\/\",\"name\":\"FOTC\",\"description\":\"Partner Google Cloud\",\"potentialAction\":[{\"@type\":\"SearchAction\",\"target\":{\"@type\":\"EntryPoint\",\"urlTemplate\":\"https:\/\/fotc.com\/?s={search_term_string}\"},\"query-input\":\"required name=search_term_string\"}],\"inLanguage\":\"pl-PL\"}]}<\/script>\n<!-- \/ Yoast SEO Premium plugin. -->","yoast_head_json":{"title":"Asystent AI dla Zarz\u0105du | Strategia oparta na danych","description":"Przyspiesz podejmowanie decyzji strategicznych z Agentem AI. Wykorzystaj AI do analizy trend\u00f3w i danych wewn\u0119trznych, by odkrywa\u0107 nowe szanse rynkowe.","robots":{"index":"noindex","follow":"nofollow"},"og_locale":"pl_PL","og_type":"article","og_title":"Asystent AI dla Zarz\u0105du","og_description":"Przyspiesz podejmowanie decyzji strategicznych z Agentem AI. Wykorzystaj AI do analizy trend\u00f3w i danych wewn\u0119trznych, by odkrywa\u0107 nowe szanse rynkowe.","og_url":"https:\/\/fotc.com\/pl\/firmowi-asystenci-ai\/asystent-ai-dla-zarzadu\/","og_site_name":"FOTC","article_modified_time":"2026-03-23T07:53:20+00:00","og_image":[{"width":1280,"height":720,"url":"https:\/\/fotc.com\/app\/uploads\/2026\/03\/Mini_karta-kwiecien-2.jpg","type":"image\/jpeg"}],"twitter_card":"summary_large_image","schema":{"@context":"https:\/\/schema.org","@graph":[{"@type":"WebPage","@id":"https:\/\/fotc.com\/pl\/firmowi-asystenci-ai\/asystent-ai-dla-zarzadu\/","url":"https:\/\/fotc.com\/pl\/firmowi-asystenci-ai\/asystent-ai-dla-zarzadu\/","name":"Asystent AI dla Zarz\u0105du | Strategia oparta na danych","isPartOf":{"@id":"https:\/\/fotc.com\/#website"},"datePublished":"2026-03-20T12:05:30+00:00","dateModified":"2026-03-23T07:53:20+00:00","description":"Przyspiesz podejmowanie decyzji strategicznych z Agentem AI. Wykorzystaj AI do analizy trend\u00f3w i danych wewn\u0119trznych, by odkrywa\u0107 nowe szanse rynkowe.","breadcrumb":{"@id":"https:\/\/fotc.com\/pl\/firmowi-asystenci-ai\/asystent-ai-dla-zarzadu\/#breadcrumb"},"inLanguage":"pl-PL","potentialAction":[{"@type":"ReadAction","target":["https:\/\/fotc.com\/pl\/firmowi-asystenci-ai\/asystent-ai-dla-zarzadu\/"]}]},{"@type":"BreadcrumbList","@id":"https:\/\/fotc.com\/pl\/firmowi-asystenci-ai\/asystent-ai-dla-zarzadu\/#breadcrumb","itemListElement":[{"@type":"ListItem","position":1,"name":"PL","item":"https:\/\/fotc.com\/pl\/"},{"@type":"ListItem","position":2,"name":"Firmowi Asystenci Ai","item":"https:\/\/fotc.com\/pl\/firmowi-asystenci-ai\/"},{"@type":"ListItem","position":3,"name":"Asystent AI dla Zarz\u0105du"}]},{"@type":"WebSite","@id":"https:\/\/fotc.com\/#website","url":"https:\/\/fotc.com\/","name":"FOTC","description":"Partner Google Cloud","potentialAction":[{"@type":"SearchAction","target":{"@type":"EntryPoint","urlTemplate":"https:\/\/fotc.com\/?s={search_term_string}"},"query-input":"required name=search_term_string"}],"inLanguage":"pl-PL"}]}},"_links":{"self":[{"href":"https:\/\/fotc.com\/pl\/wp-json\/wp\/v2\/pages\/169746"}],"collection":[{"href":"https:\/\/fotc.com\/pl\/wp-json\/wp\/v2\/pages"}],"about":[{"href":"https:\/\/fotc.com\/pl\/wp-json\/wp\/v2\/types\/page"}],"author":[{"embeddable":true,"href":"https:\/\/fotc.com\/pl\/wp-json\/wp\/v2\/users\/22"}],"replies":[{"embeddable":true,"href":"https:\/\/fotc.com\/pl\/wp-json\/wp\/v2\/comments?post=169746"}],"version-history":[{"count":0,"href":"https:\/\/fotc.com\/pl\/wp-json\/wp\/v2\/pages\/169746\/revisions"}],"up":[{"embeddable":true,"href":"https:\/\/fotc.com\/pl\/wp-json\/wp\/v2\/pages\/167458"}],"wp:featuredmedia":[{"embeddable":true,"href":"https:\/\/fotc.com\/pl\/wp-json\/wp\/v2\/media\/169761"}],"wp:attachment":[{"href":"https:\/\/fotc.com\/pl\/wp-json\/wp\/v2\/media?parent=169746"}],"curies":[{"name":"wp","href":"https:\/\/api.w.org\/{rel}","templated":true}]}}