{"id":168419,"date":"2026-02-17T13:23:55","date_gmt":"2026-02-17T12:23:55","guid":{"rendered":"https:\/\/fotc.com\/?page_id=168419"},"modified":"2026-03-06T11:21:50","modified_gmt":"2026-03-06T10:21:50","slug":"asystent-ai-dla-logistyki","status":"publish","type":"page","link":"https:\/\/fotc.com\/pl\/firmowi-asystenci-ai\/asystent-ai-dla-logistyki\/","title":{"rendered":"Asystent AI dla logistyki"},"content":{"rendered":"","protected":false},"excerpt":{"rendered":"","protected":false},"author":22,"featured_media":169078,"parent":167458,"menu_order":0,"comment_status":"closed","ping_status":"closed","template":"views\/template-asystentone.blade.php","meta":{"_editorskit_title_hidden":false,"_editorskit_reading_time":1,"_editorskit_typography_data":null,"_editorskit_blocks_typography":"","_editorskit_is_block_options_detached":false,"_editorskit_block_options_position":"{}"},"yoast_head":"<!-- This site is optimized with the Yoast SEO Premium plugin v16.7 (Yoast SEO v19.6) - https:\/\/yoast.com\/wordpress\/plugins\/seo\/ -->\n<title>Asystent AI dla Logistyki - Optymalizacja tras i koszt\u00f3w<\/title>\n<meta name=\"description\" content=\"Zautomatyzuj planowanie tras z Asystentem AI. Obni\u017c koszty paliwa, wyeliminuj puste przebiegi i zwi\u0119ksz mar\u017cowo\u015b\u0107 transportu dzi\u0119ki inteligentnej optymalizacji.\" \/>\n<meta name=\"robots\" content=\"noindex, nofollow\" \/>\n<meta property=\"og:locale\" content=\"pl_PL\" \/>\n<meta property=\"og:type\" content=\"article\" \/>\n<meta property=\"og:title\" content=\"Asystent AI dla logistyki\" \/>\n<meta property=\"og:description\" content=\"Zautomatyzuj planowanie tras z Asystentem AI. Obni\u017c koszty paliwa, wyeliminuj puste przebiegi i zwi\u0119ksz mar\u017cowo\u015b\u0107 transportu dzi\u0119ki inteligentnej optymalizacji.\" \/>\n<meta property=\"og:url\" content=\"https:\/\/fotc.com\/pl\/firmowi-asystenci-ai\/asystent-ai-dla-logistyki\/\" \/>\n<meta property=\"og:site_name\" content=\"FOTC\" \/>\n<meta property=\"article:modified_time\" content=\"2026-03-06T10:21:50+00:00\" \/>\n<meta property=\"og:image\" content=\"https:\/\/fotc.com\/app\/uploads\/2026\/03\/Mini_karta-kwiecien.jpg\" \/>\n\t<meta property=\"og:image:width\" content=\"1280\" \/>\n\t<meta property=\"og:image:height\" content=\"720\" \/>\n\t<meta property=\"og:image:type\" content=\"image\/jpeg\" \/>\n<meta name=\"twitter:card\" content=\"summary_large_image\" \/>\n<script type=\"application\/ld+json\" class=\"yoast-schema-graph\">{\"@context\":\"https:\/\/schema.org\",\"@graph\":[{\"@type\":\"WebPage\",\"@id\":\"https:\/\/fotc.com\/pl\/firmowi-asystenci-ai\/asystent-ai-dla-logistyki\/\",\"url\":\"https:\/\/fotc.com\/pl\/firmowi-asystenci-ai\/asystent-ai-dla-logistyki\/\",\"name\":\"Asystent AI dla Logistyki - Optymalizacja tras i koszt\u00f3w\",\"isPartOf\":{\"@id\":\"https:\/\/fotc.com\/#website\"},\"datePublished\":\"2026-02-17T12:23:55+00:00\",\"dateModified\":\"2026-03-06T10:21:50+00:00\",\"description\":\"Zautomatyzuj planowanie tras z Asystentem AI. Obni\u017c koszty paliwa, wyeliminuj puste przebiegi i zwi\u0119ksz mar\u017cowo\u015b\u0107 transportu dzi\u0119ki inteligentnej optymalizacji.\",\"breadcrumb\":{\"@id\":\"https:\/\/fotc.com\/pl\/firmowi-asystenci-ai\/asystent-ai-dla-logistyki\/#breadcrumb\"},\"inLanguage\":\"pl-PL\",\"potentialAction\":[{\"@type\":\"ReadAction\",\"target\":[\"https:\/\/fotc.com\/pl\/firmowi-asystenci-ai\/asystent-ai-dla-logistyki\/\"]}]},{\"@type\":\"BreadcrumbList\",\"@id\":\"https:\/\/fotc.com\/pl\/firmowi-asystenci-ai\/asystent-ai-dla-logistyki\/#breadcrumb\",\"itemListElement\":[{\"@type\":\"ListItem\",\"position\":1,\"name\":\"PL\",\"item\":\"https:\/\/fotc.com\/pl\/\"},{\"@type\":\"ListItem\",\"position\":2,\"name\":\"Firmowi Asystenci Ai\",\"item\":\"https:\/\/fotc.com\/pl\/firmowi-asystenci-ai\/\"},{\"@type\":\"ListItem\",\"position\":3,\"name\":\"Asystent AI dla logistyki\"}]},{\"@type\":\"WebSite\",\"@id\":\"https:\/\/fotc.com\/#website\",\"url\":\"https:\/\/fotc.com\/\",\"name\":\"FOTC\",\"description\":\"Partner Google Cloud\",\"potentialAction\":[{\"@type\":\"SearchAction\",\"target\":{\"@type\":\"EntryPoint\",\"urlTemplate\":\"https:\/\/fotc.com\/?s={search_term_string}\"},\"query-input\":\"required name=search_term_string\"}],\"inLanguage\":\"pl-PL\"}]}<\/script>\n<!-- \/ Yoast SEO Premium plugin. -->","yoast_head_json":{"title":"Asystent AI dla Logistyki - Optymalizacja tras i koszt\u00f3w","description":"Zautomatyzuj planowanie tras z Asystentem AI. Obni\u017c koszty paliwa, wyeliminuj puste przebiegi i zwi\u0119ksz mar\u017cowo\u015b\u0107 transportu dzi\u0119ki inteligentnej optymalizacji.","robots":{"index":"noindex","follow":"nofollow"},"og_locale":"pl_PL","og_type":"article","og_title":"Asystent AI dla logistyki","og_description":"Zautomatyzuj planowanie tras z Asystentem AI. Obni\u017c koszty paliwa, wyeliminuj puste przebiegi i zwi\u0119ksz mar\u017cowo\u015b\u0107 transportu dzi\u0119ki inteligentnej optymalizacji.","og_url":"https:\/\/fotc.com\/pl\/firmowi-asystenci-ai\/asystent-ai-dla-logistyki\/","og_site_name":"FOTC","article_modified_time":"2026-03-06T10:21:50+00:00","og_image":[{"width":1280,"height":720,"url":"https:\/\/fotc.com\/app\/uploads\/2026\/03\/Mini_karta-kwiecien.jpg","type":"image\/jpeg"}],"twitter_card":"summary_large_image","schema":{"@context":"https:\/\/schema.org","@graph":[{"@type":"WebPage","@id":"https:\/\/fotc.com\/pl\/firmowi-asystenci-ai\/asystent-ai-dla-logistyki\/","url":"https:\/\/fotc.com\/pl\/firmowi-asystenci-ai\/asystent-ai-dla-logistyki\/","name":"Asystent AI dla Logistyki - Optymalizacja tras i koszt\u00f3w","isPartOf":{"@id":"https:\/\/fotc.com\/#website"},"datePublished":"2026-02-17T12:23:55+00:00","dateModified":"2026-03-06T10:21:50+00:00","description":"Zautomatyzuj planowanie tras z Asystentem AI. Obni\u017c koszty paliwa, wyeliminuj puste przebiegi i zwi\u0119ksz mar\u017cowo\u015b\u0107 transportu dzi\u0119ki inteligentnej optymalizacji.","breadcrumb":{"@id":"https:\/\/fotc.com\/pl\/firmowi-asystenci-ai\/asystent-ai-dla-logistyki\/#breadcrumb"},"inLanguage":"pl-PL","potentialAction":[{"@type":"ReadAction","target":["https:\/\/fotc.com\/pl\/firmowi-asystenci-ai\/asystent-ai-dla-logistyki\/"]}]},{"@type":"BreadcrumbList","@id":"https:\/\/fotc.com\/pl\/firmowi-asystenci-ai\/asystent-ai-dla-logistyki\/#breadcrumb","itemListElement":[{"@type":"ListItem","position":1,"name":"PL","item":"https:\/\/fotc.com\/pl\/"},{"@type":"ListItem","position":2,"name":"Firmowi Asystenci Ai","item":"https:\/\/fotc.com\/pl\/firmowi-asystenci-ai\/"},{"@type":"ListItem","position":3,"name":"Asystent AI dla logistyki"}]},{"@type":"WebSite","@id":"https:\/\/fotc.com\/#website","url":"https:\/\/fotc.com\/","name":"FOTC","description":"Partner Google Cloud","potentialAction":[{"@type":"SearchAction","target":{"@type":"EntryPoint","urlTemplate":"https:\/\/fotc.com\/?s={search_term_string}"},"query-input":"required name=search_term_string"}],"inLanguage":"pl-PL"}]}},"_links":{"self":[{"href":"https:\/\/fotc.com\/pl\/wp-json\/wp\/v2\/pages\/168419"}],"collection":[{"href":"https:\/\/fotc.com\/pl\/wp-json\/wp\/v2\/pages"}],"about":[{"href":"https:\/\/fotc.com\/pl\/wp-json\/wp\/v2\/types\/page"}],"author":[{"embeddable":true,"href":"https:\/\/fotc.com\/pl\/wp-json\/wp\/v2\/users\/22"}],"replies":[{"embeddable":true,"href":"https:\/\/fotc.com\/pl\/wp-json\/wp\/v2\/comments?post=168419"}],"version-history":[{"count":0,"href":"https:\/\/fotc.com\/pl\/wp-json\/wp\/v2\/pages\/168419\/revisions"}],"up":[{"embeddable":true,"href":"https:\/\/fotc.com\/pl\/wp-json\/wp\/v2\/pages\/167458"}],"wp:featuredmedia":[{"embeddable":true,"href":"https:\/\/fotc.com\/pl\/wp-json\/wp\/v2\/media\/169078"}],"wp:attachment":[{"href":"https:\/\/fotc.com\/pl\/wp-json\/wp\/v2\/media?parent=168419"}],"curies":[{"name":"wp","href":"https:\/\/api.w.org\/{rel}","templated":true}]}}