{"id":163511,"date":"2025-09-01T09:25:19","date_gmt":"2025-09-01T07:25:19","guid":{"rendered":"https:\/\/fotc.com\/?page_id=163511"},"modified":"2025-09-01T09:26:36","modified_gmt":"2025-09-01T07:26:36","slug":"regulamin-program-partnerski","status":"publish","type":"page","link":"https:\/\/fotc.com\/pl\/regulamin-program-partnerski\/","title":{"rendered":"Regulamin-program-partnerski"},"content":{"rendered":"\n<p><strong>Regulamin programu polece\u0144 partner\u00f3w Fly On The Cloud<\/strong><\/p>\n\n\n\n<p><strong>Data aktualizacji Regulaminu: <\/strong>1 wrze\u015bnia 2025 r.<\/p>\n\n\n\n<h3 class=\"wp-block-heading\" id=\"h-1-definicje\"><strong>\u00a71. DEFINICJE<\/strong><\/h3>\n\n\n\n<ol class=\"wp-block-list\"><li><strong>Regulamin<\/strong> \u2013 niniejszy dokument okre\u015bla zasady funkcjonowania Programu Polece\u0144, kt\u00f3rego akceptacja jest niezb\u0119dna do wzi\u0119cia udzia\u0142u w Programie Polece\u0144.<\/li><li><strong>Program Polece\u0144<\/strong> \u2013 program, kt\u00f3ry ma na celu polecanie przez FOTC us\u0142ug Partnera w ramach wyszukiwarki partner\u00f3w na stronie internetowej FOTC <a href=\"https:\/\/fotc.com\/pl\/katalog-partnerski\/\" class=\"ek-link\">https:\/\/fotc.com\/pl\/katalog-partnerski\/<\/a> oraz przekazanie Partnerowi lead\u00f3w na zasadach okre\u015blonych w Regulaminie.<\/li><li><strong>FOTC<\/strong> \u2013 Fly On The Cloud sp. z o.o. z siedzib\u0105 we Wroc\u0142awiu (50-125), ul. \u015aw. Miko\u0142aja 8-11, 50-125 Wroc\u0142aw, wpisana do rejestru przedsi\u0119biorc\u00f3w prowadzonego przez S\u0105d Rejonowy dla Wroc\u0142awia Fabrycznej, Wydzia\u0142 VI Krajowego Rejestru S\u0105dowego, pod numerem KRS 0000500884, o kapitale zak\u0142adowym w wysoko\u015bci 10.000 z\u0142, NIP: 8971797086, kt\u00f3ra jest organizatorem Programu Polece\u0144.<\/li><li><strong>Partner<\/strong> \u2013 podmiot, kt\u00f3ry przyst\u0105pi\u0142 do Programu Polece\u0144 za po\u015brednictwem strony internetowej znajduj\u0105cej si\u0119 pod adresem: <a href=\"https:\/\/fotc.com\/pl\/kontakt-program-partnerski\/\">https:\/\/fotc.com\/pl\/kontakt-program-partnerski\/<\/a>\u00a0 oraz zaakceptowa\u0142 niniejszy Regulamin. Partnerem mo\u017ce zosta\u0107 wy\u0142\u0105cznie przedsi\u0119biorca, czyli osoba fizyczna, osoba prawna i jednostka organizacyjna, prowadz\u0105ca we w\u0142asnym imieniu dzia\u0142alno\u015b\u0107 gospodarcz\u0105 lub zawodow\u0105 (<strong>relacja B2B z FOTC<\/strong>).\u00a0<\/li><li><strong>Klient <\/strong>\u2013 zainteresowany us\u0142ugami Partnera podmiot, kt\u00f3rego dane kontaktowe FOTC przekazuje od Partnera. Klientem mo\u017ce by\u0107 wy\u0142\u0105cznie przedsi\u0119biorca czyli osoba fizyczna, osoba prawna i jednostka organizacyjna, prowadz\u0105ca we w\u0142asnym imieniu dzia\u0142alno\u015b\u0107 gospodarcz\u0105 lub zawodow\u0105.<\/li><li><strong>Lead <\/strong>\u2013 dane kontaktowe Klienta, kt\u00f3re FOTC przekazuje Partnerowi.\u00a0<\/li><li><strong>PartnerPage <\/strong>\u2013<strong> <\/strong>sp\u00f3\u0142ka Outwork, Inc. dba PartnerPage, z siedzib\u0105 w San Francisco, kt\u00f3ra jest dostawc\u0105 us\u0142ug umo\u017cliwiaj\u0105cych wdro\u017cenie Wyszukiwarki na stronie internetowej FOTC.<\/li><li><strong>Wyszukiwarka<\/strong> &#8211; zintegrowane ze stron\u0105 internetow\u0105 FOTC narz\u0119dzie umo\u017cliwiaj\u0105ce <a href=\"http:\/\/m.in\">m.in<\/a>. prezentacj\u0119 ofert Partner\u00f3w oraz przekazywanie Lead\u00f3w Partnerom.\u00a0<\/li><li><strong>Profil<\/strong> &#8211; opis us\u0142ug Partnera na podstronie w Wyszukiwarce, zawieraj\u0105cy m.in. nazwa i logo Partnera, lokalizacja, strona internetowa, status weryfikacji i stopie\u0144 wsp\u00f3\u0142pracy Partnera z FOTC, opis us\u0142ug\u00a0 i ewentualne oferty specjalne Partnera.<\/li><li><strong>Przepisy o ochronie danych osobowych<\/strong> \u2013 oznaczaj\u0105 Rozporz\u0105dzenie Parlamentu Europejskiego i Rady (UE) 2016\/679 z dnia 27 kwietnia 2016 r. w sprawie ochrony os\u00f3b fizycznych w zwi\u0105zku z przetwarzaniem danych osobowych i w sprawie swobodnego przep\u0142ywu takich danych oraz uchylenia dyrektywy 95\/46\/WE (og\u00f3lne rozporz\u0105dzenie o ochronie danych) (RODO), Ustaw\u0119 o ochronie danych osobowych z 10 maja 2018 r. jak r\u00f3wnie\u017c wszelkie odpowiednie i r\u00f3wnowa\u017cne krajowe przepisy ustawowe i wykonawcze.<\/li><\/ol>\n\n\n\n<h3 class=\"wp-block-heading\" id=\"h-2-partner\"><strong>\u00a72. PARTNER<\/strong><\/h3>\n\n\n\n<ol class=\"wp-block-list\"><li>FOTC udost\u0119pnia Partnerowi stron\u0119 internetow\u0105 <a href=\"https:\/\/fotc.com\/pl\/kontakt-program-partnerski\/\">https:\/\/fotc.com\/pl\/kontakt-program-partnerski\/<\/a> za po\u015brednictwem, kt\u00f3rej Partner mo\u017ce przyst\u0105pi\u0107 do Programu Polece\u0144 oraz zaakceptowa\u0107 Regulamin. Przyst\u0105pienie do Programu wymaga przekazania FOTC danych kontaktowych Partnera. Po ich przekazaniu za po\u015brednictwem formularza kontaktowego i zaakceptowaniu niniejszego Regulaminu. Partner w ka\u017cdym momencie ma dost\u0119p do aktualnej tre\u015bci Regulaminu, kt\u00f3ra dost\u0119pna jest pod adresem: <a href=\"https:\/\/fotc.com\/pl\/?page_id=163511\" target=\"_blank\" rel=\"noreferrer noopener\" class=\"ek-link\">https:\/\/fotc.com\/pl\/regulamin-program-partnerski\/<\/a>.<\/li><li>Niezale\u017cnie od niniejszego Regulaminu, Partner mo\u017ce r\u00f3wnie\u017c przyst\u0105pi\u0107 do Programu Partnerskiego i zobowi\u0105za\u0107 si\u0119 do odp\u0142atnego polecania us\u0142ug realizowanych przez FOTC i przekazywania FOTC danych potencjalnych klient\u00f3w na zasadach wskazanych w <a href=\"https:\/\/fotc.com\/pl\/regulamin-program-partnerski\/\">Regulaminie programu partnerskiego<\/a>.<\/li><li>Partnerem mo\u017ce zosta\u0107 ka\u017cdy podmiot b\u0119d\u0105cy przedsi\u0119biorc\u0105.<\/li><li>Uczestnictwo w Programie Polece\u0144 jest dobrowolne, a warunkiem koniecznym przyst\u0105pienia do Programu Polece\u0144 jest wype\u0142nienie formularza kontaktowego i zaakceptowanie Regulaminu.<\/li><li>Partner zobowi\u0105zany jest do podania w formularzu kontaktowym prawdziwych danych kontaktowych. W przypadku gdy przekazane dane b\u0119d\u0105 fa\u0142szywe, FOTC zastrzega sobie prawo do nieskontaktowania si\u0119 z takim podmiotem, usuni\u0119cia przekazanych danych kontaktowych oraz nieujawnienia lub usuni\u0119cia Partnera z Wyszukiwarki.<\/li><li>W formularzu kontaktowym Partner zobowi\u0105zany jest do podania nast\u0119puj\u0105cych danych:<\/li><\/ol>\n\n\n\n<ol class=\"wp-block-list\"><li>adres e-mail<\/li><li>nazwa firmy<\/li><li>NIP<\/li><li>numer telefonu.<\/li><\/ol>\n\n\n\n<ol class=\"wp-block-list\" start=\"7\"><li>W przypadku zmiany danych Partnera w czasie trwania Programu Polece\u0144, Partner zobowi\u0105zuje si\u0119 do niezw\u0142ocznego ich uaktualnienia, pod rygorem wykluczenia Partnera z Programu Polece\u0144.<\/li><li>Udzia\u0142 Partnera w Programie Polece\u0144 nie stanowi zobowi\u0105zania FOTC do dzia\u0142ania w imieniu i na rzecz Partnera, sk\u0142adania w imieniu Partnera jakikolwiek o\u015bwiadcze\u0144 woli, ustalania warunk\u00f3w wsp\u00f3\u0142pracy z Klientem, w tym sk\u0142adania ofert, czy prowadzenia negocjacji. Wszelkich ustale\u0144 dotycz\u0105cych wsp\u00f3\u0142pracy pomi\u0119dzy Partnerem a Klientem dokonuje umocowany przedstawiciel Partnera.<\/li><\/ol>\n\n\n\n<h3 class=\"wp-block-heading\" id=\"h-3-zasady-programu-polece\"><strong>\u00a73. ZASADY PROGRAMU POLECE\u0143<\/strong><\/h3>\n\n\n\n<ol class=\"wp-block-list\"><li>FOTC zapewnia wy\u015bwietlenie Profilu Partnera w Wyszukiwarce nieodp\u0142atnie.&nbsp;<\/li><li>Niezale\u017cnie od ust. 1 powy\u017cej, Strony mog\u0105 ustali\u0107 indywidualne modele \u015bwiadcze\u0144 prowizyjnych na korzy\u015b\u0107 FOTC.<\/li><li>Wy\u015bwietlenie Profilu Partnera w Wyszukiwarce nast\u0119puje po weryfikacji przez FOTC danych Partnera oraz przekazanych przez Partnera informacji do Profilu (w tym plik graficzny z logo Partnera, opis us\u0142ug&nbsp; i ewentualne oferty specjalne Partnera) i akceptacji zapisu Partnera do Programu Polece\u0144.&nbsp;&nbsp;<\/li><li>W zwi\u0105zku z przyst\u0105pieniem do Programu Polece\u0144 i wy\u015bwietleniem Profilu Partnera w Wyszukiwarce, Partner wyra\u017ca zgod\u0119 na wykorzystanie przez FOTC w ramach prowadzonej na stronie internetowej FOTC Wyszukiwarki logo i nazwy Partnera oraz informacji o wsp\u00f3\u0142pracy z Partnerem, na potrzeby wy\u015bwietlenia Profilu Partnera w Wyszukiwarce oraz na potrzeby marketingowe (w tym na potrzeby wykorzystania informacji o wsp\u00f3\u0142pracy Stron do case study na temat skuteczno\u015bci Wyszukiwarki oraz jego p\u00f3\u017aniejsze rozpowszechnienie).&nbsp;<\/li><li>FOTC o\u015bwiadcza, \u017ce wykorzystanie nazwy, logo oraz informacji o wsp\u00f3\u0142pracy b\u0119dzie odbywa\u0107 si\u0119 w spos\u00f3b nienaruszaj\u0105cy dobrego imienia i renomy Partnera.&nbsp;<\/li><li>W zwi\u0105zku z ust. 3 Strony zawieraj\u0105 jednocze\u015bnie umow\u0119 licencji niewy\u0142\u0105cznej, kt\u00f3ra upowa\u017cnia FOTC do korzystania z logo i nazwy Partnera przez czas nieoznaczony, do chwili wykre\u015blenia Partnera z Wyszukiwarki. Licencja obejmuje nast\u0119puj\u0105ce pola eksploatacji:&nbsp;<ol><li>publiczne udost\u0119pnianie logo i nazwy w Wyszukiwarce;&nbsp;<\/li><li>publiczne udost\u0119pnianie na wszystkich portalach spo\u0142eczno\u015bciowych FOTC;&nbsp;<\/li><li>publiczne udost\u0119pnianie w prasie, telewizji, w materia\u0142ach promocyjnych i marketingowych dotycz\u0105cych FOTC, w tym w szczeg\u00f3lno\u015bci w materia\u0142ach drukowanych i audiowizualnych oraz w korespondencji e-mail;&nbsp;<\/li><li>publiczne udost\u0119pnianie m.in. podczas szkole\u0144, spotka\u0144, konferencji w celach promocyjnych i marketingowych;&nbsp;<\/li><li>utrwalanie, zwielokrotnianie i kopiowanie jak\u0105kolwiek technik\u0105, w tym technik\u0105 magnetyczn\u0105 na kasetach video, dyskach audiowizualnych, technik\u0105 \u015bwiat\u0142oczu\u0142\u0105, cyfrow\u0105, technik\u0105 zapisu komputerowego, w sieci multimedialnej (w tym w internecie).<\/li><\/ol><\/li><li>Partner o\u015bwiadcza jednocze\u015bnie, \u017ce:<ol><li>jest wy\u0142\u0105cznie uprawnionym z tytu\u0142u praw do logo i nazwy oraz mo\u017ce nimi rozporz\u0105dza\u0107 w pe\u0142nym przewidzianym przez prawo zakresie;<\/li><li>logo i nazwa nie s\u0105 obci\u0105\u017cone jakimikolwiek prawami czy roszczeniami os\u00f3b trzecich, a zawarcie umowy licencyjnej nie wymaga uzyskania zgody os\u00f3b trzecich;<\/li><li>nie s\u0105 mu znane okoliczno\u015bci, na kt\u00f3rych skutek wykorzystywanie nazwy lub logo Partnera narusza\u0142oby prawa os\u00f3b trzecich.&nbsp;<\/li><\/ol><\/li><li>Leadem przekazanym przez FOTC na wskazany przez Partnera adres e-mail s\u0105 dane wys\u0142ane przez Klienta uzyskane w zwi\u0105zku z wype\u0142nieniem przez Klienta formularza kontaktowego znajduj\u0105cego si\u0119 w Wyszukiwarce FOTC.<\/li><li>Lead przekazywany jest przy wykorzystaniu formularza kontaktowego zapewnianego przez PartnerPage. FOTC nie ponosi odpowiedzialno\u015bci za poprawno\u015b\u0107 i skuteczno\u015b\u0107 dzia\u0142ania us\u0142ug PartnerPage.<\/li><li>Partner mo\u017ce zrezygnowa\u0107 z udzia\u0142u w Programie Polece\u0144 w ka\u017cdym czasie poprzez przes\u0142anie stosownej informacji w formie elektronicznej do FOTC na adres wskazany w \u00a7 5 ust. 9 Regulaminu.&nbsp;<\/li><li>FOTC ma prawo wykluczy\u0107 Partnera z Programu Polece\u0144 lub nie przekaza\u0107 Leada w przypadku, gdy dzia\u0142ania Partnera lub Klienta s\u0105 sprzeczne z postanowieniami Regulaminu lub przepisami obowi\u0105zuj\u0105cego prawa.&nbsp;<\/li><li>FOTC nie ponosi odpowiedzialno\u015bci za wpisywane przez Klienta dane, w szczeg\u00f3lno\u015bci je\u015bli oka\u017c\u0105 si\u0119 nieprawid\u0142owe lub nieprawdziwe lub b\u0119d\u0105 dotyczy\u0107 osoby trzeciej.&nbsp;&nbsp;<\/li><\/ol>\n\n\n\n<h3 class=\"wp-block-heading\" id=\"h-4-ochrona-danych-osobowych\"><strong>\u00a74. OCHRONA DANYCH OSOBOWYCH<\/strong><\/h3>\n\n\n\n<ol class=\"wp-block-list\"><li>Szczeg\u00f3\u0142owe informacje o danych osobowych przetwarzanych przez FOTC umieszczone zosta\u0142y w Polityce prywatno\u015bci dost\u0119pnej pod adresem: <a href=\"https:\/\/fotc.com\/pl\/polityka-prywatnosci\/\">https:\/\/fotc.com\/pl\/polityka-prywatnosci<\/a>\/. Prosimy o zapoznanie si\u0119 z jej tre\u015bci\u0105 przed zaakceptowaniem Regulaminu.<\/li><li>FOTC przekazuje Leady na podstawie wyra\u017conej przez Klienta zgody na jednorazowe udost\u0119pnienie danych Partnerowi jako odr\u0119bnemu administratorowi danych osobowych. FOTC nie ponosi odpowiedzialno\u015bci za legalno\u015b\u0107 przetwarzania danych osobowych przez Partnera i realizacj\u0119 jego obowi\u0105zk\u00f3w prawnych, w tym przedstawienie Klientowi obowi\u0105zku informacyjnego z art. 14 RODO.&nbsp;<\/li><li>Partner o\u015bwiadcza i gwarantuje, \u017ce:<\/li><\/ol>\n\n\n\n<ol class=\"wp-block-list\"><li>na potrzeby udzia\u0142u w Programie Polece\u0144, a w szczeg\u00f3lno\u015bci w zwi\u0105zku z przekazywaniem przez FOTC Lead\u00f3w, spe\u0142nia wymogi okre\u015blone Przepisami o ochronie danych osobowych<\/li><li>przetwarzanie danych osobowych w celu, o kt\u00f3rym mowa w pkt a) nie spowoduje po stronie FOTC naruszenia Przepis\u00f3w o ochronie danych osobowych.<\/li><li>Partner na \u017c\u0105danie zwolni FOTC z odpowiedzialno\u015bci z tytu\u0142u wszelkich narusze\u0144, w szczeg\u00f3lno\u015bci Przepis\u00f3w o ochronie danych osobowych, d\u00f3br osobistych lub wynikaj\u0105cych z otrzymania przez Klienta niezam\u00f3wionej informacji handlowej\/marketingowej, kt\u00f3re powsta\u0142y bezpo\u015brednio lub po\u015brednio w zwi\u0105zku z dzia\u0142aniem lub zaniechaniem Partnera lub osoby dzia\u0142aj\u0105cej w jego imieniu. Zwolnienie z odpowiedzialno\u015bci nie jest ograniczone kwotowo i dotyczy wszelkich zobowi\u0105za\u0144 i kwot (w szczeg\u00f3lno\u015bci koszt\u00f3w obs\u0142ugi prawnej, roszcze\u0144, \u017c\u0105da\u0144, strat, odszkodowa\u0144, koszt\u00f3w post\u0119powania, kar), kt\u00f3rymi mia\u0142oby zosta\u0107 obci\u0105\u017cone FOTC w sytuacji gdy naruszenie zosta\u0142o spowodowane przez Partnera lub osoby dzia\u0142aj\u0105ce w jego imieniu.<\/li><\/ol>\n\n\n\n<h3 class=\"wp-block-heading\" id=\"h-5-postanowienia-ko-cowe\"><strong>\u00a75. POSTANOWIENIA KO\u0143COWE<\/strong><\/h3>\n\n\n\n<ol class=\"wp-block-list\"><li>Regulamin mo\u017ce by\u0107 aktualizowany i zmieniany. Jego aktualna tre\u015b\u0107 zawsze b\u0119dzie dost\u0119pna pod adresem: <a href=\"https:\/\/fotc.com\/pl\/?page_id=163511\" target=\"_blank\" rel=\"noreferrer noopener\" class=\"ek-link\">https:\/\/fotc.com\/pl\/regulamin-program-partnerski\/<\/a>. Partnerzy b\u0119d\u0105 r\u00f3wnie\u017c informowani o zmianach na wskazany w czasie rejestracji adres e-mail.<\/li><li>W przypadku zmiany Regulaminu Partner ma prawo do wniesienia sprzeciwu co do jego zmienionej tre\u015bci. B\u0119dzie to r\u00f3wnoznaczne z rezygnacj\u0105 Partnera z udzia\u0142u w Programie Polece\u0144. Sprzeciw musi zosta\u0107 z\u0142o\u017cony w formie elektronicznej, w ci\u0105gu 14 dni od chwili poinformowania o zmianie Regulaminu, na wskazany w \u00a7 5 ust. 8 Regulaminu adres e-mail.<\/li><li>FOTC ma prawo do zako\u0144czenia Programu Polece\u0144 w ka\u017cdym czasie. O zako\u0144czeniu Programu Polece\u0144 Partner zostanie poinformowany na wskazany w czasie rejestracji adres e-mail.\u00a0<\/li><li>FOTC nie jest odpowiedzialny za jakiekolwiek szkody wynikaj\u0105ce z naruszenia Regulaminu przez Klienta lub Partnera, a w szczeg\u00f3lno\u015bci za utracone korzy\u015bci Partnera lub Klienta.<\/li><li>FOTC nie jest odpowiedzialny za jakiekolwiek szkody wynikaj\u0105ce ze sposobu dzia\u0142ania Wyszukiwarki zapewnianej przez PartnerPage oraz przekazywania Lead\u00f3w za po\u015brednictwem formularzy wspieranych przez PartnerPage, w szczeg\u00f3lno\u015bci za utracone korzy\u015bci Partnera lub Klienta.<\/li><li>W przypadku wyst\u0105pienia ewentualnych spor\u00f3w, Strony (tj. Partner i FOTC) b\u0119d\u0105 d\u0105\u017cy\u0107 do ich polubownego rozwi\u0105zania.\u00a0<\/li><li>Regulamin obowi\u0105zuje od 1 wrze\u015bnia 2025 r.<\/li><li>Do Regulaminu zastosowanie znajduje prawo polskie.<\/li><li>W przypadku jakichkolwiek pyta\u0144 lub w\u0105tpliwo\u015bci zapraszamy do kontaktu:<\/li><\/ol>\n\n\n\n<ol class=\"wp-block-list\"><li>e-mailowo: <a href=\"mailto:partners@fotc.com\">partners@fotc.com<\/a>&nbsp;<\/li><li>telefonicznie:&nbsp; 532 519 010<\/li><li>poczt\u0105 na adres: ul. \u015aw. Miko\u0142aja 8-11, 50-125 Wroc\u0142aw.<\/li><\/ol>\n\n\n\n<p><strong>ZAPRASZAMY DO AKTYWNEGO UDZIA\u0141U<\/strong><\/p>\n\n\n\n<p><strong>W PROGRAMIE POLECE\u0143<\/strong><\/p>\n","protected":false},"excerpt":{"rendered":"<p>Regulamin programu polece\u0144 partner\u00f3w Fly On The Cloud Data aktualizacji Regulaminu: 1 wrze\u015bnia 2025 r. \u00a71. DEFINICJE Regulamin \u2013 niniejszy dokument okre\u015bla zasady funkcjonowania Programu Polece\u0144, kt\u00f3rego akceptacja jest niezb\u0119dna do wzi\u0119cia udzia\u0142u w Programie Polece\u0144. Program Polece\u0144 \u2013 program, kt\u00f3ry ma na celu polecanie przez FOTC us\u0142ug Partnera w ramach wyszukiwarki partner\u00f3w na stronie&#8230;<\/p>\n","protected":false},"author":22,"featured_media":0,"parent":0,"menu_order":0,"comment_status":"closed","ping_status":"closed","template":"","meta":{"_editorskit_title_hidden":false,"_editorskit_reading_time":5,"_editorskit_is_block_options_detached":false,"_editorskit_block_options_position":"{}","footnotes":""},"class_list":["post-163511","page","type-page","status-publish","hentry"],"yoast_head":"<!-- This site is optimized with the Yoast SEO Premium plugin v27.2 (Yoast SEO v27.2) - https:\/\/yoast.com\/product\/yoast-seo-premium-wordpress\/ -->\n<title>Regulamin-program-partnerski - FOTC<\/title>\n<meta name=\"robots\" content=\"index, follow, max-snippet:-1, max-image-preview:large, max-video-preview:-1\" \/>\n<link rel=\"canonical\" href=\"https:\/\/fotc.com\/pl\/regulamin-program-partnerski\/\" \/>\n<meta property=\"og:locale\" content=\"pl_PL\" \/>\n<meta property=\"og:type\" content=\"article\" \/>\n<meta property=\"og:title\" content=\"Regulamin-program-partnerski\" \/>\n<meta property=\"og:description\" content=\"Regulamin programu polece\u0144 partner\u00f3w Fly On The Cloud Data aktualizacji Regulaminu: 1 wrze\u015bnia 2025 r. \u00a71. DEFINICJE Regulamin \u2013 niniejszy dokument okre\u015bla zasady funkcjonowania Programu Polece\u0144, kt\u00f3rego akceptacja jest niezb\u0119dna do wzi\u0119cia udzia\u0142u w Programie Polece\u0144. Program Polece\u0144 \u2013 program, kt\u00f3ry ma na celu polecanie przez FOTC us\u0142ug Partnera w ramach wyszukiwarki partner\u00f3w na stronie...\" \/>\n<meta property=\"og:url\" content=\"https:\/\/fotc.com\/pl\/regulamin-program-partnerski\/\" \/>\n<meta property=\"og:site_name\" content=\"FOTC\" \/>\n<meta property=\"article:modified_time\" content=\"2025-09-01T07:26:36+00:00\" \/>\n<meta name=\"twitter:card\" content=\"summary_large_image\" \/>\n<script type=\"application\/ld+json\" class=\"yoast-schema-graph\">{\"@context\":\"https:\/\/schema.org\",\"@graph\":[{\"@type\":\"WebPage\",\"@id\":\"https:\/\/fotc.com\/pl\/regulamin-program-partnerski\/\",\"url\":\"https:\/\/fotc.com\/pl\/regulamin-program-partnerski\/\",\"name\":\"Regulamin-program-partnerski - FOTC\",\"isPartOf\":{\"@id\":\"https:\/\/fotc.com\/pl\/#website\"},\"datePublished\":\"2025-09-01T07:25:19+00:00\",\"dateModified\":\"2025-09-01T07:26:36+00:00\",\"breadcrumb\":{\"@id\":\"https:\/\/fotc.com\/pl\/regulamin-program-partnerski\/#breadcrumb\"},\"inLanguage\":\"pl-PL\",\"potentialAction\":[{\"@type\":\"ReadAction\",\"target\":[\"https:\/\/fotc.com\/pl\/regulamin-program-partnerski\/\"]}]},{\"@type\":\"BreadcrumbList\",\"@id\":\"https:\/\/fotc.com\/pl\/regulamin-program-partnerski\/#breadcrumb\",\"itemListElement\":[{\"@type\":\"ListItem\",\"position\":1,\"name\":\"Home\",\"item\":\"https:\/\/fotc.com\/pl\/\"},{\"@type\":\"ListItem\",\"position\":2,\"name\":\"Regulamin-program-partnerski\"}]},{\"@type\":\"WebSite\",\"@id\":\"https:\/\/fotc.com\/pl\/#website\",\"url\":\"https:\/\/fotc.com\/pl\/\",\"name\":\"FOTC\",\"description\":\"Partner Google Cloud\",\"potentialAction\":[{\"@type\":\"SearchAction\",\"target\":{\"@type\":\"EntryPoint\",\"urlTemplate\":\"https:\/\/fotc.com\/pl\/?s={search_term_string}\"},\"query-input\":{\"@type\":\"PropertyValueSpecification\",\"valueRequired\":true,\"valueName\":\"search_term_string\"}}],\"inLanguage\":\"pl-PL\"}]}<\/script>\n<!-- \/ Yoast SEO Premium plugin. -->","yoast_head_json":{"title":"Regulamin-program-partnerski - FOTC","robots":{"index":"index","follow":"follow","max-snippet":"max-snippet:-1","max-image-preview":"max-image-preview:large","max-video-preview":"max-video-preview:-1"},"canonical":"https:\/\/fotc.com\/pl\/regulamin-program-partnerski\/","og_locale":"pl_PL","og_type":"article","og_title":"Regulamin-program-partnerski","og_description":"Regulamin programu polece\u0144 partner\u00f3w Fly On The Cloud Data aktualizacji Regulaminu: 1 wrze\u015bnia 2025 r. \u00a71. DEFINICJE Regulamin \u2013 niniejszy dokument okre\u015bla zasady funkcjonowania Programu Polece\u0144, kt\u00f3rego akceptacja jest niezb\u0119dna do wzi\u0119cia udzia\u0142u w Programie Polece\u0144. Program Polece\u0144 \u2013 program, kt\u00f3ry ma na celu polecanie przez FOTC us\u0142ug Partnera w ramach wyszukiwarki partner\u00f3w na stronie...","og_url":"https:\/\/fotc.com\/pl\/regulamin-program-partnerski\/","og_site_name":"FOTC","article_modified_time":"2025-09-01T07:26:36+00:00","twitter_card":"summary_large_image","schema":{"@context":"https:\/\/schema.org","@graph":[{"@type":"WebPage","@id":"https:\/\/fotc.com\/pl\/regulamin-program-partnerski\/","url":"https:\/\/fotc.com\/pl\/regulamin-program-partnerski\/","name":"Regulamin-program-partnerski - FOTC","isPartOf":{"@id":"https:\/\/fotc.com\/pl\/#website"},"datePublished":"2025-09-01T07:25:19+00:00","dateModified":"2025-09-01T07:26:36+00:00","breadcrumb":{"@id":"https:\/\/fotc.com\/pl\/regulamin-program-partnerski\/#breadcrumb"},"inLanguage":"pl-PL","potentialAction":[{"@type":"ReadAction","target":["https:\/\/fotc.com\/pl\/regulamin-program-partnerski\/"]}]},{"@type":"BreadcrumbList","@id":"https:\/\/fotc.com\/pl\/regulamin-program-partnerski\/#breadcrumb","itemListElement":[{"@type":"ListItem","position":1,"name":"Home","item":"https:\/\/fotc.com\/pl\/"},{"@type":"ListItem","position":2,"name":"Regulamin-program-partnerski"}]},{"@type":"WebSite","@id":"https:\/\/fotc.com\/pl\/#website","url":"https:\/\/fotc.com\/pl\/","name":"FOTC","description":"Partner Google Cloud","potentialAction":[{"@type":"SearchAction","target":{"@type":"EntryPoint","urlTemplate":"https:\/\/fotc.com\/pl\/?s={search_term_string}"},"query-input":{"@type":"PropertyValueSpecification","valueRequired":true,"valueName":"search_term_string"}}],"inLanguage":"pl-PL"}]}},"_links":{"self":[{"href":"https:\/\/fotc.com\/pl\/wp-json\/wp\/v2\/pages\/163511","targetHints":{"allow":["GET"]}}],"collection":[{"href":"https:\/\/fotc.com\/pl\/wp-json\/wp\/v2\/pages"}],"about":[{"href":"https:\/\/fotc.com\/pl\/wp-json\/wp\/v2\/types\/page"}],"author":[{"embeddable":true,"href":"https:\/\/fotc.com\/pl\/wp-json\/wp\/v2\/users\/22"}],"replies":[{"embeddable":true,"href":"https:\/\/fotc.com\/pl\/wp-json\/wp\/v2\/comments?post=163511"}],"version-history":[{"count":0,"href":"https:\/\/fotc.com\/pl\/wp-json\/wp\/v2\/pages\/163511\/revisions"}],"wp:attachment":[{"href":"https:\/\/fotc.com\/pl\/wp-json\/wp\/v2\/media?parent=163511"}],"curies":[{"name":"wp","href":"https:\/\/api.w.org\/{rel}","templated":true}]}}