{"id":157465,"date":"2025-06-13T13:27:12","date_gmt":"2025-06-13T11:27:12","guid":{"rendered":"https:\/\/fotc.com\/?page_id=157465"},"modified":"2025-06-16T15:46:00","modified_gmt":"2025-06-16T13:46:00","slug":"audyt-kosztow-chmury","status":"publish","type":"page","link":"https:\/\/fotc.com\/pl\/uslugi\/google-cloud\/audyt-kosztow-chmury\/","title":{"rendered":"Audyt koszt\u00f3w chmury"},"content":{"rendered":"","protected":false},"excerpt":{"rendered":"","protected":false},"author":22,"featured_media":157495,"parent":154549,"menu_order":0,"comment_status":"closed","ping_status":"closed","template":"views\/template-finops.blade.php","meta":{"_editorskit_title_hidden":false,"_editorskit_reading_time":1,"_editorskit_typography_data":[],"_editorskit_blocks_typography":"","_editorskit_is_block_options_detached":false,"_editorskit_block_options_position":"{}"},"yoast_head":"<!-- This site is optimized with the Yoast SEO Premium plugin v16.7 (Yoast SEO v19.6) - https:\/\/yoast.com\/wordpress\/plugins\/seo\/ -->\n<title>Audyt koszt\u00f3w Google Cloud \u2013 znajd\u017a oszcz\u0119dno\u015bci<\/title>\n<meta name=\"description\" content=\"Zatrzymaj nadmierne wydatki na Google Cloud. Nasz audyt koszt\u00f3w identyfikuje ukryte oszcz\u0119dno\u015bci i optymalizuje bud\u017cet bez wp\u0142ywu na wydajno\u015b\u0107. Um\u00f3w si\u0119 na bezp\u0142atn\u0105 konsultacj\u0119.\" \/>\n<meta name=\"robots\" content=\"noindex, nofollow\" \/>\n<meta property=\"og:locale\" content=\"pl_PL\" \/>\n<meta property=\"og:type\" content=\"article\" \/>\n<meta property=\"og:title\" content=\"Audyt koszt\u00f3w chmury\" \/>\n<meta property=\"og:description\" content=\"Zatrzymaj nadmierne wydatki na Google Cloud. Nasz audyt koszt\u00f3w identyfikuje ukryte oszcz\u0119dno\u015bci i optymalizuje bud\u017cet bez wp\u0142ywu na wydajno\u015b\u0107. Um\u00f3w si\u0119 na bezp\u0142atn\u0105 konsultacj\u0119.\" \/>\n<meta property=\"og:url\" content=\"https:\/\/fotc.com\/pl\/uslugi\/google-cloud\/audyt-kosztow-chmury\/\" \/>\n<meta property=\"og:site_name\" content=\"FOTC\" \/>\n<meta property=\"article:modified_time\" content=\"2025-06-16T13:46:00+00:00\" \/>\n<meta property=\"og:image\" content=\"https:\/\/fotc.com\/app\/uploads\/2025\/06\/EN_Landing_FinOps_miniaturka-4.jpg\" \/>\n\t<meta property=\"og:image:width\" content=\"1280\" \/>\n\t<meta property=\"og:image:height\" content=\"720\" \/>\n\t<meta property=\"og:image:type\" content=\"image\/jpeg\" \/>\n<meta name=\"twitter:card\" content=\"summary_large_image\" \/>\n<script type=\"application\/ld+json\" class=\"yoast-schema-graph\">{\"@context\":\"https:\/\/schema.org\",\"@graph\":[{\"@type\":\"WebPage\",\"@id\":\"https:\/\/fotc.com\/pl\/uslugi\/google-cloud\/audyt-kosztow-chmury\/\",\"url\":\"https:\/\/fotc.com\/pl\/uslugi\/google-cloud\/audyt-kosztow-chmury\/\",\"name\":\"Audyt koszt\u00f3w Google Cloud \u2013 znajd\u017a oszcz\u0119dno\u015bci\",\"isPartOf\":{\"@id\":\"https:\/\/fotc.com\/#website\"},\"datePublished\":\"2025-06-13T11:27:12+00:00\",\"dateModified\":\"2025-06-16T13:46:00+00:00\",\"description\":\"Zatrzymaj nadmierne wydatki na Google Cloud. Nasz audyt koszt\u00f3w identyfikuje ukryte oszcz\u0119dno\u015bci i optymalizuje bud\u017cet bez wp\u0142ywu na wydajno\u015b\u0107. Um\u00f3w si\u0119 na bezp\u0142atn\u0105 konsultacj\u0119.\",\"breadcrumb\":{\"@id\":\"https:\/\/fotc.com\/pl\/uslugi\/google-cloud\/audyt-kosztow-chmury\/#breadcrumb\"},\"inLanguage\":\"pl-PL\",\"potentialAction\":[{\"@type\":\"ReadAction\",\"target\":[\"https:\/\/fotc.com\/pl\/uslugi\/google-cloud\/audyt-kosztow-chmury\/\"]}]},{\"@type\":\"BreadcrumbList\",\"@id\":\"https:\/\/fotc.com\/pl\/uslugi\/google-cloud\/audyt-kosztow-chmury\/#breadcrumb\",\"itemListElement\":[{\"@type\":\"ListItem\",\"position\":1,\"name\":\"PL\",\"item\":\"https:\/\/fotc.com\/pl\/\"},{\"@type\":\"ListItem\",\"position\":2,\"name\":\"Uslugi\",\"item\":\"https:\/\/fotc.com\/pl\/uslugi\/\"},{\"@type\":\"ListItem\",\"position\":3,\"name\":\"Google Cloud In\",\"item\":\"https:\/\/fotc.com\/pl\/uslugi\/google-cloud\/\"},{\"@type\":\"ListItem\",\"position\":4,\"name\":\"Audyt koszt\u00f3w chmury\"}]},{\"@type\":\"WebSite\",\"@id\":\"https:\/\/fotc.com\/#website\",\"url\":\"https:\/\/fotc.com\/\",\"name\":\"FOTC\",\"description\":\"Partner Google Cloud\",\"potentialAction\":[{\"@type\":\"SearchAction\",\"target\":{\"@type\":\"EntryPoint\",\"urlTemplate\":\"https:\/\/fotc.com\/?s={search_term_string}\"},\"query-input\":\"required name=search_term_string\"}],\"inLanguage\":\"pl-PL\"}]}<\/script>\n<!-- \/ Yoast SEO Premium plugin. -->","yoast_head_json":{"title":"Audyt koszt\u00f3w Google Cloud \u2013 znajd\u017a oszcz\u0119dno\u015bci","description":"Zatrzymaj nadmierne wydatki na Google Cloud. Nasz audyt koszt\u00f3w identyfikuje ukryte oszcz\u0119dno\u015bci i optymalizuje bud\u017cet bez wp\u0142ywu na wydajno\u015b\u0107. Um\u00f3w si\u0119 na bezp\u0142atn\u0105 konsultacj\u0119.","robots":{"index":"noindex","follow":"nofollow"},"og_locale":"pl_PL","og_type":"article","og_title":"Audyt koszt\u00f3w chmury","og_description":"Zatrzymaj nadmierne wydatki na Google Cloud. Nasz audyt koszt\u00f3w identyfikuje ukryte oszcz\u0119dno\u015bci i optymalizuje bud\u017cet bez wp\u0142ywu na wydajno\u015b\u0107. Um\u00f3w si\u0119 na bezp\u0142atn\u0105 konsultacj\u0119.","og_url":"https:\/\/fotc.com\/pl\/uslugi\/google-cloud\/audyt-kosztow-chmury\/","og_site_name":"FOTC","article_modified_time":"2025-06-16T13:46:00+00:00","og_image":[{"width":1280,"height":720,"url":"https:\/\/fotc.com\/app\/uploads\/2025\/06\/EN_Landing_FinOps_miniaturka-4.jpg","type":"image\/jpeg"}],"twitter_card":"summary_large_image","schema":{"@context":"https:\/\/schema.org","@graph":[{"@type":"WebPage","@id":"https:\/\/fotc.com\/pl\/uslugi\/google-cloud\/audyt-kosztow-chmury\/","url":"https:\/\/fotc.com\/pl\/uslugi\/google-cloud\/audyt-kosztow-chmury\/","name":"Audyt koszt\u00f3w Google Cloud \u2013 znajd\u017a oszcz\u0119dno\u015bci","isPartOf":{"@id":"https:\/\/fotc.com\/#website"},"datePublished":"2025-06-13T11:27:12+00:00","dateModified":"2025-06-16T13:46:00+00:00","description":"Zatrzymaj nadmierne wydatki na Google Cloud. Nasz audyt koszt\u00f3w identyfikuje ukryte oszcz\u0119dno\u015bci i optymalizuje bud\u017cet bez wp\u0142ywu na wydajno\u015b\u0107. Um\u00f3w si\u0119 na bezp\u0142atn\u0105 konsultacj\u0119.","breadcrumb":{"@id":"https:\/\/fotc.com\/pl\/uslugi\/google-cloud\/audyt-kosztow-chmury\/#breadcrumb"},"inLanguage":"pl-PL","potentialAction":[{"@type":"ReadAction","target":["https:\/\/fotc.com\/pl\/uslugi\/google-cloud\/audyt-kosztow-chmury\/"]}]},{"@type":"BreadcrumbList","@id":"https:\/\/fotc.com\/pl\/uslugi\/google-cloud\/audyt-kosztow-chmury\/#breadcrumb","itemListElement":[{"@type":"ListItem","position":1,"name":"PL","item":"https:\/\/fotc.com\/pl\/"},{"@type":"ListItem","position":2,"name":"Uslugi","item":"https:\/\/fotc.com\/pl\/uslugi\/"},{"@type":"ListItem","position":3,"name":"Google Cloud In","item":"https:\/\/fotc.com\/pl\/uslugi\/google-cloud\/"},{"@type":"ListItem","position":4,"name":"Audyt koszt\u00f3w chmury"}]},{"@type":"WebSite","@id":"https:\/\/fotc.com\/#website","url":"https:\/\/fotc.com\/","name":"FOTC","description":"Partner Google Cloud","potentialAction":[{"@type":"SearchAction","target":{"@type":"EntryPoint","urlTemplate":"https:\/\/fotc.com\/?s={search_term_string}"},"query-input":"required name=search_term_string"}],"inLanguage":"pl-PL"}]}},"_links":{"self":[{"href":"https:\/\/fotc.com\/pl\/wp-json\/wp\/v2\/pages\/157465"}],"collection":[{"href":"https:\/\/fotc.com\/pl\/wp-json\/wp\/v2\/pages"}],"about":[{"href":"https:\/\/fotc.com\/pl\/wp-json\/wp\/v2\/types\/page"}],"author":[{"embeddable":true,"href":"https:\/\/fotc.com\/pl\/wp-json\/wp\/v2\/users\/22"}],"replies":[{"embeddable":true,"href":"https:\/\/fotc.com\/pl\/wp-json\/wp\/v2\/comments?post=157465"}],"version-history":[{"count":0,"href":"https:\/\/fotc.com\/pl\/wp-json\/wp\/v2\/pages\/157465\/revisions"}],"up":[{"embeddable":true,"href":"https:\/\/fotc.com\/pl\/wp-json\/wp\/v2\/pages\/154549"}],"wp:featuredmedia":[{"embeddable":true,"href":"https:\/\/fotc.com\/pl\/wp-json\/wp\/v2\/media\/157495"}],"wp:attachment":[{"href":"https:\/\/fotc.com\/pl\/wp-json\/wp\/v2\/media?parent=157465"}],"curies":[{"name":"wp","href":"https:\/\/api.w.org\/{rel}","templated":true}]}}