{"id":156691,"date":"2025-06-06T06:55:45","date_gmt":"2025-06-06T04:55:45","guid":{"rendered":"https:\/\/fotc.com\/?page_id=156691"},"modified":"2026-01-15T12:10:08","modified_gmt":"2026-01-15T11:10:08","slug":"zendesk","status":"publish","type":"page","link":"https:\/\/fotc.com\/pl\/produkty\/zendesk\/","title":{"rendered":"Zendesk"},"content":{"rendered":"","protected":false},"excerpt":{"rendered":"","protected":false},"author":22,"featured_media":156972,"parent":154545,"menu_order":0,"comment_status":"closed","ping_status":"closed","template":"views\/template-zendesk.blade.php","meta":{"_editorskit_title_hidden":false,"_editorskit_reading_time":1,"_editorskit_typography_data":[],"_editorskit_blocks_typography":"","_editorskit_is_block_options_detached":false,"_editorskit_block_options_position":"{}"},"yoast_head":"<!-- This site is optimized with the Yoast SEO Premium plugin v16.7 (Yoast SEO v19.6) - https:\/\/yoast.com\/wordpress\/plugins\/seo\/ -->\n<title>Zendesk \u2014 Upro\u015b\u0107 obs\u0142ug\u0119 klienta<\/title>\n<meta name=\"description\" content=\"Maksymalizuj inwestycj\u0119 w Zendesk. Dzi\u0119ki naszemu wsparciu usprawnisz obs\u0142ug\u0119 klienta i zwi\u0119kszysz satysfakcj\u0119, korzystaj\u0105c z niestandardowych wdro\u017ce\u0144 i konfiguracji.\" \/>\n<meta name=\"robots\" content=\"index, follow, max-snippet:-1, max-image-preview:large, max-video-preview:-1\" \/>\n<link rel=\"canonical\" href=\"https:\/\/fotc.com\/pl\/produkty\/zendesk\/\" \/>\n<meta property=\"og:locale\" content=\"pl_PL\" \/>\n<meta property=\"og:type\" content=\"article\" \/>\n<meta property=\"og:title\" content=\"Zendesk\" \/>\n<meta property=\"og:description\" content=\"Maksymalizuj inwestycj\u0119 w Zendesk. Dzi\u0119ki naszemu wsparciu usprawnisz obs\u0142ug\u0119 klienta i zwi\u0119kszysz satysfakcj\u0119, korzystaj\u0105c z niestandardowych wdro\u017ce\u0144 i konfiguracji.\" \/>\n<meta property=\"og:url\" content=\"https:\/\/fotc.com\/pl\/produkty\/zendesk\/\" \/>\n<meta property=\"og:site_name\" content=\"FOTC\" \/>\n<meta property=\"article:modified_time\" content=\"2026-01-15T11:10:08+00:00\" \/>\n<meta property=\"og:image\" content=\"https:\/\/fotc.com\/app\/uploads\/2025\/06\/ENG_Landing_Google-Workspace.jpg\" \/>\n\t<meta property=\"og:image:width\" content=\"1280\" \/>\n\t<meta property=\"og:image:height\" content=\"720\" \/>\n\t<meta property=\"og:image:type\" content=\"image\/jpeg\" \/>\n<meta name=\"twitter:card\" content=\"summary_large_image\" \/>\n<script type=\"application\/ld+json\" class=\"yoast-schema-graph\">{\"@context\":\"https:\/\/schema.org\",\"@graph\":[{\"@type\":\"WebPage\",\"@id\":\"https:\/\/fotc.com\/pl\/produkty\/zendesk\/\",\"url\":\"https:\/\/fotc.com\/pl\/produkty\/zendesk\/\",\"name\":\"Zendesk \u2014 Upro\u015b\u0107 obs\u0142ug\u0119 klienta\",\"isPartOf\":{\"@id\":\"https:\/\/fotc.com\/#website\"},\"datePublished\":\"2025-06-06T04:55:45+00:00\",\"dateModified\":\"2026-01-15T11:10:08+00:00\",\"description\":\"Maksymalizuj inwestycj\u0119 w Zendesk. Dzi\u0119ki naszemu wsparciu usprawnisz obs\u0142ug\u0119 klienta i zwi\u0119kszysz satysfakcj\u0119, korzystaj\u0105c z niestandardowych wdro\u017ce\u0144 i konfiguracji.\",\"breadcrumb\":{\"@id\":\"https:\/\/fotc.com\/pl\/produkty\/zendesk\/#breadcrumb\"},\"inLanguage\":\"pl-PL\",\"potentialAction\":[{\"@type\":\"ReadAction\",\"target\":[\"https:\/\/fotc.com\/pl\/produkty\/zendesk\/\"]}]},{\"@type\":\"BreadcrumbList\",\"@id\":\"https:\/\/fotc.com\/pl\/produkty\/zendesk\/#breadcrumb\",\"itemListElement\":[{\"@type\":\"ListItem\",\"position\":1,\"name\":\"PL\",\"item\":\"https:\/\/fotc.com\/pl\/\"},{\"@type\":\"ListItem\",\"position\":2,\"name\":\"produkty\",\"item\":\"https:\/\/fotc.com\/pl\/produkty\/\"},{\"@type\":\"ListItem\",\"position\":3,\"name\":\"Zendesk\"}]},{\"@type\":\"WebSite\",\"@id\":\"https:\/\/fotc.com\/#website\",\"url\":\"https:\/\/fotc.com\/\",\"name\":\"FOTC\",\"description\":\"Partner Google Cloud\",\"potentialAction\":[{\"@type\":\"SearchAction\",\"target\":{\"@type\":\"EntryPoint\",\"urlTemplate\":\"https:\/\/fotc.com\/?s={search_term_string}\"},\"query-input\":\"required name=search_term_string\"}],\"inLanguage\":\"pl-PL\"}]}<\/script>\n<!-- \/ Yoast SEO Premium plugin. -->","yoast_head_json":{"title":"Zendesk \u2014 Upro\u015b\u0107 obs\u0142ug\u0119 klienta","description":"Maksymalizuj inwestycj\u0119 w Zendesk. Dzi\u0119ki naszemu wsparciu usprawnisz obs\u0142ug\u0119 klienta i zwi\u0119kszysz satysfakcj\u0119, korzystaj\u0105c z niestandardowych wdro\u017ce\u0144 i konfiguracji.","robots":{"index":"index","follow":"follow","max-snippet":"max-snippet:-1","max-image-preview":"max-image-preview:large","max-video-preview":"max-video-preview:-1"},"canonical":"https:\/\/fotc.com\/pl\/produkty\/zendesk\/","og_locale":"pl_PL","og_type":"article","og_title":"Zendesk","og_description":"Maksymalizuj inwestycj\u0119 w Zendesk. Dzi\u0119ki naszemu wsparciu usprawnisz obs\u0142ug\u0119 klienta i zwi\u0119kszysz satysfakcj\u0119, korzystaj\u0105c z niestandardowych wdro\u017ce\u0144 i konfiguracji.","og_url":"https:\/\/fotc.com\/pl\/produkty\/zendesk\/","og_site_name":"FOTC","article_modified_time":"2026-01-15T11:10:08+00:00","og_image":[{"width":1280,"height":720,"url":"https:\/\/fotc.com\/app\/uploads\/2025\/06\/ENG_Landing_Google-Workspace.jpg","type":"image\/jpeg"}],"twitter_card":"summary_large_image","schema":{"@context":"https:\/\/schema.org","@graph":[{"@type":"WebPage","@id":"https:\/\/fotc.com\/pl\/produkty\/zendesk\/","url":"https:\/\/fotc.com\/pl\/produkty\/zendesk\/","name":"Zendesk \u2014 Upro\u015b\u0107 obs\u0142ug\u0119 klienta","isPartOf":{"@id":"https:\/\/fotc.com\/#website"},"datePublished":"2025-06-06T04:55:45+00:00","dateModified":"2026-01-15T11:10:08+00:00","description":"Maksymalizuj inwestycj\u0119 w Zendesk. Dzi\u0119ki naszemu wsparciu usprawnisz obs\u0142ug\u0119 klienta i zwi\u0119kszysz satysfakcj\u0119, korzystaj\u0105c z niestandardowych wdro\u017ce\u0144 i konfiguracji.","breadcrumb":{"@id":"https:\/\/fotc.com\/pl\/produkty\/zendesk\/#breadcrumb"},"inLanguage":"pl-PL","potentialAction":[{"@type":"ReadAction","target":["https:\/\/fotc.com\/pl\/produkty\/zendesk\/"]}]},{"@type":"BreadcrumbList","@id":"https:\/\/fotc.com\/pl\/produkty\/zendesk\/#breadcrumb","itemListElement":[{"@type":"ListItem","position":1,"name":"PL","item":"https:\/\/fotc.com\/pl\/"},{"@type":"ListItem","position":2,"name":"produkty","item":"https:\/\/fotc.com\/pl\/produkty\/"},{"@type":"ListItem","position":3,"name":"Zendesk"}]},{"@type":"WebSite","@id":"https:\/\/fotc.com\/#website","url":"https:\/\/fotc.com\/","name":"FOTC","description":"Partner Google Cloud","potentialAction":[{"@type":"SearchAction","target":{"@type":"EntryPoint","urlTemplate":"https:\/\/fotc.com\/?s={search_term_string}"},"query-input":"required name=search_term_string"}],"inLanguage":"pl-PL"}]}},"_links":{"self":[{"href":"https:\/\/fotc.com\/pl\/wp-json\/wp\/v2\/pages\/156691"}],"collection":[{"href":"https:\/\/fotc.com\/pl\/wp-json\/wp\/v2\/pages"}],"about":[{"href":"https:\/\/fotc.com\/pl\/wp-json\/wp\/v2\/types\/page"}],"author":[{"embeddable":true,"href":"https:\/\/fotc.com\/pl\/wp-json\/wp\/v2\/users\/22"}],"replies":[{"embeddable":true,"href":"https:\/\/fotc.com\/pl\/wp-json\/wp\/v2\/comments?post=156691"}],"version-history":[{"count":0,"href":"https:\/\/fotc.com\/pl\/wp-json\/wp\/v2\/pages\/156691\/revisions"}],"up":[{"embeddable":true,"href":"https:\/\/fotc.com\/pl\/wp-json\/wp\/v2\/pages\/154545"}],"wp:featuredmedia":[{"embeddable":true,"href":"https:\/\/fotc.com\/pl\/wp-json\/wp\/v2\/media\/156972"}],"wp:attachment":[{"href":"https:\/\/fotc.com\/pl\/wp-json\/wp\/v2\/media?parent=156691"}],"curies":[{"name":"wp","href":"https:\/\/api.w.org\/{rel}","templated":true}]}}