{"id":146707,"date":"2025-01-10T15:39:45","date_gmt":"2025-01-10T14:39:45","guid":{"rendered":"https:\/\/fotc.com\/?page_id=146707"},"modified":"2025-01-10T16:20:08","modified_gmt":"2025-01-10T15:20:08","slug":"regulamin-programu-partnerskiego-old2","status":"publish","type":"page","link":"https:\/\/fotc.com\/pl\/regulamin-programu-partnerskiego-old2\/","title":{"rendered":"Regulamin programu partnerskiego Fly On The Cloud"},"content":{"rendered":"\n<p><strong>Data aktualizacji Regulaminu:<\/strong><strong> <\/strong>18 marca 2022 rok<\/p>\n\n\n\n<h3 class=\"wp-block-heading\" id=\"h-1-definicje\"><strong>\u00a71. DEFINICJE<\/strong><\/h3>\n\n\n\n<ol class=\"wp-block-list\"><li><strong>Regulamin<\/strong> \u2013 niniejszy dokument okre\u015blaj\u0105cy zasady funkcjonowania Programu Partnerskiego, kt\u00f3rego akceptacja jest niezb\u0119dna do wzi\u0119cia udzia\u0142u w Programie Partnerskim.<\/li><li><strong>Program Partnerski<\/strong> \u2013 program, kt\u00f3ry ma na celu polecanie przez Partnera Us\u0142ug \u015bwiadczonych przez FOTC Klientom oraz przekazanie FOTC Leada na zasadach okre\u015blonych w Regulaminie, za kt\u00f3re Partner otrzyma wynagrodzenie.<\/li><li><strong>FOTC<\/strong> \u2013 Fly On The Cloud sp. z o.o. z siedzib\u0105 we Wroc\u0142awiu (50-130) ul. Rze\u017aniczej 32\/33, 50-130 Wroc\u0142aw, wpisan\u0105 do rejestru przedsi\u0119biorc\u00f3w prowadzonego przez S\u0105d Rejonowy dla Wroc\u0142awia Fabrycznej, Wydzia\u0142 VI Krajowego Rejestru S\u0105dowego, pod numerem KRS 0000500884, o kapitale zak\u0142adowym w wysoko\u015bci 10.000 z\u0142, NIP: 8971797086, kt\u00f3ra jest organizatorem Programu Partnerskiego.<\/li><li><strong>Partner<\/strong> \u2013 podmiot, kt\u00f3ry przyst\u0105pi do Programu Partnerskiego za po\u015brednictwem strony internetowej znajduj\u0105cej si\u0119 pod adresem: <a href=\"https:\/\/fotc.com\/pl\/kontakt-program-partnerski\/\">https:\/\/fotc.com\/pl\/kontakt-program-partnerski\/<\/a>&nbsp; zaakceptuje Regulamin i poleca Us\u0142ugi. Partnerem mo\u017ce zosta\u0107 wy\u0142\u0105cznie przedsi\u0119biorca, czyli osoba fizyczna, osoba prawna i jednostka organizacyjna, prowadz\u0105ca we w\u0142asnym imieniu dzia\u0142alno\u015b\u0107 gospodarcz\u0105 lub zawodow\u0105 (<strong>relacja B2B z FOTC<\/strong>). Partner otrzymuje od FOTC wynagrodzenie za ka\u017cd\u0105 skutecznie zawart\u0105 przez FOTC z Klientem umow\u0119 na Us\u0142ugi.<\/li><li><strong>Klient <\/strong>\u2013 podmiot, kt\u00f3rego dane kontaktowe FOTC otrzyma\u0142o od Partnera, zainteresowany zakupem Us\u0142ug.&nbsp;<\/li><li><strong>Lead <\/strong>\u2013 dane kontaktowe Klienta, kt\u00f3re FOTC przekazuje Partner.<\/li><li><strong>Us\u0142ugi<\/strong> <strong>Google Workspace <\/strong>\u2013 oferowane przez FOTC us\u0142ugi obejmuj\u0105ce po\u015brednictwo w sprzeda\u017cy licencji rozwi\u0105zania chmurowego tj. Google Workspace w wersji Basic lub Business, kt\u00f3rego dostawc\u0105 jest Google Cloud Poland sp. z o.o. z siedzib\u0105 w Warszawie (00-113) pod adresem ul. Emilii Plater 53 lub inna sp\u00f3\u0142ka Google w zale\u017cno\u015bci od kraju siedziby Klienta.<\/li><li><strong>Us\u0142ugi GCP<\/strong> &#8211; oferowane przez FOTC us\u0142ugi obemuj\u0105ce po\u015brednictwo w sprzeda\u017c licencji rozwi\u0105zania chmurowego tj. Google Cloud Platform, kt\u00f3rego dostawc\u0105 jest Google Cloud Poland sp. z o.o. z siedzib\u0105 w Warszawie (00-113) pod adresem ul. Emilii Plater 53 lub inna sp\u00f3\u0142ka Google w zale\u017cno\u015bci od kraju siedziby Klienta.<\/li><li><strong>Us\u0142ugi<\/strong> &#8211; Us\u0142ugi Google Workspace i Us\u0142ugi GCP.<\/li><li><strong>Przepisy o ochronie danych osobowych<\/strong> \u2013 oznaczaj\u0105 Rozporz\u0105dzenie Parlamentu Europejskiego i Rady (UE) 2016\/679 z dnia 27 kwietnia 2016 r. w sprawie ochrony os\u00f3b fizycznych w zwi\u0105zku z przetwarzaniem danych osobowych i w sprawie swobodnego przep\u0142ywu takich danych oraz uchylenia dyrektywy 95\/46\/WE (og\u00f3lne rozporz\u0105dzenie o ochronie danych) (RODO), Ustaw\u0119 o ochronie danych osobowych z 10 maja 2018 roku jak r\u00f3wnie\u017c wszelkie odpowiednie i r\u00f3wnowa\u017cne krajowe przepisy ustawowe i wykonawcze.<\/li><\/ol>\n\n\n\n<h3 class=\"wp-block-heading\" id=\"h-2-partner\"><strong>\u00a72. PARTNER<\/strong><\/h3>\n\n\n\n<ol class=\"wp-block-list\"><li>FOTC udost\u0119pnia Partnerowi stron\u0119 internetow\u0105 <a href=\"https:\/\/fotc.com\/pl\/kontakt-program-partnerski\/\">https:\/\/fotc.com\/pl\/kontakt-program-partnerski\/<\/a>&nbsp; za po\u015brednictwem, kt\u00f3rej Partner mo\u017ce przyst\u0105pi\u0107 do Programu Partnerskiego oraz zaakceptowa\u0107 Regulamin. Przyst\u0105pienie do Programu wymaga przekazania FOTC danych kontaktowych Partnera. Po ich przekazaniu za po\u015brednictwem formularza kontaktowego i zaakceptowaniu Regulaminu, FOTC umawia si\u0119 w uzgodniony przez Strony spos\u00f3b z Partnerem w celu ustalenia warunk\u00f3w finansowych wsp\u00f3\u0142pracy w ramach Programu Partnerskiego. Partner w ka\u017cdym momencie ma dost\u0119p do aktualnej tre\u015bci Regulaminu, kt\u00f3ra dost\u0119pna jest pod adresem: <a href=\"https:\/\/fotc.com\/pl\/regulamin-program-partnerski\/\">https:\/\/fotc.com\/pl\/regulamin-program-partnerski\/<\/a><\/li><li>Z wy\u0142\u0105czeniem podmiot\u00f3w b\u0119d\u0105cych pracownikami i wsp\u00f3\u0142pracownikami FOTC, jej sp\u00f3\u0142ek powi\u0105zanych kapita\u0142owo lub osobowo, Partnerem mo\u017ce zosta\u0107 ka\u017cdy podmiot b\u0119d\u0105cy przedsi\u0119biorc\u0105.<\/li><li>Uczestnictwo w Programie Partnerskim jest dobrowolne, a warunkiem koniecznym przyst\u0105pienia do Programu Partnerskiego jest wype\u0142nienie formularza kontaktowego i zaakceptowanie Regulaminu.<\/li><li>Partner zobowi\u0105zany jest do podania w formularzu kontaktowym prawdziwych danych kontaktowych. W przypadku gdy przekazane dane b\u0119d\u0105 fa\u0142szywe FOTC zastrzega sobie prawo do nieskontaktowania si\u0119 z takim podmiotem, usuni\u0119cia przekazanych danych kontaktowych oraz niewyp\u0142acenia wynagrodzenia.<\/li><li>W formularzu kontaktowym Partner zobowi\u0105zany jest do podania nast\u0119puj\u0105cych danych:<\/li><\/ol>\n\n\n\n<ol class=\"wp-block-list\"><li>adres e-mail<\/li><li>nazwa firmy<\/li><li>NIP<\/li><li>numer telefonu.<\/li><\/ol>\n\n\n\n<ol class=\"wp-block-list\" start=\"6\"><li>Po uzgodnieniu warunk\u00f3w finansowych wsp\u00f3\u0142pracy Partner jest zobowi\u0105zany do podania wszystkich danych niezb\u0119dnych do wyp\u0142acenia Partnerowi wynagrodzenia oraz wykonania obowi\u0105zk\u00f3w podatkowych, zgodnie z obowi\u0105zuj\u0105cymi przepisami prawa.&nbsp;<\/li><li>W przypadku niewskazania niezb\u0119dnych danych, FOTC ma prawo odmowy wyp\u0142acenia wynagrodzenia Partnerowi. W przypadku zmiany danych Partnera w czasie trwania Programu Partnerskiego, Partner zobowi\u0105zuje si\u0119 do niezw\u0142ocznego ich uaktualnienia, pod rygorem wykluczenia Partnera z Programu Partnerskiego.<\/li><li>Udzia\u0142 w Programie Partnerskim nie stanowi upowa\u017cnienia Partnera do dzia\u0142ania w imieniu i na rzecz FOTC, sk\u0142adania w imieniu FOTC jakikolwiek o\u015bwiadcze\u0144 woli, ustalania warunk\u00f3w wsp\u00f3\u0142pracy z Klientem, w tym sk\u0142adania ofert, czy prowadzenia negocjacji. Wszelkich ustale\u0144 dotycz\u0105cych wsp\u00f3\u0142pracy pomi\u0119dzy FOTC a Klientem dokonuje umocowany przedstawiciel FOTC.<\/li><li>Partner nie mo\u017ce pos\u0142ugiwa\u0107 si\u0119 w dzia\u0142aniach zmierzaj\u0105cych do pozyskania Leada logo FOTC lub logo podmiotu wskazanego w \u00a7 1 ust. 7 i 8 Regulaminu.<\/li><\/ol>\n\n\n\n<h3 class=\"wp-block-heading\" id=\"h-3-zasady-programu-partnerskiego\"><strong>\u00a73. ZASADY PROGRAMU PARTNERSKIEGO<\/strong><\/h3>\n\n\n\n<ol class=\"wp-block-list\"><li>Partner jest wynagradzany przez FOTC za ka\u017cd\u0105 skutecznie zawart\u0105 przez FOTC z Klientem umow\u0119 na Us\u0142ugi, kt\u00f3r\u0105 zawarto dzi\u0119ki przekazaniu przez Partnera Leada Klienta zainteresowanego Us\u0142ugami. W przypadku:&nbsp;<\/li><\/ol>\n\n\n\n<ol class=\"wp-block-list\"><li><strong>Us\u0142ug Google Workspace<\/strong> &#8211; warunkiem wyp\u0142aty wynagrodzenia Partnerowi przez FOTC jest op\u0142acenie przez Klienta pierwszej faktury na Us\u0142ugi G Suite. Wynagrodzenie ma charakter jednorazowy &#8211; wynosi ustalony procent od warto\u015bci faktury netto za 12 miesi\u0119cy korzystania z Us\u0142ug Google Workspace (obliczanej na podstawie wysoko\u015bci op\u0142aty za pierwszy miesi\u0105c korzystania z Us\u0142ug przez Klienta).&nbsp;<\/li><li><strong>Us\u0142ug GCP<\/strong> &#8211; wynagrodzenie Partnera stanowi ustalony procent od op\u0142aconej warto\u015bci faktur netto za ka\u017cdy kwarta\u0142 (3 miesi\u0105ce) korzystania z Us\u0142ugi GCP przez Klienta i przys\u0142uguje Partnerowi przez okres pierwszych 12 miesi\u0119cy korzystania z Us\u0142ugi GCP tj. Partner otrzyma wynagrodzenie co najwy\u017cej 4 razy. Warunkiem wyp\u0142aty wynagrodzenia Partnerowi przez FOTC jest op\u0142acenie przez Klienta wszystkich faktur na Us\u0142ugi GCP za okres, kt\u00f3rego dotyczy rozliczenie.&nbsp;<\/li><\/ol>\n\n\n\n<ol class=\"wp-block-list\" start=\"2\"><li>FOTC ustala warunki finansowe wsp\u00f3\u0142pracy z Partnerem po dokonaniu przez Partnera zg\u0142oszenia do Programu Partnerskiego i zaakceptowaniu Regulaminu. FOTC wyznaczy osob\u0119 odpowiedzialn\u0105 za Program Partnerski, w tym za ustalanie zasad wynagradzania Partnera.<\/li><li>FOTC zastrzega, \u017ce warunki finansowe wsp\u00f3\u0142pracy ustalane s\u0105 z ka\u017cdym Partnerem indywidualnie i s\u0105 uzale\u017cnione od rodzaju Us\u0142ugi zam\u00f3wionej przez Klienta. Warunki te zostan\u0105 potwierdzone przez strony w formie elektronicznej i b\u0119d\u0105 stanowi\u0142y podstaw\u0119 do naliczenia wynagrodzenia przez FOTC. Dla czynnych podatnik\u00f3w podatku od towaru i us\u0142ug niekorzystaj\u0105cych ze zwolnienia od tego podatku, kwota ta zostanie powi\u0119kszona o nale\u017cny podatek od towar\u00f3w i us\u0142ug, wed\u0142ug stawki obowi\u0105zuj\u0105cej na dzie\u0144 wyp\u0142aty wynagrodzenia.<\/li><li>Do ostatniego dnia miesi\u0105ca FOTC przeka\u017ce Partnerowi informacj\u0119 o ilo\u015bci Klient\u00f3w, kt\u00f3rzy na podstawie przekazanych Lead\u00f3w podpisali z FOTC umowy na Us\u0142ugi oraz informacje o op\u0142aconych przez Klienta fakturach.&nbsp;<\/li><li>Partner do 7 dni po otrzymaniu informacji, o kt\u00f3rej mowa w \u00a7 3 ust. 4 Regulaminu wystawi elektroniczn\u0105 faktur\u0119 VAT (jej wysoko\u015b\u0107 jest uzale\u017cniona od op\u0142acenia przez Klienta faktur za zam\u00f3wione Us\u0142ugi), kt\u00f3r\u0105 przeka\u017ce FOTC na adres:&nbsp; <a href=\"mailto:partners@fotc.com\">partners@fotc.com<\/a>&nbsp;<\/li><li>FOTC zap\u0142aci Partnerowi wynagrodzenie w ci\u0105gu 14 dni od otrzymania prawid\u0142owo wystawionej faktury VAT, na rachunek bankowy wskazany na fakturze.<\/li><li>Partner wyznacza osob\u0119 uprawnion\u0105 do kontaktu z FOTC oraz przekazywania Lead\u00f3w.<\/li><li>Przekazany Lead nie mo\u017ce obejmowa\u0107 danych klient\u00f3w FOTC, kt\u00f3rzy posiadaj\u0105 Us\u0142ugi, kt\u00f3rzy w chwili jego przekazania znajduj\u0105 si\u0119 w fazie negocjowania warunk\u00f3w wsp\u00f3\u0142pracy z FOTC, na kt\u00f3r\u0105kolwiek z us\u0142ug oferowanych przez FOTC lub tych kt\u00f3rzy wsp\u00f3\u0142pracowali z FOTC w przeci\u0105gu ostatnich 12 miesi\u0119cy liczonych do dnia przekazania Leada.<\/li><li>Leadem przekazanym przez Partnera s\u0105:<\/li><\/ol>\n\n\n\n<ol class=\"wp-block-list\"><li>dane kontaktowe Klienta przekazane przez Partnera na adres: <a href=\"mailto:partners@fotc.com\">partners@fotc.com<\/a>&nbsp;<\/li><li>dane wys\u0142ane przez Klienta poprzez wype\u0142nienie formularza kontaktowego znajduj\u0105cego si\u0119 na stronie Partnera.<\/li><\/ol>\n\n\n\n<ol class=\"wp-block-list\" start=\"10\"><li>Partner mo\u017ce przekaza\u0107 FOTC nieograniczon\u0105 liczb\u0119 Lead\u00f3w w czasie trwania Programu Partnerskiego.<\/li><li>Partner mo\u017ce zrezygnowa\u0107 z udzia\u0142u w Programie Partnerskim w ka\u017cdym czasie poprzez przes\u0142anie stosownej informacji w formie elektronicznej do FOTC na adres wskazany w \u00a7 5 ust. 9 Regulaminu. W razie rezygnacji Partner zachowuje prawo do wynagrodzenia je\u015bli do ko\u0144ca kolejnego miesi\u0105ca po dniu rezygnacji Klient zawrze z FOTC umow\u0119 na Us\u0142ugi.<\/li><li>W przypadku gdy w trakcie trwania Programu Partnerskiego FOTC stwierdzi, \u017ce dzia\u0142ania Partnera s\u0105 sprzeczne z postanowieniami Regulaminu lub przepisami prawa, FOTC ma prawo do niewyp\u0142acenia lub skorygowania wysoko\u015bci wynagrodzenia Partnera.<\/li><li>FOTC ma prawo wykluczy\u0107 Partnera z Programu Partnerskiego lub nie uzna\u0107 Leada w przypadku gdy dzia\u0142ania Partnera lub Klienta s\u0105 sprzeczne z postanowieniami Regulaminu lub przepisami obowi\u0105zuj\u0105cego prawa.&nbsp;<\/li><li>W przypadku gdy przekazane przez Partnera dane Klienta b\u0119d\u0105 fa\u0142szywe, zosta\u0142y uzyskane przez Partnera z naruszeniem Przepis\u00f3w o ochronie danych osobowych lub podmiot nie wyrazi\u0142 zgody na ich przekazanie w celu przedstawienia Us\u0142ug, FOTC zastrzega sobie prawo do niewyp\u0142acenia Partnerowi wynagrodzenia za Lead zawieraj\u0105cy takie dane.<\/li><li>Zabronione jest polecanie Us\u0142ug przez Partnera samemu sobie i podmiotom powi\u0105zanym Partnerem. W takiej sytuacji zastosowanie znajdzie \u00a7 3 ust. 12 Regulaminu.<\/li><\/ol>\n\n\n\n<h3 class=\"wp-block-heading\" id=\"h-4-ochrona-danych-osobowych\"><strong>\u00a74. OCHRONA DANYCH OSOBOWYCH<\/strong><\/h3>\n\n\n\n<ol class=\"wp-block-list\"><li>Szczeg\u00f3\u0142owe informacje o danych osobowych umieszczone zosta\u0142y w Polityce prywatno\u015bci dost\u0119pnej pod adresem: <a href=\"https:\/\/fotc.com\/pl\/polityka-prywatnosci\/\">https:\/\/fotc.com\/pl\/polityka-prywatnosci<\/a>\/ Prosimy o zapoznanie si\u0119 z jej tre\u015bci\u0105 przed zaakceptowaniem Regulaminu.<\/li><li>Partner, w przypadku przekazania danych kontaktowych Klienta do FOTC, jest ka\u017cdorazowo zobowi\u0105zany do pozyskania zgody Klienta na przekazanie tych danych w celach nawi\u0105zania kontaktu i przedstawienia przez FOTC oferty dotycz\u0105cej Us\u0142ug.&nbsp;<\/li><li>Partner o\u015bwiadcza i gwarantuje, \u017ce:<\/li><\/ol>\n\n\n\n<ol class=\"wp-block-list\"><li>na potrzeby udzia\u0142u w Programie Partnerskim, a w szczeg\u00f3lno\u015bci w zwi\u0105zku z przekazywaniem do FOTC Lead\u00f3w, spe\u0142nia wymogi okre\u015blone Przepisami o ochronie danych osobowych<\/li><li>przetwarzanie danych osobowych w celu, o kt\u00f3rym mowa w pkt a) nie spowoduje po stronie FOTC ani nie doprowadzi podmiotu, kt\u00f3rego dane dotycz\u0105 do naruszenia Przepis\u00f3w o ochronie danych osobowych.<\/li><li>Partner na \u017c\u0105danie zwolni FOTC z odpowiedzialno\u015bci z tytu\u0142u wszelkich narusze\u0144, w szczeg\u00f3lno\u015bci Przepis\u00f3w o ochronie danych osobowych, d\u00f3br osobistych lub wynikaj\u0105cych z otrzymania przez Klienta niezam\u00f3wionej informacji handlowej\/marketingowej, kt\u00f3re powsta\u0142y bezpo\u015brednio lub po\u015brednio w zwi\u0105zku z dzia\u0142aniem lub zaniechaniem Partnera lub osoby dzia\u0142aj\u0105cej w jego imieniu. Zwolnienie z odpowiedzialno\u015bci nie jest ograniczone kwotowo i dotyczy wszelkich zobowi\u0105za\u0144 i kwot (w szczeg\u00f3lno\u015bci koszt\u00f3w obs\u0142ugi prawnej, roszcze\u0144, \u017c\u0105da\u0144, strat, odszkodowa\u0144, koszt\u00f3w post\u0119powania, kar), kt\u00f3rymi mia\u0142oby zosta\u0107 obci\u0105\u017cone FOTC w sytuacji gdy naruszenie zosta\u0142o spowodowane przez Partnera lub osoby dzia\u0142aj\u0105ce w jego imieniu.<\/li><\/ol>\n\n\n\n<h3 class=\"wp-block-heading\" id=\"h-5-postanowienia-ko-cowe\"><strong>\u00a75. POSTANOWIENIA KO\u0143COWE<\/strong><\/h3>\n\n\n\n<ol class=\"wp-block-list\"><li>Regulamin mo\u017ce by\u0107 aktualizowany i zmieniany. Jego aktualna tre\u015b\u0107 zawsze b\u0119dzie dost\u0119pna pod adresem: <a href=\"https:\/\/fotc.com\/pl\/regulamin-program-partnerski\/\">https:\/\/fotc.com\/pl\/regulamin-program-partnerski\/<\/a> Partnerzy b\u0119d\u0105 r\u00f3wnie\u017c informowani o zmianach na wskazany w czasie rejestracji adres e-mail.<\/li><li>Tre\u015b\u0107 Regulaminu obowi\u0105zuj\u0105ca od 1 lutego 2019 roku do 17 marca 2022 roku jest dost\u0119pna pod adresem: <a href=\"https:\/\/fotc.com\/pl\/regulamin-programu-partnerskiego-old\/\">https:\/\/fotc.com\/pl\/regulamin-programu-partnerskiego-old\/<\/a> Tre\u015b\u0107 Regulaminu obowi\u0105zuj\u0105ca od 18 marca 2022 r. jest dost\u0119pna pod adresem: <a href=\"https:\/\/fotc.com\/pl\/regulamin-program-partnerski\/\">https:\/\/fotc.com\/pl\/regulamin-program-partnerski\/<\/a><\/li><li>W przypadku zmiany Regulaminu Partner ma prawo do wniesienia sprzeciwu co do jego zmienionej tre\u015bci. B\u0119dzie to r\u00f3wnoznaczne z rezygnacj\u0105 Partnera z udzia\u0142u w Programie Partnerskim. Sprzeciw musi zosta\u0107 z\u0142o\u017cony w formie elektronicznej, w ci\u0105gu 14 dni od chwili poinformowania o zmianie Regulaminu, na wskazany w \u00a7 5 ust. 9 Regulaminu adres e-mail. Partner zachowuje prawo do wynagrodzenia je\u015bli do ko\u0144ca kolejnego miesi\u0105ca po zg\u0142oszeniu sprzeciwu Klient zawrze z FOTC umow\u0119 na Us\u0142ugi.<\/li><li>FOTC ma prawo do zako\u0144czenia Programu Partnerskiego w ka\u017cdym czasie. O zako\u0144czeniu Programu Partnerskiego Partner zostanie poinformowany na wskazany w czasie rejestracji adres e-mail. Partner zachowuje prawo do wynagrodzenia w sytuacji gdy do ko\u0144ca kolejnego miesi\u0105ca po zako\u0144czeniu Programu Partnerskiego Klient zawrze z FOTC umow\u0119 na Us\u0142ugi.<\/li><li>FOTC nie jest odpowiedzialny za jakiekolwiek szkody wynikaj\u0105ce z naruszenia Regulaminu przez Partnera, a w szczeg\u00f3lno\u015bci za utracone korzy\u015bci Klienta.<\/li><li>W przypadku wyst\u0105pienia ewentualnych spor\u00f3w, Strony (tj. Partner i FOTC) b\u0119d\u0105 d\u0105\u017cy\u0107 do ich polubownego rozwi\u0105zania.&nbsp;<\/li><li>Regulamin obowi\u0105zuje od 18 marca 2022 roku.<\/li><li>Do Regulaminu zastosowanie znajduje prawo polskie.<\/li><li>W przypadku jakichkolwiek pyta\u0144 lub w\u0105tpliwo\u015bci zapraszamy do kontaktu:<\/li><\/ol>\n\n\n\n<ol class=\"wp-block-list\"><li>e-mailowo: <a href=\"mailto:partners@fotc.com\">partners@fotc.com<\/a>&nbsp;<\/li><li>telefonicznie:&nbsp; 532 519 010<\/li><li>poczt\u0105 na adres: ul. Rze\u017anicza 32\/33, Wroc\u0142aw (50-130).<\/li><\/ol>\n\n\n\n<p><strong>ZAPRASZAMY DO AKTYWNEGO UDZIA\u0141U<\/strong><\/p>\n\n\n\n<p><strong>W PROGRAMIE PARTNERSKIM<\/strong><\/p>\n","protected":false},"excerpt":{"rendered":"<p>Data aktualizacji Regulaminu: 18 marca 2022 rok \u00a71. DEFINICJE Regulamin \u2013 niniejszy dokument okre\u015blaj\u0105cy zasady funkcjonowania Programu Partnerskiego, kt\u00f3rego akceptacja jest niezb\u0119dna do wzi\u0119cia udzia\u0142u w Programie Partnerskim. Program Partnerski \u2013 program, kt\u00f3ry ma na celu polecanie przez Partnera Us\u0142ug \u015bwiadczonych przez FOTC Klientom oraz przekazanie FOTC Leada na zasadach okre\u015blonych w Regulaminie, za kt\u00f3re&#8230;<\/p>\n","protected":false},"author":22,"featured_media":0,"parent":0,"menu_order":0,"comment_status":"closed","ping_status":"closed","template":"","meta":{"_editorskit_title_hidden":false,"_editorskit_reading_time":12,"_editorskit_is_block_options_detached":false,"_editorskit_block_options_position":"{}","footnotes":""},"class_list":["post-146707","page","type-page","status-publish","hentry"],"yoast_head":"<!-- This site is optimized with the Yoast SEO Premium plugin v27.2 (Yoast SEO v27.2) - https:\/\/yoast.com\/product\/yoast-seo-premium-wordpress\/ -->\n<title>Regulamin programu partnerskiego Fly On The Cloud - FOTC<\/title>\n<meta name=\"robots\" content=\"noindex, nofollow\" \/>\n<meta property=\"og:locale\" content=\"pl_PL\" \/>\n<meta property=\"og:type\" content=\"article\" \/>\n<meta property=\"og:title\" content=\"Regulamin programu partnerskiego Fly On The Cloud\" \/>\n<meta property=\"og:description\" content=\"Data aktualizacji Regulaminu: 18 marca 2022 rok \u00a71. DEFINICJE Regulamin \u2013 niniejszy dokument okre\u015blaj\u0105cy zasady funkcjonowania Programu Partnerskiego, kt\u00f3rego akceptacja jest niezb\u0119dna do wzi\u0119cia udzia\u0142u w Programie Partnerskim. Program Partnerski \u2013 program, kt\u00f3ry ma na celu polecanie przez Partnera Us\u0142ug \u015bwiadczonych przez FOTC Klientom oraz przekazanie FOTC Leada na zasadach okre\u015blonych w Regulaminie, za kt\u00f3re...\" \/>\n<meta property=\"og:url\" content=\"https:\/\/fotc.com\/pl\/regulamin-programu-partnerskiego-old2\/\" \/>\n<meta property=\"og:site_name\" content=\"FOTC\" \/>\n<meta property=\"article:modified_time\" content=\"2025-01-10T15:20:08+00:00\" \/>\n<meta name=\"twitter:card\" content=\"summary_large_image\" \/>\n<script type=\"application\/ld+json\" class=\"yoast-schema-graph\">{\"@context\":\"https:\/\/schema.org\",\"@graph\":[{\"@type\":\"WebPage\",\"@id\":\"https:\/\/fotc.com\/pl\/regulamin-programu-partnerskiego-old2\/\",\"url\":\"https:\/\/fotc.com\/pl\/regulamin-programu-partnerskiego-old2\/\",\"name\":\"Regulamin programu partnerskiego Fly On The Cloud - FOTC\",\"isPartOf\":{\"@id\":\"https:\/\/fotc.com\/pl\/#website\"},\"datePublished\":\"2025-01-10T14:39:45+00:00\",\"dateModified\":\"2025-01-10T15:20:08+00:00\",\"breadcrumb\":{\"@id\":\"https:\/\/fotc.com\/pl\/regulamin-programu-partnerskiego-old2\/#breadcrumb\"},\"inLanguage\":\"pl-PL\",\"potentialAction\":[{\"@type\":\"ReadAction\",\"target\":[\"https:\/\/fotc.com\/pl\/regulamin-programu-partnerskiego-old2\/\"]}]},{\"@type\":\"BreadcrumbList\",\"@id\":\"https:\/\/fotc.com\/pl\/regulamin-programu-partnerskiego-old2\/#breadcrumb\",\"itemListElement\":[{\"@type\":\"ListItem\",\"position\":1,\"name\":\"Home\",\"item\":\"https:\/\/fotc.com\/pl\/\"},{\"@type\":\"ListItem\",\"position\":2,\"name\":\"Regulamin programu partnerskiego Fly On The Cloud\"}]},{\"@type\":\"WebSite\",\"@id\":\"https:\/\/fotc.com\/pl\/#website\",\"url\":\"https:\/\/fotc.com\/pl\/\",\"name\":\"FOTC\",\"description\":\"Partner Google Cloud\",\"potentialAction\":[{\"@type\":\"SearchAction\",\"target\":{\"@type\":\"EntryPoint\",\"urlTemplate\":\"https:\/\/fotc.com\/pl\/?s={search_term_string}\"},\"query-input\":{\"@type\":\"PropertyValueSpecification\",\"valueRequired\":true,\"valueName\":\"search_term_string\"}}],\"inLanguage\":\"pl-PL\"}]}<\/script>\n<!-- \/ Yoast SEO Premium plugin. -->","yoast_head_json":{"title":"Regulamin programu partnerskiego Fly On The Cloud - FOTC","robots":{"index":"noindex","follow":"nofollow"},"og_locale":"pl_PL","og_type":"article","og_title":"Regulamin programu partnerskiego Fly On The Cloud","og_description":"Data aktualizacji Regulaminu: 18 marca 2022 rok \u00a71. DEFINICJE Regulamin \u2013 niniejszy dokument okre\u015blaj\u0105cy zasady funkcjonowania Programu Partnerskiego, kt\u00f3rego akceptacja jest niezb\u0119dna do wzi\u0119cia udzia\u0142u w Programie Partnerskim. Program Partnerski \u2013 program, kt\u00f3ry ma na celu polecanie przez Partnera Us\u0142ug \u015bwiadczonych przez FOTC Klientom oraz przekazanie FOTC Leada na zasadach okre\u015blonych w Regulaminie, za kt\u00f3re...","og_url":"https:\/\/fotc.com\/pl\/regulamin-programu-partnerskiego-old2\/","og_site_name":"FOTC","article_modified_time":"2025-01-10T15:20:08+00:00","twitter_card":"summary_large_image","schema":{"@context":"https:\/\/schema.org","@graph":[{"@type":"WebPage","@id":"https:\/\/fotc.com\/pl\/regulamin-programu-partnerskiego-old2\/","url":"https:\/\/fotc.com\/pl\/regulamin-programu-partnerskiego-old2\/","name":"Regulamin programu partnerskiego Fly On The Cloud - FOTC","isPartOf":{"@id":"https:\/\/fotc.com\/pl\/#website"},"datePublished":"2025-01-10T14:39:45+00:00","dateModified":"2025-01-10T15:20:08+00:00","breadcrumb":{"@id":"https:\/\/fotc.com\/pl\/regulamin-programu-partnerskiego-old2\/#breadcrumb"},"inLanguage":"pl-PL","potentialAction":[{"@type":"ReadAction","target":["https:\/\/fotc.com\/pl\/regulamin-programu-partnerskiego-old2\/"]}]},{"@type":"BreadcrumbList","@id":"https:\/\/fotc.com\/pl\/regulamin-programu-partnerskiego-old2\/#breadcrumb","itemListElement":[{"@type":"ListItem","position":1,"name":"Home","item":"https:\/\/fotc.com\/pl\/"},{"@type":"ListItem","position":2,"name":"Regulamin programu partnerskiego Fly On The Cloud"}]},{"@type":"WebSite","@id":"https:\/\/fotc.com\/pl\/#website","url":"https:\/\/fotc.com\/pl\/","name":"FOTC","description":"Partner Google Cloud","potentialAction":[{"@type":"SearchAction","target":{"@type":"EntryPoint","urlTemplate":"https:\/\/fotc.com\/pl\/?s={search_term_string}"},"query-input":{"@type":"PropertyValueSpecification","valueRequired":true,"valueName":"search_term_string"}}],"inLanguage":"pl-PL"}]}},"_links":{"self":[{"href":"https:\/\/fotc.com\/pl\/wp-json\/wp\/v2\/pages\/146707","targetHints":{"allow":["GET"]}}],"collection":[{"href":"https:\/\/fotc.com\/pl\/wp-json\/wp\/v2\/pages"}],"about":[{"href":"https:\/\/fotc.com\/pl\/wp-json\/wp\/v2\/types\/page"}],"author":[{"embeddable":true,"href":"https:\/\/fotc.com\/pl\/wp-json\/wp\/v2\/users\/22"}],"replies":[{"embeddable":true,"href":"https:\/\/fotc.com\/pl\/wp-json\/wp\/v2\/comments?post=146707"}],"version-history":[{"count":0,"href":"https:\/\/fotc.com\/pl\/wp-json\/wp\/v2\/pages\/146707\/revisions"}],"wp:attachment":[{"href":"https:\/\/fotc.com\/pl\/wp-json\/wp\/v2\/media?parent=146707"}],"curies":[{"name":"wp","href":"https:\/\/api.w.org\/{rel}","templated":true}]}}