{"id":116309,"date":"2023-05-31T13:45:57","date_gmt":"2023-05-31T11:45:57","guid":{"rendered":"https:\/\/fotc.com\/?page_id=116309"},"modified":"2025-07-28T14:30:23","modified_gmt":"2025-07-28T12:30:23","slug":"prezentacje-google-w-praktyce","status":"publish","type":"page","link":"https:\/\/fotc.com\/pl\/szkolenia\/prezentacje-google-w-praktyce\/","title":{"rendered":"Prezentacje Google w praktyce"},"content":{"rendered":"","protected":false},"excerpt":{"rendered":"","protected":false},"author":22,"featured_media":116333,"parent":66950,"menu_order":0,"comment_status":"closed","ping_status":"closed","template":"views\/template-szkolenia.blade.php","meta":{"_editorskit_title_hidden":false,"_editorskit_reading_time":1,"_editorskit_typography_data":null,"_editorskit_blocks_typography":"","_editorskit_is_block_options_detached":false,"_editorskit_block_options_position":"{}"},"yoast_head":"\nSzkolenie Prezentacje Google w praktyce | FOTC<\/title>\n<meta name=\"description\" content=\"Naucz si\u0119 wykorzystywa\u0107 zaawansowane funkcje Google Slides oraz korzysta\u0107 z dodatk\u00f3w, aby szybciej tworzy\u0107 prezentacje, kt\u00f3re utrzymuj\u0105 uwag\u0119 odbiorcy.\" \/>\n<meta name=\"robots\" content=\"index, nofollow, max-snippet:-1, max-image-preview:large, max-video-preview:-1\" \/>\n<link rel=\"canonical\" href=\"https:\/\/fotc.com\/pl\/szkolenia\/prezentacje-google-w-praktyce\/\" \/>\n<meta property=\"og:locale\" content=\"pl_PL\" \/>\n<meta property=\"og:type\" content=\"article\" \/>\n<meta property=\"og:title\" content=\"Szkolenie Prezentacje Google w praktyce | FOTC\" \/>\n<meta property=\"og:description\" content=\"Naucz si\u0119 wykorzystywa\u0107 zaawansowane funkcje Google Slides oraz korzysta\u0107 z dodatk\u00f3w, aby szybciej tworzy\u0107 prezentacje, kt\u00f3re utrzymuj\u0105 uwag\u0119 odbiorcy.\" \/>\n<meta property=\"og:url\" content=\"https:\/\/fotc.com\/pl\/szkolenia\/prezentacje-google-w-praktyce\/\" \/>\n<meta property=\"og:site_name\" content=\"FOTC\" \/>\n<meta property=\"article:modified_time\" content=\"2025-07-28T12:30:23+00:00\" \/>\n<meta property=\"og:image\" content=\"https:\/\/fotc.com\/app\/uploads\/2023\/05\/Miniatura-szkolenie-Slides.png\" \/>\n\t<meta property=\"og:image:width\" content=\"1280\" \/>\n\t<meta property=\"og:image:height\" content=\"720\" \/>\n\t<meta property=\"og:image:type\" content=\"image\/png\" \/>\n<meta name=\"twitter:card\" content=\"summary_large_image\" \/>\n<meta name=\"twitter:title\" content=\"Szkolenie Prezentacje Google w praktyce | FOTC\" \/>\n<meta name=\"twitter:description\" content=\"Naucz si\u0119 wykorzystywa\u0107 zaawansowane funkcje Google Slides oraz korzysta\u0107 z dodatk\u00f3w, aby szybciej tworzy\u0107 prezentacje, kt\u00f3re utrzymuj\u0105 uwag\u0119 odbiorcy.\" \/>\n<script type=\"application\/ld+json\" class=\"yoast-schema-graph\">{\"@context\":\"https:\/\/schema.org\",\"@graph\":[{\"@type\":\"WebPage\",\"@id\":\"https:\/\/fotc.com\/pl\/szkolenia\/prezentacje-google-w-praktyce\/\",\"url\":\"https:\/\/fotc.com\/pl\/szkolenia\/prezentacje-google-w-praktyce\/\",\"name\":\"Szkolenie Prezentacje Google w praktyce | FOTC\",\"isPartOf\":{\"@id\":\"https:\/\/fotc.com\/#website\"},\"datePublished\":\"2023-05-31T11:45:57+00:00\",\"dateModified\":\"2025-07-28T12:30:23+00:00\",\"description\":\"Naucz si\u0119 wykorzystywa\u0107 zaawansowane funkcje Google Slides oraz korzysta\u0107 z dodatk\u00f3w, aby szybciej tworzy\u0107 prezentacje, kt\u00f3re utrzymuj\u0105 uwag\u0119 odbiorcy.\",\"breadcrumb\":{\"@id\":\"https:\/\/fotc.com\/pl\/szkolenia\/prezentacje-google-w-praktyce\/#breadcrumb\"},\"inLanguage\":\"pl-PL\",\"potentialAction\":[{\"@type\":\"ReadAction\",\"target\":[\"https:\/\/fotc.com\/pl\/szkolenia\/prezentacje-google-w-praktyce\/\"]}]},{\"@type\":\"BreadcrumbList\",\"@id\":\"https:\/\/fotc.com\/pl\/szkolenia\/prezentacje-google-w-praktyce\/#breadcrumb\",\"itemListElement\":[{\"@type\":\"ListItem\",\"position\":1,\"name\":\"PL\",\"item\":\"https:\/\/fotc.com\/pl\/\"},{\"@type\":\"ListItem\",\"position\":2,\"name\":\"Szkolenia\",\"item\":\"https:\/\/fotc.com\/pl\/szkolenia\/\"},{\"@type\":\"ListItem\",\"position\":3,\"name\":\"Prezentacje Google w praktyce\"}]},{\"@type\":\"WebSite\",\"@id\":\"https:\/\/fotc.com\/#website\",\"url\":\"https:\/\/fotc.com\/\",\"name\":\"FOTC\",\"description\":\"Partner Google Cloud\",\"potentialAction\":[{\"@type\":\"SearchAction\",\"target\":{\"@type\":\"EntryPoint\",\"urlTemplate\":\"https:\/\/fotc.com\/?s={search_term_string}\"},\"query-input\":\"required name=search_term_string\"}],\"inLanguage\":\"pl-PL\"}]}<\/script>\n<!-- \/ Yoast SEO Premium plugin. -->","yoast_head_json":{"title":"Szkolenie Prezentacje Google w praktyce | FOTC","description":"Naucz si\u0119 wykorzystywa\u0107 zaawansowane funkcje Google Slides oraz korzysta\u0107 z dodatk\u00f3w, aby szybciej tworzy\u0107 prezentacje, kt\u00f3re utrzymuj\u0105 uwag\u0119 odbiorcy.","robots":{"index":"index","follow":"nofollow","max-snippet":"max-snippet:-1","max-image-preview":"max-image-preview:large","max-video-preview":"max-video-preview:-1"},"canonical":"https:\/\/fotc.com\/pl\/szkolenia\/prezentacje-google-w-praktyce\/","og_locale":"pl_PL","og_type":"article","og_title":"Szkolenie Prezentacje Google w praktyce | FOTC","og_description":"Naucz si\u0119 wykorzystywa\u0107 zaawansowane funkcje Google Slides oraz korzysta\u0107 z dodatk\u00f3w, aby szybciej tworzy\u0107 prezentacje, kt\u00f3re utrzymuj\u0105 uwag\u0119 odbiorcy.","og_url":"https:\/\/fotc.com\/pl\/szkolenia\/prezentacje-google-w-praktyce\/","og_site_name":"FOTC","article_modified_time":"2025-07-28T12:30:23+00:00","og_image":[{"width":1280,"height":720,"url":"https:\/\/fotc.com\/app\/uploads\/2023\/05\/Miniatura-szkolenie-Slides.png","type":"image\/png"}],"twitter_card":"summary_large_image","twitter_title":"Szkolenie Prezentacje Google w praktyce | FOTC","twitter_description":"Naucz si\u0119 wykorzystywa\u0107 zaawansowane funkcje Google Slides oraz korzysta\u0107 z dodatk\u00f3w, aby szybciej tworzy\u0107 prezentacje, kt\u00f3re utrzymuj\u0105 uwag\u0119 odbiorcy.","schema":{"@context":"https:\/\/schema.org","@graph":[{"@type":"WebPage","@id":"https:\/\/fotc.com\/pl\/szkolenia\/prezentacje-google-w-praktyce\/","url":"https:\/\/fotc.com\/pl\/szkolenia\/prezentacje-google-w-praktyce\/","name":"Szkolenie Prezentacje Google w praktyce | FOTC","isPartOf":{"@id":"https:\/\/fotc.com\/#website"},"datePublished":"2023-05-31T11:45:57+00:00","dateModified":"2025-07-28T12:30:23+00:00","description":"Naucz si\u0119 wykorzystywa\u0107 zaawansowane funkcje Google Slides oraz korzysta\u0107 z dodatk\u00f3w, aby szybciej tworzy\u0107 prezentacje, kt\u00f3re utrzymuj\u0105 uwag\u0119 odbiorcy.","breadcrumb":{"@id":"https:\/\/fotc.com\/pl\/szkolenia\/prezentacje-google-w-praktyce\/#breadcrumb"},"inLanguage":"pl-PL","potentialAction":[{"@type":"ReadAction","target":["https:\/\/fotc.com\/pl\/szkolenia\/prezentacje-google-w-praktyce\/"]}]},{"@type":"BreadcrumbList","@id":"https:\/\/fotc.com\/pl\/szkolenia\/prezentacje-google-w-praktyce\/#breadcrumb","itemListElement":[{"@type":"ListItem","position":1,"name":"PL","item":"https:\/\/fotc.com\/pl\/"},{"@type":"ListItem","position":2,"name":"Szkolenia","item":"https:\/\/fotc.com\/pl\/szkolenia\/"},{"@type":"ListItem","position":3,"name":"Prezentacje Google w praktyce"}]},{"@type":"WebSite","@id":"https:\/\/fotc.com\/#website","url":"https:\/\/fotc.com\/","name":"FOTC","description":"Partner Google Cloud","potentialAction":[{"@type":"SearchAction","target":{"@type":"EntryPoint","urlTemplate":"https:\/\/fotc.com\/?s={search_term_string}"},"query-input":"required name=search_term_string"}],"inLanguage":"pl-PL"}]}},"_links":{"self":[{"href":"https:\/\/fotc.com\/pl\/wp-json\/wp\/v2\/pages\/116309"}],"collection":[{"href":"https:\/\/fotc.com\/pl\/wp-json\/wp\/v2\/pages"}],"about":[{"href":"https:\/\/fotc.com\/pl\/wp-json\/wp\/v2\/types\/page"}],"author":[{"embeddable":true,"href":"https:\/\/fotc.com\/pl\/wp-json\/wp\/v2\/users\/22"}],"replies":[{"embeddable":true,"href":"https:\/\/fotc.com\/pl\/wp-json\/wp\/v2\/comments?post=116309"}],"version-history":[{"count":0,"href":"https:\/\/fotc.com\/pl\/wp-json\/wp\/v2\/pages\/116309\/revisions"}],"up":[{"embeddable":true,"href":"https:\/\/fotc.com\/pl\/wp-json\/wp\/v2\/pages\/66950"}],"wp:featuredmedia":[{"embeddable":true,"href":"https:\/\/fotc.com\/pl\/wp-json\/wp\/v2\/media\/116333"}],"wp:attachment":[{"href":"https:\/\/fotc.com\/pl\/wp-json\/wp\/v2\/media?parent=116309"}],"curies":[{"name":"wp","href":"https:\/\/api.w.org\/{rel}","templated":true}]}}