{"id":7057,"date":"2021-06-28T20:18:24","date_gmt":"2021-06-28T18:18:24","guid":{"rendered":"https:\/\/fotc.com\/?page_id=7057"},"modified":"2025-02-13T10:18:51","modified_gmt":"2025-02-13T09:18:51","slug":"rolunk","status":"publish","type":"page","link":"https:\/\/fotc.com\/hu\/rolunk\/","title":{"rendered":"R\u00f3lunk"},"content":{"rendered":"","protected":false},"excerpt":{"rendered":"","protected":false},"author":14,"featured_media":149157,"parent":0,"menu_order":0,"comment_status":"closed","ping_status":"closed","template":"views\/template-aboutus-new.blade.php","meta":{"_editorskit_title_hidden":false,"_editorskit_reading_time":1,"_editorskit_is_block_options_detached":false,"_editorskit_block_options_position":"{}","footnotes":""},"class_list":["post-7057","page","type-page","status-publish","has-post-thumbnail","hentry"],"yoast_head":"<!-- This site is optimized with the Yoast SEO Premium plugin v27.2 (Yoast SEO v27.2) - https:\/\/yoast.com\/product\/yoast-seo-premium-wordpress\/ -->\n<title>R\u00f3lunk | Ismerje meg a FOTC felh\u0151szak\u00e9rt\u0151i csapat\u00e1t<\/title>\n<meta name=\"description\" content=\"A FOTC a Google Cloud partnere, amely \u00e1tfog\u00f3 implement\u00e1ci\u00f3s szolg\u00e1ltat\u00e1sokat \u00e9s k\u00f6lts\u00e9goptimaliz\u00e1l\u00e1st k\u00edn\u00e1l a felh\u0151alap\u00fa sz\u00e1m\u00edt\u00e1stechnika ter\u00fclet\u00e9n.\" \/>\n<meta name=\"robots\" content=\"noindex, follow\" \/>\n<meta property=\"og:locale\" content=\"hu_HU\" \/>\n<meta property=\"og:type\" content=\"article\" \/>\n<meta property=\"og:title\" content=\"About us | Meet the FOTC team\" \/>\n<meta property=\"og:description\" content=\"FOTC is a Google Cloud partner that offers cost optimization and technical support for cloud computing deployments.\" \/>\n<meta property=\"og:url\" content=\"https:\/\/fotc.com\/hu\/rolunk\/\" \/>\n<meta property=\"og:site_name\" content=\"FOTC\" \/>\n<meta property=\"article:modified_time\" content=\"2025-02-13T09:18:51+00:00\" \/>\n<meta property=\"og:image\" content=\"https:\/\/fotc.com\/app\/uploads\/2025\/02\/Frame-1090.jpg\" \/>\n\t<meta property=\"og:image:width\" content=\"1280\" \/>\n\t<meta property=\"og:image:height\" content=\"720\" \/>\n\t<meta property=\"og:image:type\" content=\"image\/jpeg\" \/>\n<meta name=\"twitter:card\" content=\"summary_large_image\" \/>\n<meta name=\"twitter:title\" content=\"About us | Meet the FOTC team\" \/>\n<meta name=\"twitter:description\" content=\"FOTC is a Google Cloud partner that offers cost optimization and technical support for cloud computing deployments.\" \/>\n<script type=\"application\/ld+json\" class=\"yoast-schema-graph\">{\"@context\":\"https:\/\/schema.org\",\"@graph\":[{\"@type\":\"WebPage\",\"@id\":\"https:\/\/fotc.com\/hu\/rolunk\/\",\"url\":\"https:\/\/fotc.com\/hu\/rolunk\/\",\"name\":\"R\u00f3lunk | Ismerje meg a FOTC felh\u0151szak\u00e9rt\u0151i csapat\u00e1t\",\"isPartOf\":{\"@id\":\"https:\/\/fotc.com\/hu\/#website\"},\"primaryImageOfPage\":{\"@id\":\"https:\/\/fotc.com\/hu\/rolunk\/#primaryimage\"},\"image\":{\"@id\":\"https:\/\/fotc.com\/hu\/rolunk\/#primaryimage\"},\"thumbnailUrl\":\"https:\/\/fotc.com\/app\/uploads\/2025\/02\/Frame-1090.jpg\",\"datePublished\":\"2021-06-28T18:18:24+00:00\",\"dateModified\":\"2025-02-13T09:18:51+00:00\",\"description\":\"A FOTC a Google Cloud partnere, amely \u00e1tfog\u00f3 implement\u00e1ci\u00f3s szolg\u00e1ltat\u00e1sokat \u00e9s k\u00f6lts\u00e9goptimaliz\u00e1l\u00e1st k\u00edn\u00e1l a felh\u0151alap\u00fa sz\u00e1m\u00edt\u00e1stechnika ter\u00fclet\u00e9n.\",\"breadcrumb\":{\"@id\":\"https:\/\/fotc.com\/hu\/rolunk\/#breadcrumb\"},\"inLanguage\":\"hu-HU\",\"potentialAction\":[{\"@type\":\"ReadAction\",\"target\":[\"https:\/\/fotc.com\/hu\/rolunk\/\"]}]},{\"@type\":\"ImageObject\",\"inLanguage\":\"hu-HU\",\"@id\":\"https:\/\/fotc.com\/hu\/rolunk\/#primaryimage\",\"url\":\"https:\/\/fotc.com\/app\/uploads\/2025\/02\/Frame-1090.jpg\",\"contentUrl\":\"https:\/\/fotc.com\/app\/uploads\/2025\/02\/Frame-1090.jpg\",\"width\":1280,\"height\":720},{\"@type\":\"BreadcrumbList\",\"@id\":\"https:\/\/fotc.com\/hu\/rolunk\/#breadcrumb\",\"itemListElement\":[{\"@type\":\"ListItem\",\"position\":1,\"name\":\"Home\",\"item\":\"https:\/\/fotc.com\/hu\/\"},{\"@type\":\"ListItem\",\"position\":2,\"name\":\"R\u00f3lunk\"}]},{\"@type\":\"WebSite\",\"@id\":\"https:\/\/fotc.com\/hu\/#website\",\"url\":\"https:\/\/fotc.com\/hu\/\",\"name\":\"FOTC\",\"description\":\"Partner Google Cloud\",\"potentialAction\":[{\"@type\":\"SearchAction\",\"target\":{\"@type\":\"EntryPoint\",\"urlTemplate\":\"https:\/\/fotc.com\/hu\/?s={search_term_string}\"},\"query-input\":{\"@type\":\"PropertyValueSpecification\",\"valueRequired\":true,\"valueName\":\"search_term_string\"}}],\"inLanguage\":\"hu-HU\"}]}<\/script>\n<!-- \/ Yoast SEO Premium plugin. -->","yoast_head_json":{"title":"R\u00f3lunk | Ismerje meg a FOTC felh\u0151szak\u00e9rt\u0151i csapat\u00e1t","description":"A FOTC a Google Cloud partnere, amely \u00e1tfog\u00f3 implement\u00e1ci\u00f3s szolg\u00e1ltat\u00e1sokat \u00e9s k\u00f6lts\u00e9goptimaliz\u00e1l\u00e1st k\u00edn\u00e1l a felh\u0151alap\u00fa sz\u00e1m\u00edt\u00e1stechnika ter\u00fclet\u00e9n.","robots":{"index":"noindex","follow":"follow"},"og_locale":"hu_HU","og_type":"article","og_title":"About us | Meet the FOTC team","og_description":"FOTC is a Google Cloud partner that offers cost optimization and technical support for cloud computing deployments.","og_url":"https:\/\/fotc.com\/hu\/rolunk\/","og_site_name":"FOTC","article_modified_time":"2025-02-13T09:18:51+00:00","og_image":[{"width":1280,"height":720,"url":"https:\/\/fotc.com\/app\/uploads\/2025\/02\/Frame-1090.jpg","type":"image\/jpeg"}],"twitter_card":"summary_large_image","twitter_title":"About us | Meet the FOTC team","twitter_description":"FOTC is a Google Cloud partner that offers cost optimization and technical support for cloud computing deployments.","schema":{"@context":"https:\/\/schema.org","@graph":[{"@type":"WebPage","@id":"https:\/\/fotc.com\/hu\/rolunk\/","url":"https:\/\/fotc.com\/hu\/rolunk\/","name":"R\u00f3lunk | Ismerje meg a FOTC felh\u0151szak\u00e9rt\u0151i csapat\u00e1t","isPartOf":{"@id":"https:\/\/fotc.com\/hu\/#website"},"primaryImageOfPage":{"@id":"https:\/\/fotc.com\/hu\/rolunk\/#primaryimage"},"image":{"@id":"https:\/\/fotc.com\/hu\/rolunk\/#primaryimage"},"thumbnailUrl":"https:\/\/fotc.com\/app\/uploads\/2025\/02\/Frame-1090.jpg","datePublished":"2021-06-28T18:18:24+00:00","dateModified":"2025-02-13T09:18:51+00:00","description":"A FOTC a Google Cloud partnere, amely \u00e1tfog\u00f3 implement\u00e1ci\u00f3s szolg\u00e1ltat\u00e1sokat \u00e9s k\u00f6lts\u00e9goptimaliz\u00e1l\u00e1st k\u00edn\u00e1l a felh\u0151alap\u00fa sz\u00e1m\u00edt\u00e1stechnika ter\u00fclet\u00e9n.","breadcrumb":{"@id":"https:\/\/fotc.com\/hu\/rolunk\/#breadcrumb"},"inLanguage":"hu-HU","potentialAction":[{"@type":"ReadAction","target":["https:\/\/fotc.com\/hu\/rolunk\/"]}]},{"@type":"ImageObject","inLanguage":"hu-HU","@id":"https:\/\/fotc.com\/hu\/rolunk\/#primaryimage","url":"https:\/\/fotc.com\/app\/uploads\/2025\/02\/Frame-1090.jpg","contentUrl":"https:\/\/fotc.com\/app\/uploads\/2025\/02\/Frame-1090.jpg","width":1280,"height":720},{"@type":"BreadcrumbList","@id":"https:\/\/fotc.com\/hu\/rolunk\/#breadcrumb","itemListElement":[{"@type":"ListItem","position":1,"name":"Home","item":"https:\/\/fotc.com\/hu\/"},{"@type":"ListItem","position":2,"name":"R\u00f3lunk"}]},{"@type":"WebSite","@id":"https:\/\/fotc.com\/hu\/#website","url":"https:\/\/fotc.com\/hu\/","name":"FOTC","description":"Partner Google Cloud","potentialAction":[{"@type":"SearchAction","target":{"@type":"EntryPoint","urlTemplate":"https:\/\/fotc.com\/hu\/?s={search_term_string}"},"query-input":{"@type":"PropertyValueSpecification","valueRequired":true,"valueName":"search_term_string"}}],"inLanguage":"hu-HU"}]}},"_links":{"self":[{"href":"https:\/\/fotc.com\/hu\/wp-json\/wp\/v2\/pages\/7057","targetHints":{"allow":["GET"]}}],"collection":[{"href":"https:\/\/fotc.com\/hu\/wp-json\/wp\/v2\/pages"}],"about":[{"href":"https:\/\/fotc.com\/hu\/wp-json\/wp\/v2\/types\/page"}],"author":[{"embeddable":true,"href":"https:\/\/fotc.com\/hu\/wp-json\/wp\/v2\/users\/14"}],"replies":[{"embeddable":true,"href":"https:\/\/fotc.com\/hu\/wp-json\/wp\/v2\/comments?post=7057"}],"version-history":[{"count":0,"href":"https:\/\/fotc.com\/hu\/wp-json\/wp\/v2\/pages\/7057\/revisions"}],"wp:featuredmedia":[{"embeddable":true,"href":"https:\/\/fotc.com\/hu\/wp-json\/wp\/v2\/media\/149157"}],"wp:attachment":[{"href":"https:\/\/fotc.com\/hu\/wp-json\/wp\/v2\/media?parent=7057"}],"curies":[{"name":"wp","href":"https:\/\/api.w.org\/{rel}","templated":true}]}}