{"id":168282,"date":"2026-02-11T08:47:10","date_gmt":"2026-02-11T07:47:10","guid":{"rendered":"https:\/\/fotc.com\/?page_id=168282"},"modified":"2026-03-18T18:18:16","modified_gmt":"2026-03-18T17:18:16","slug":"google-workspace-vs-microsoft-365","status":"publish","type":"page","link":"https:\/\/fotc.com\/hu\/google-workspace-vs-microsoft-365\/","title":{"rendered":"Google Workspace vs. Microsoft 365"},"content":{"rendered":"","protected":false},"excerpt":{"rendered":"","protected":false},"author":22,"featured_media":168313,"parent":0,"menu_order":0,"comment_status":"closed","ping_status":"closed","template":"views\/template-gwms.blade.php","meta":{"_editorskit_title_hidden":false,"_editorskit_reading_time":1,"_editorskit_typography_data":null,"_editorskit_blocks_typography":"","_editorskit_is_block_options_detached":false,"_editorskit_block_options_position":"{}"},"yoast_head":"<!-- This site is optimized with the Yoast SEO Premium plugin v16.7 (Yoast SEO v19.6) - https:\/\/yoast.com\/wordpress\/plugins\/seo\/ -->\n<title>Google Workspace vs. Microsoft 365<\/title>\n<meta name=\"description\" content=\"A Google Workspace megb\u00edz\u00e1s\u00e1b\u00f3l a Hypothesis Group f\u00fcggetlen kutat\u00f3c\u00e9g vakteszt jelleg\u0171 felm\u00e9r\u00e9st v\u00e9gzett 1602 olyan munkav\u00e1llal\u00f3 k\u00f6r\u00e9ben, akik Google Workspace-t vagy Microsoft 365-\u00f6t haszn\u00e1lnak.\" \/>\n<meta name=\"robots\" content=\"index, follow, max-snippet:-1, max-image-preview:large, max-video-preview:-1\" \/>\n<link rel=\"canonical\" href=\"https:\/\/fotc.com\/hu\/google-workspace-vs-microsoft-365\/\" \/>\n<meta property=\"og:locale\" content=\"hu_HU\" \/>\n<meta property=\"og:type\" content=\"article\" \/>\n<meta property=\"og:title\" content=\"Google Workspace vs. Microsoft 365\" \/>\n<meta property=\"og:description\" content=\"A Google Workspace megb\u00edz\u00e1s\u00e1b\u00f3l a Hypothesis Group f\u00fcggetlen kutat\u00f3c\u00e9g vakteszt jelleg\u0171 felm\u00e9r\u00e9st v\u00e9gzett 1602 olyan munkav\u00e1llal\u00f3 k\u00f6r\u00e9ben, akik Google Workspace-t vagy Microsoft 365-\u00f6t haszn\u00e1lnak.\" \/>\n<meta property=\"og:url\" content=\"https:\/\/fotc.com\/hu\/google-workspace-vs-microsoft-365\/\" \/>\n<meta property=\"og:site_name\" content=\"FOTC\" \/>\n<meta property=\"article:modified_time\" content=\"2026-03-18T17:18:16+00:00\" \/>\n<meta property=\"og:image\" content=\"https:\/\/fotc.com\/app\/uploads\/2026\/02\/Miniatura_GW-vs.-M365.jpg\" \/>\n\t<meta property=\"og:image:width\" content=\"1280\" \/>\n\t<meta property=\"og:image:height\" content=\"720\" \/>\n\t<meta property=\"og:image:type\" content=\"image\/jpeg\" \/>\n<meta name=\"twitter:card\" content=\"summary_large_image\" \/>\n<script type=\"application\/ld+json\" class=\"yoast-schema-graph\">{\"@context\":\"https:\/\/schema.org\",\"@graph\":[{\"@type\":\"WebPage\",\"@id\":\"https:\/\/fotc.com\/hu\/google-workspace-vs-microsoft-365\/\",\"url\":\"https:\/\/fotc.com\/hu\/google-workspace-vs-microsoft-365\/\",\"name\":\"Google Workspace vs. Microsoft 365\",\"isPartOf\":{\"@id\":\"https:\/\/fotc.com\/#website\"},\"datePublished\":\"2026-02-11T07:47:10+00:00\",\"dateModified\":\"2026-03-18T17:18:16+00:00\",\"description\":\"A Google Workspace megb\u00edz\u00e1s\u00e1b\u00f3l a Hypothesis Group f\u00fcggetlen kutat\u00f3c\u00e9g vakteszt jelleg\u0171 felm\u00e9r\u00e9st v\u00e9gzett 1602 olyan munkav\u00e1llal\u00f3 k\u00f6r\u00e9ben, akik Google Workspace-t vagy Microsoft 365-\u00f6t haszn\u00e1lnak.\",\"breadcrumb\":{\"@id\":\"https:\/\/fotc.com\/hu\/google-workspace-vs-microsoft-365\/#breadcrumb\"},\"inLanguage\":\"hu-HU\",\"potentialAction\":[{\"@type\":\"ReadAction\",\"target\":[\"https:\/\/fotc.com\/hu\/google-workspace-vs-microsoft-365\/\"]}]},{\"@type\":\"BreadcrumbList\",\"@id\":\"https:\/\/fotc.com\/hu\/google-workspace-vs-microsoft-365\/#breadcrumb\",\"itemListElement\":[{\"@type\":\"ListItem\",\"position\":1,\"name\":\"HU\",\"item\":\"https:\/\/fotc.com\/hu\/\"},{\"@type\":\"ListItem\",\"position\":2,\"name\":\"Google Workspace vs. Microsoft 365\"}]},{\"@type\":\"WebSite\",\"@id\":\"https:\/\/fotc.com\/#website\",\"url\":\"https:\/\/fotc.com\/\",\"name\":\"FOTC\",\"description\":\"Partner Google Cloud\",\"potentialAction\":[{\"@type\":\"SearchAction\",\"target\":{\"@type\":\"EntryPoint\",\"urlTemplate\":\"https:\/\/fotc.com\/?s={search_term_string}\"},\"query-input\":\"required name=search_term_string\"}],\"inLanguage\":\"hu-HU\"}]}<\/script>\n<!-- \/ Yoast SEO Premium plugin. -->","yoast_head_json":{"title":"Google Workspace vs. Microsoft 365","description":"A Google Workspace megb\u00edz\u00e1s\u00e1b\u00f3l a Hypothesis Group f\u00fcggetlen kutat\u00f3c\u00e9g vakteszt jelleg\u0171 felm\u00e9r\u00e9st v\u00e9gzett 1602 olyan munkav\u00e1llal\u00f3 k\u00f6r\u00e9ben, akik Google Workspace-t vagy Microsoft 365-\u00f6t haszn\u00e1lnak.","robots":{"index":"index","follow":"follow","max-snippet":"max-snippet:-1","max-image-preview":"max-image-preview:large","max-video-preview":"max-video-preview:-1"},"canonical":"https:\/\/fotc.com\/hu\/google-workspace-vs-microsoft-365\/","og_locale":"hu_HU","og_type":"article","og_title":"Google Workspace vs. Microsoft 365","og_description":"A Google Workspace megb\u00edz\u00e1s\u00e1b\u00f3l a Hypothesis Group f\u00fcggetlen kutat\u00f3c\u00e9g vakteszt jelleg\u0171 felm\u00e9r\u00e9st v\u00e9gzett 1602 olyan munkav\u00e1llal\u00f3 k\u00f6r\u00e9ben, akik Google Workspace-t vagy Microsoft 365-\u00f6t haszn\u00e1lnak.","og_url":"https:\/\/fotc.com\/hu\/google-workspace-vs-microsoft-365\/","og_site_name":"FOTC","article_modified_time":"2026-03-18T17:18:16+00:00","og_image":[{"width":1280,"height":720,"url":"https:\/\/fotc.com\/app\/uploads\/2026\/02\/Miniatura_GW-vs.-M365.jpg","type":"image\/jpeg"}],"twitter_card":"summary_large_image","schema":{"@context":"https:\/\/schema.org","@graph":[{"@type":"WebPage","@id":"https:\/\/fotc.com\/hu\/google-workspace-vs-microsoft-365\/","url":"https:\/\/fotc.com\/hu\/google-workspace-vs-microsoft-365\/","name":"Google Workspace vs. Microsoft 365","isPartOf":{"@id":"https:\/\/fotc.com\/#website"},"datePublished":"2026-02-11T07:47:10+00:00","dateModified":"2026-03-18T17:18:16+00:00","description":"A Google Workspace megb\u00edz\u00e1s\u00e1b\u00f3l a Hypothesis Group f\u00fcggetlen kutat\u00f3c\u00e9g vakteszt jelleg\u0171 felm\u00e9r\u00e9st v\u00e9gzett 1602 olyan munkav\u00e1llal\u00f3 k\u00f6r\u00e9ben, akik Google Workspace-t vagy Microsoft 365-\u00f6t haszn\u00e1lnak.","breadcrumb":{"@id":"https:\/\/fotc.com\/hu\/google-workspace-vs-microsoft-365\/#breadcrumb"},"inLanguage":"hu-HU","potentialAction":[{"@type":"ReadAction","target":["https:\/\/fotc.com\/hu\/google-workspace-vs-microsoft-365\/"]}]},{"@type":"BreadcrumbList","@id":"https:\/\/fotc.com\/hu\/google-workspace-vs-microsoft-365\/#breadcrumb","itemListElement":[{"@type":"ListItem","position":1,"name":"HU","item":"https:\/\/fotc.com\/hu\/"},{"@type":"ListItem","position":2,"name":"Google Workspace vs. Microsoft 365"}]},{"@type":"WebSite","@id":"https:\/\/fotc.com\/#website","url":"https:\/\/fotc.com\/","name":"FOTC","description":"Partner Google Cloud","potentialAction":[{"@type":"SearchAction","target":{"@type":"EntryPoint","urlTemplate":"https:\/\/fotc.com\/?s={search_term_string}"},"query-input":"required name=search_term_string"}],"inLanguage":"hu-HU"}]}},"_links":{"self":[{"href":"https:\/\/fotc.com\/hu\/wp-json\/wp\/v2\/pages\/168282"}],"collection":[{"href":"https:\/\/fotc.com\/hu\/wp-json\/wp\/v2\/pages"}],"about":[{"href":"https:\/\/fotc.com\/hu\/wp-json\/wp\/v2\/types\/page"}],"author":[{"embeddable":true,"href":"https:\/\/fotc.com\/hu\/wp-json\/wp\/v2\/users\/22"}],"replies":[{"embeddable":true,"href":"https:\/\/fotc.com\/hu\/wp-json\/wp\/v2\/comments?post=168282"}],"version-history":[{"count":0,"href":"https:\/\/fotc.com\/hu\/wp-json\/wp\/v2\/pages\/168282\/revisions"}],"wp:featuredmedia":[{"embeddable":true,"href":"https:\/\/fotc.com\/hu\/wp-json\/wp\/v2\/media\/168313"}],"wp:attachment":[{"href":"https:\/\/fotc.com\/hu\/wp-json\/wp\/v2\/media?parent=168282"}],"curies":[{"name":"wp","href":"https:\/\/api.w.org\/{rel}","templated":true}]}}