{"id":165140,"date":"2025-09-26T14:00:27","date_gmt":"2025-09-26T12:00:27","guid":{"rendered":"https:\/\/fotc.com\/?page_id=165140"},"modified":"2025-09-26T14:42:11","modified_gmt":"2025-09-26T12:42:11","slug":"valtsa-tudasra-az-adatokat","status":"publish","type":"page","link":"https:\/\/fotc.com\/hu\/megoldasok\/valtsa-tudasra-az-adatokat\/","title":{"rendered":"V\u00e1ltsa tud\u00e1sra az adatokat"},"content":{"rendered":"","protected":false},"excerpt":{"rendered":"","protected":false},"author":22,"featured_media":165155,"parent":155681,"menu_order":0,"comment_status":"closed","ping_status":"closed","template":"views\/template-data-managment.blade.php","meta":{"_editorskit_title_hidden":false,"_editorskit_reading_time":1,"_editorskit_is_block_options_detached":false,"_editorskit_block_options_position":"{}","footnotes":""},"class_list":["post-165140","page","type-page","status-publish","has-post-thumbnail","hentry"],"yoast_head":"<!-- This site is optimized with the Yoast SEO Premium plugin v27.2 (Yoast SEO v27.2) - https:\/\/yoast.com\/product\/yoast-seo-premium-wordpress\/ -->\n<title>Alak\u00edtsa tud\u00e1ss\u00e1 az adatokat \u2014 Rendszerezett adatkezel\u00e9s<\/title>\n<meta name=\"description\" content=\"Alak\u00edtsa adatait versenyel\u0151nny\u00e9. Egyetlen, megb\u00edzhat\u00f3 adatforr\u00e1ssal pontos d\u00f6nt\u00e9seket hozhat, amelyek el\u0151seg\u00edtik a v\u00e1llalkoz\u00e1s n\u00f6veked\u00e9s\u00e9t.\" \/>\n<meta name=\"robots\" content=\"noindex, nofollow\" \/>\n<meta property=\"og:locale\" content=\"hu_HU\" \/>\n<meta property=\"og:type\" content=\"article\" \/>\n<meta property=\"og:title\" content=\"V\u00e1ltsa tud\u00e1sra az adatokat\" \/>\n<meta property=\"og:description\" content=\"Alak\u00edtsa adatait versenyel\u0151nny\u00e9. Egyetlen, megb\u00edzhat\u00f3 adatforr\u00e1ssal pontos d\u00f6nt\u00e9seket hozhat, amelyek el\u0151seg\u00edtik a v\u00e1llalkoz\u00e1s n\u00f6veked\u00e9s\u00e9t.\" \/>\n<meta property=\"og:url\" content=\"https:\/\/fotc.com\/hu\/megoldasok\/valtsa-tudasra-az-adatokat\/\" \/>\n<meta property=\"og:site_name\" content=\"FOTC\" \/>\n<meta property=\"article:modified_time\" content=\"2025-09-26T12:42:11+00:00\" \/>\n<meta property=\"og:image\" content=\"https:\/\/fotc.com\/app\/uploads\/2025\/09\/PL_Data-management_miniaturka-8-1.jpg\" \/>\n\t<meta property=\"og:image:width\" content=\"1281\" \/>\n\t<meta property=\"og:image:height\" content=\"720\" \/>\n\t<meta property=\"og:image:type\" content=\"image\/jpeg\" \/>\n<meta name=\"twitter:card\" content=\"summary_large_image\" \/>\n<script type=\"application\/ld+json\" class=\"yoast-schema-graph\">{\"@context\":\"https:\/\/schema.org\",\"@graph\":[{\"@type\":\"WebPage\",\"@id\":\"https:\/\/fotc.com\/hu\/megoldasok\/valtsa-tudasra-az-adatokat\/\",\"url\":\"https:\/\/fotc.com\/hu\/megoldasok\/valtsa-tudasra-az-adatokat\/\",\"name\":\"Alak\u00edtsa tud\u00e1ss\u00e1 az adatokat \u2014 Rendszerezett adatkezel\u00e9s\",\"isPartOf\":{\"@id\":\"https:\/\/fotc.com\/hu\/#website\"},\"primaryImageOfPage\":{\"@id\":\"https:\/\/fotc.com\/hu\/megoldasok\/valtsa-tudasra-az-adatokat\/#primaryimage\"},\"image\":{\"@id\":\"https:\/\/fotc.com\/hu\/megoldasok\/valtsa-tudasra-az-adatokat\/#primaryimage\"},\"thumbnailUrl\":\"https:\/\/fotc.com\/app\/uploads\/2025\/09\/PL_Data-management_miniaturka-8-1.jpg\",\"datePublished\":\"2025-09-26T12:00:27+00:00\",\"dateModified\":\"2025-09-26T12:42:11+00:00\",\"description\":\"Alak\u00edtsa adatait versenyel\u0151nny\u00e9. Egyetlen, megb\u00edzhat\u00f3 adatforr\u00e1ssal pontos d\u00f6nt\u00e9seket hozhat, amelyek el\u0151seg\u00edtik a v\u00e1llalkoz\u00e1s n\u00f6veked\u00e9s\u00e9t.\",\"breadcrumb\":{\"@id\":\"https:\/\/fotc.com\/hu\/megoldasok\/valtsa-tudasra-az-adatokat\/#breadcrumb\"},\"inLanguage\":\"hu-HU\",\"potentialAction\":[{\"@type\":\"ReadAction\",\"target\":[\"https:\/\/fotc.com\/hu\/megoldasok\/valtsa-tudasra-az-adatokat\/\"]}]},{\"@type\":\"ImageObject\",\"inLanguage\":\"hu-HU\",\"@id\":\"https:\/\/fotc.com\/hu\/megoldasok\/valtsa-tudasra-az-adatokat\/#primaryimage\",\"url\":\"https:\/\/fotc.com\/app\/uploads\/2025\/09\/PL_Data-management_miniaturka-8-1.jpg\",\"contentUrl\":\"https:\/\/fotc.com\/app\/uploads\/2025\/09\/PL_Data-management_miniaturka-8-1.jpg\",\"width\":1281,\"height\":720},{\"@type\":\"BreadcrumbList\",\"@id\":\"https:\/\/fotc.com\/hu\/megoldasok\/valtsa-tudasra-az-adatokat\/#breadcrumb\",\"itemListElement\":[{\"@type\":\"ListItem\",\"position\":1,\"name\":\"Home\",\"item\":\"https:\/\/fotc.com\/hu\/\"},{\"@type\":\"ListItem\",\"position\":2,\"name\":\"megoldasok\",\"item\":\"https:\/\/fotc.com\/hu\/solutions\/\"},{\"@type\":\"ListItem\",\"position\":3,\"name\":\"V\u00e1ltsa tud\u00e1sra az adatokat\"}]},{\"@type\":\"WebSite\",\"@id\":\"https:\/\/fotc.com\/hu\/#website\",\"url\":\"https:\/\/fotc.com\/hu\/\",\"name\":\"FOTC\",\"description\":\"Partner Google Cloud\",\"potentialAction\":[{\"@type\":\"SearchAction\",\"target\":{\"@type\":\"EntryPoint\",\"urlTemplate\":\"https:\/\/fotc.com\/hu\/?s={search_term_string}\"},\"query-input\":{\"@type\":\"PropertyValueSpecification\",\"valueRequired\":true,\"valueName\":\"search_term_string\"}}],\"inLanguage\":\"hu-HU\"}]}<\/script>\n<!-- \/ Yoast SEO Premium plugin. -->","yoast_head_json":{"title":"Alak\u00edtsa tud\u00e1ss\u00e1 az adatokat \u2014 Rendszerezett adatkezel\u00e9s","description":"Alak\u00edtsa adatait versenyel\u0151nny\u00e9. Egyetlen, megb\u00edzhat\u00f3 adatforr\u00e1ssal pontos d\u00f6nt\u00e9seket hozhat, amelyek el\u0151seg\u00edtik a v\u00e1llalkoz\u00e1s n\u00f6veked\u00e9s\u00e9t.","robots":{"index":"noindex","follow":"nofollow"},"og_locale":"hu_HU","og_type":"article","og_title":"V\u00e1ltsa tud\u00e1sra az adatokat","og_description":"Alak\u00edtsa adatait versenyel\u0151nny\u00e9. Egyetlen, megb\u00edzhat\u00f3 adatforr\u00e1ssal pontos d\u00f6nt\u00e9seket hozhat, amelyek el\u0151seg\u00edtik a v\u00e1llalkoz\u00e1s n\u00f6veked\u00e9s\u00e9t.","og_url":"https:\/\/fotc.com\/hu\/megoldasok\/valtsa-tudasra-az-adatokat\/","og_site_name":"FOTC","article_modified_time":"2025-09-26T12:42:11+00:00","og_image":[{"width":1281,"height":720,"url":"https:\/\/fotc.com\/app\/uploads\/2025\/09\/PL_Data-management_miniaturka-8-1.jpg","type":"image\/jpeg"}],"twitter_card":"summary_large_image","schema":{"@context":"https:\/\/schema.org","@graph":[{"@type":"WebPage","@id":"https:\/\/fotc.com\/hu\/megoldasok\/valtsa-tudasra-az-adatokat\/","url":"https:\/\/fotc.com\/hu\/megoldasok\/valtsa-tudasra-az-adatokat\/","name":"Alak\u00edtsa tud\u00e1ss\u00e1 az adatokat \u2014 Rendszerezett adatkezel\u00e9s","isPartOf":{"@id":"https:\/\/fotc.com\/hu\/#website"},"primaryImageOfPage":{"@id":"https:\/\/fotc.com\/hu\/megoldasok\/valtsa-tudasra-az-adatokat\/#primaryimage"},"image":{"@id":"https:\/\/fotc.com\/hu\/megoldasok\/valtsa-tudasra-az-adatokat\/#primaryimage"},"thumbnailUrl":"https:\/\/fotc.com\/app\/uploads\/2025\/09\/PL_Data-management_miniaturka-8-1.jpg","datePublished":"2025-09-26T12:00:27+00:00","dateModified":"2025-09-26T12:42:11+00:00","description":"Alak\u00edtsa adatait versenyel\u0151nny\u00e9. Egyetlen, megb\u00edzhat\u00f3 adatforr\u00e1ssal pontos d\u00f6nt\u00e9seket hozhat, amelyek el\u0151seg\u00edtik a v\u00e1llalkoz\u00e1s n\u00f6veked\u00e9s\u00e9t.","breadcrumb":{"@id":"https:\/\/fotc.com\/hu\/megoldasok\/valtsa-tudasra-az-adatokat\/#breadcrumb"},"inLanguage":"hu-HU","potentialAction":[{"@type":"ReadAction","target":["https:\/\/fotc.com\/hu\/megoldasok\/valtsa-tudasra-az-adatokat\/"]}]},{"@type":"ImageObject","inLanguage":"hu-HU","@id":"https:\/\/fotc.com\/hu\/megoldasok\/valtsa-tudasra-az-adatokat\/#primaryimage","url":"https:\/\/fotc.com\/app\/uploads\/2025\/09\/PL_Data-management_miniaturka-8-1.jpg","contentUrl":"https:\/\/fotc.com\/app\/uploads\/2025\/09\/PL_Data-management_miniaturka-8-1.jpg","width":1281,"height":720},{"@type":"BreadcrumbList","@id":"https:\/\/fotc.com\/hu\/megoldasok\/valtsa-tudasra-az-adatokat\/#breadcrumb","itemListElement":[{"@type":"ListItem","position":1,"name":"Home","item":"https:\/\/fotc.com\/hu\/"},{"@type":"ListItem","position":2,"name":"megoldasok","item":"https:\/\/fotc.com\/hu\/solutions\/"},{"@type":"ListItem","position":3,"name":"V\u00e1ltsa tud\u00e1sra az adatokat"}]},{"@type":"WebSite","@id":"https:\/\/fotc.com\/hu\/#website","url":"https:\/\/fotc.com\/hu\/","name":"FOTC","description":"Partner Google Cloud","potentialAction":[{"@type":"SearchAction","target":{"@type":"EntryPoint","urlTemplate":"https:\/\/fotc.com\/hu\/?s={search_term_string}"},"query-input":{"@type":"PropertyValueSpecification","valueRequired":true,"valueName":"search_term_string"}}],"inLanguage":"hu-HU"}]}},"_links":{"self":[{"href":"https:\/\/fotc.com\/hu\/wp-json\/wp\/v2\/pages\/165140","targetHints":{"allow":["GET"]}}],"collection":[{"href":"https:\/\/fotc.com\/hu\/wp-json\/wp\/v2\/pages"}],"about":[{"href":"https:\/\/fotc.com\/hu\/wp-json\/wp\/v2\/types\/page"}],"author":[{"embeddable":true,"href":"https:\/\/fotc.com\/hu\/wp-json\/wp\/v2\/users\/22"}],"replies":[{"embeddable":true,"href":"https:\/\/fotc.com\/hu\/wp-json\/wp\/v2\/comments?post=165140"}],"version-history":[{"count":0,"href":"https:\/\/fotc.com\/hu\/wp-json\/wp\/v2\/pages\/165140\/revisions"}],"up":[{"embeddable":true,"href":"https:\/\/fotc.com\/hu\/wp-json\/wp\/v2\/pages\/155681"}],"wp:featuredmedia":[{"embeddable":true,"href":"https:\/\/fotc.com\/hu\/wp-json\/wp\/v2\/media\/165155"}],"wp:attachment":[{"href":"https:\/\/fotc.com\/hu\/wp-json\/wp\/v2\/media?parent=165140"}],"curies":[{"name":"wp","href":"https:\/\/api.w.org\/{rel}","templated":true}]}}