{"id":143338,"date":"2024-09-19T16:55:43","date_gmt":"2024-09-19T14:55:43","guid":{"rendered":"https:\/\/fotc.com\/?page_id=143338"},"modified":"2024-09-30T10:36:48","modified_gmt":"2024-09-30T08:36:48","slug":"torodjon-azzal-hogy-megfeleljen-a-nis2-iranyelvnek","status":"publish","type":"page","link":"https:\/\/fotc.com\/hu\/torodjon-azzal-hogy-megfeleljen-a-nis2-iranyelvnek\/","title":{"rendered":"T\u00f6r\u0151dj\u00f6n azzal, hogy megfeleljen a NIS2 ir\u00e1nyelvnek"},"content":{"rendered":"","protected":false},"excerpt":{"rendered":"","protected":false},"author":22,"featured_media":143542,"parent":0,"menu_order":0,"comment_status":"closed","ping_status":"closed","template":"views\/template-nis.blade.php","meta":{"_editorskit_title_hidden":false,"_editorskit_reading_time":1,"_editorskit_is_block_options_detached":false,"_editorskit_block_options_position":"{}","footnotes":""},"class_list":["post-143338","page","type-page","status-publish","has-post-thumbnail","hentry"],"_links":{"self":[{"href":"https:\/\/fotc.com\/hu\/wp-json\/wp\/v2\/pages\/143338","targetHints":{"allow":["GET"]}}],"collection":[{"href":"https:\/\/fotc.com\/hu\/wp-json\/wp\/v2\/pages"}],"about":[{"href":"https:\/\/fotc.com\/hu\/wp-json\/wp\/v2\/types\/page"}],"author":[{"embeddable":true,"href":"https:\/\/fotc.com\/hu\/wp-json\/wp\/v2\/users\/22"}],"replies":[{"embeddable":true,"href":"https:\/\/fotc.com\/hu\/wp-json\/wp\/v2\/comments?post=143338"}],"version-history":[{"count":0,"href":"https:\/\/fotc.com\/hu\/wp-json\/wp\/v2\/pages\/143338\/revisions"}],"wp:featuredmedia":[{"embeddable":true,"href":"https:\/\/fotc.com\/hu\/wp-json\/wp\/v2\/media\/143542"}],"wp:attachment":[{"href":"https:\/\/fotc.com\/hu\/wp-json\/wp\/v2\/media?parent=143338"}],"curies":[{"name":"wp","href":"https:\/\/api.w.org\/{rel}","templated":true}]}}