{"id":143252,"date":"2024-09-17T15:09:09","date_gmt":"2024-09-17T13:09:09","guid":{"rendered":"https:\/\/fotc.com\/?page_id=143252"},"modified":"2025-05-08T09:03:53","modified_gmt":"2025-05-08T07:03:53","slug":"ut-a-felhobe","status":"publish","type":"page","link":"https:\/\/fotc.com\/hu\/szolgaltatasok\/google-cloud\/ut-a-felhobe\/","title":{"rendered":"Strat\u00e9giai \u00fctemterv felh\u0151infrastrukt\u00far\u00e1hoz"},"content":{"rendered":"","protected":false},"excerpt":{"rendered":"","protected":false},"author":22,"featured_media":151237,"parent":154431,"menu_order":0,"comment_status":"closed","ping_status":"closed","template":"views\/template-roadmap.blade.php","meta":{"_editorskit_title_hidden":false,"_editorskit_reading_time":1,"_editorskit_is_block_options_detached":false,"_editorskit_block_options_position":"{}","footnotes":""},"class_list":["post-143252","page","type-page","status-publish","has-post-thumbnail","hentry"],"_links":{"self":[{"href":"https:\/\/fotc.com\/hu\/wp-json\/wp\/v2\/pages\/143252","targetHints":{"allow":["GET"]}}],"collection":[{"href":"https:\/\/fotc.com\/hu\/wp-json\/wp\/v2\/pages"}],"about":[{"href":"https:\/\/fotc.com\/hu\/wp-json\/wp\/v2\/types\/page"}],"author":[{"embeddable":true,"href":"https:\/\/fotc.com\/hu\/wp-json\/wp\/v2\/users\/22"}],"replies":[{"embeddable":true,"href":"https:\/\/fotc.com\/hu\/wp-json\/wp\/v2\/comments?post=143252"}],"version-history":[{"count":0,"href":"https:\/\/fotc.com\/hu\/wp-json\/wp\/v2\/pages\/143252\/revisions"}],"up":[{"embeddable":true,"href":"https:\/\/fotc.com\/hu\/wp-json\/wp\/v2\/pages\/154431"}],"wp:featuredmedia":[{"embeddable":true,"href":"https:\/\/fotc.com\/hu\/wp-json\/wp\/v2\/media\/151237"}],"wp:attachment":[{"href":"https:\/\/fotc.com\/hu\/wp-json\/wp\/v2\/media?parent=143252"}],"curies":[{"name":"wp","href":"https:\/\/api.w.org\/{rel}","templated":true}]}}