{"id":104109,"date":"2023-02-13T10:16:46","date_gmt":"2023-02-13T09:16:46","guid":{"rendered":"https:\/\/fotc.com\/?page_id=104109"},"modified":"2025-05-08T09:02:47","modified_gmt":"2025-05-08T07:02:47","slug":"biztonsagi-audit","status":"publish","type":"page","link":"https:\/\/fotc.com\/hu\/szolgaltatasok\/google-workspace\/biztonsagi-audit\/","title":{"rendered":"Google Workspace biztons\u00e1gi audit"},"content":{"rendered":"","protected":false},"excerpt":{"rendered":"","protected":false},"author":22,"featured_media":148726,"parent":154410,"menu_order":0,"comment_status":"closed","ping_status":"closed","template":"views\/template-gwauditnew.blade.php","meta":{"_editorskit_title_hidden":false,"_editorskit_reading_time":1,"_editorskit_is_block_options_detached":false,"_editorskit_block_options_position":"{}","footnotes":""},"class_list":["post-104109","page","type-page","status-publish","has-post-thumbnail","hentry"],"yoast_head":"<!-- This site is optimized with the Yoast SEO Premium plugin v27.2 (Yoast SEO v27.2) - https:\/\/yoast.com\/product\/yoast-seo-premium-wordpress\/ -->\n<title>Biztons\u00e1gi audit | FOTC<\/title>\n<meta name=\"description\" content=\"Ellen\u0151rizze, hogy c\u00e9ge adatai biztons\u00e1gban vannak-e a t\u00e1vmunka, a mobileszk\u00f6z\u00f6k \u00e9s a nyilv\u00e1nos felh\u0151k korszak\u00e1ban.\" \/>\n<meta name=\"robots\" content=\"index, follow, max-snippet:-1, max-image-preview:large, max-video-preview:-1\" \/>\n<link rel=\"canonical\" href=\"https:\/\/fotc.com\/hu\/szolgaltatasok\/google-workspace\/biztonsagi-audit\/\" \/>\n<meta property=\"og:locale\" content=\"hu_HU\" \/>\n<meta property=\"og:type\" content=\"article\" \/>\n<meta property=\"og:title\" content=\"Security Audit | FOTC\" \/>\n<meta property=\"og:description\" content=\"Ellen\u0151rizze, hogy c\u00e9ge adatai biztons\u00e1gban vannak-e a t\u00e1vmunka, a mobileszk\u00f6z\u00f6k \u00e9s a nyilv\u00e1nos felh\u0151k korszak\u00e1ban.\" \/>\n<meta property=\"og:url\" content=\"https:\/\/fotc.com\/hu\/szolgaltatasok\/google-workspace\/biztonsagi-audit\/\" \/>\n<meta property=\"og:site_name\" content=\"FOTC\" \/>\n<meta property=\"article:modified_time\" content=\"2025-05-08T07:02:47+00:00\" \/>\n<meta property=\"og:image\" content=\"https:\/\/fotc.com\/app\/uploads\/2025\/02\/Frame-1084.jpg\" \/>\n\t<meta property=\"og:image:width\" content=\"1280\" \/>\n\t<meta property=\"og:image:height\" content=\"720\" \/>\n\t<meta property=\"og:image:type\" content=\"image\/jpeg\" \/>\n<meta name=\"twitter:card\" content=\"summary_large_image\" \/>\n<meta name=\"twitter:title\" content=\"Security Audit | FOTC\" \/>\n<script type=\"application\/ld+json\" class=\"yoast-schema-graph\">{\"@context\":\"https:\/\/schema.org\",\"@graph\":[{\"@type\":\"WebPage\",\"@id\":\"https:\/\/fotc.com\/hu\/szolgaltatasok\/google-workspace\/biztonsagi-audit\/\",\"url\":\"https:\/\/fotc.com\/hu\/szolgaltatasok\/google-workspace\/biztonsagi-audit\/\",\"name\":\"Biztons\u00e1gi audit | FOTC\",\"isPartOf\":{\"@id\":\"https:\/\/fotc.com\/hu\/#website\"},\"primaryImageOfPage\":{\"@id\":\"https:\/\/fotc.com\/hu\/szolgaltatasok\/google-workspace\/biztonsagi-audit\/#primaryimage\"},\"image\":{\"@id\":\"https:\/\/fotc.com\/hu\/szolgaltatasok\/google-workspace\/biztonsagi-audit\/#primaryimage\"},\"thumbnailUrl\":\"https:\/\/fotc.com\/app\/uploads\/2025\/02\/Frame-1084.jpg\",\"datePublished\":\"2023-02-13T09:16:46+00:00\",\"dateModified\":\"2025-05-08T07:02:47+00:00\",\"description\":\"Ellen\u0151rizze, hogy c\u00e9ge adatai biztons\u00e1gban vannak-e a t\u00e1vmunka, a mobileszk\u00f6z\u00f6k \u00e9s a nyilv\u00e1nos felh\u0151k korszak\u00e1ban.\",\"breadcrumb\":{\"@id\":\"https:\/\/fotc.com\/hu\/szolgaltatasok\/google-workspace\/biztonsagi-audit\/#breadcrumb\"},\"inLanguage\":\"hu-HU\",\"potentialAction\":[{\"@type\":\"ReadAction\",\"target\":[\"https:\/\/fotc.com\/hu\/szolgaltatasok\/google-workspace\/biztonsagi-audit\/\"]}]},{\"@type\":\"ImageObject\",\"inLanguage\":\"hu-HU\",\"@id\":\"https:\/\/fotc.com\/hu\/szolgaltatasok\/google-workspace\/biztonsagi-audit\/#primaryimage\",\"url\":\"https:\/\/fotc.com\/app\/uploads\/2025\/02\/Frame-1084.jpg\",\"contentUrl\":\"https:\/\/fotc.com\/app\/uploads\/2025\/02\/Frame-1084.jpg\",\"width\":1280,\"height\":720},{\"@type\":\"BreadcrumbList\",\"@id\":\"https:\/\/fotc.com\/hu\/szolgaltatasok\/google-workspace\/biztonsagi-audit\/#breadcrumb\",\"itemListElement\":[{\"@type\":\"ListItem\",\"position\":1,\"name\":\"Home\",\"item\":\"https:\/\/fotc.com\/hu\/\"},{\"@type\":\"ListItem\",\"position\":2,\"name\":\"Szolgaltatasok\",\"item\":\"https:\/\/fotc.com\/hu\/szolgaltatasok\/\"},{\"@type\":\"ListItem\",\"position\":3,\"name\":\"Google workspace In\",\"item\":\"https:\/\/fotc.com\/hu\/szolgaltatasok\/google-workspace\/\"},{\"@type\":\"ListItem\",\"position\":4,\"name\":\"Google Workspace biztons\u00e1gi audit\"}]},{\"@type\":\"WebSite\",\"@id\":\"https:\/\/fotc.com\/hu\/#website\",\"url\":\"https:\/\/fotc.com\/hu\/\",\"name\":\"FOTC\",\"description\":\"Partner Google Cloud\",\"potentialAction\":[{\"@type\":\"SearchAction\",\"target\":{\"@type\":\"EntryPoint\",\"urlTemplate\":\"https:\/\/fotc.com\/hu\/?s={search_term_string}\"},\"query-input\":{\"@type\":\"PropertyValueSpecification\",\"valueRequired\":true,\"valueName\":\"search_term_string\"}}],\"inLanguage\":\"hu-HU\"}]}<\/script>\n<!-- \/ Yoast SEO Premium plugin. -->","yoast_head_json":{"title":"Biztons\u00e1gi audit | FOTC","description":"Ellen\u0151rizze, hogy c\u00e9ge adatai biztons\u00e1gban vannak-e a t\u00e1vmunka, a mobileszk\u00f6z\u00f6k \u00e9s a nyilv\u00e1nos felh\u0151k korszak\u00e1ban.","robots":{"index":"index","follow":"follow","max-snippet":"max-snippet:-1","max-image-preview":"max-image-preview:large","max-video-preview":"max-video-preview:-1"},"canonical":"https:\/\/fotc.com\/hu\/szolgaltatasok\/google-workspace\/biztonsagi-audit\/","og_locale":"hu_HU","og_type":"article","og_title":"Security Audit | FOTC","og_description":"Ellen\u0151rizze, hogy c\u00e9ge adatai biztons\u00e1gban vannak-e a t\u00e1vmunka, a mobileszk\u00f6z\u00f6k \u00e9s a nyilv\u00e1nos felh\u0151k korszak\u00e1ban.","og_url":"https:\/\/fotc.com\/hu\/szolgaltatasok\/google-workspace\/biztonsagi-audit\/","og_site_name":"FOTC","article_modified_time":"2025-05-08T07:02:47+00:00","og_image":[{"width":1280,"height":720,"url":"https:\/\/fotc.com\/app\/uploads\/2025\/02\/Frame-1084.jpg","type":"image\/jpeg"}],"twitter_card":"summary_large_image","twitter_title":"Security Audit | FOTC","schema":{"@context":"https:\/\/schema.org","@graph":[{"@type":"WebPage","@id":"https:\/\/fotc.com\/hu\/szolgaltatasok\/google-workspace\/biztonsagi-audit\/","url":"https:\/\/fotc.com\/hu\/szolgaltatasok\/google-workspace\/biztonsagi-audit\/","name":"Biztons\u00e1gi audit | FOTC","isPartOf":{"@id":"https:\/\/fotc.com\/hu\/#website"},"primaryImageOfPage":{"@id":"https:\/\/fotc.com\/hu\/szolgaltatasok\/google-workspace\/biztonsagi-audit\/#primaryimage"},"image":{"@id":"https:\/\/fotc.com\/hu\/szolgaltatasok\/google-workspace\/biztonsagi-audit\/#primaryimage"},"thumbnailUrl":"https:\/\/fotc.com\/app\/uploads\/2025\/02\/Frame-1084.jpg","datePublished":"2023-02-13T09:16:46+00:00","dateModified":"2025-05-08T07:02:47+00:00","description":"Ellen\u0151rizze, hogy c\u00e9ge adatai biztons\u00e1gban vannak-e a t\u00e1vmunka, a mobileszk\u00f6z\u00f6k \u00e9s a nyilv\u00e1nos felh\u0151k korszak\u00e1ban.","breadcrumb":{"@id":"https:\/\/fotc.com\/hu\/szolgaltatasok\/google-workspace\/biztonsagi-audit\/#breadcrumb"},"inLanguage":"hu-HU","potentialAction":[{"@type":"ReadAction","target":["https:\/\/fotc.com\/hu\/szolgaltatasok\/google-workspace\/biztonsagi-audit\/"]}]},{"@type":"ImageObject","inLanguage":"hu-HU","@id":"https:\/\/fotc.com\/hu\/szolgaltatasok\/google-workspace\/biztonsagi-audit\/#primaryimage","url":"https:\/\/fotc.com\/app\/uploads\/2025\/02\/Frame-1084.jpg","contentUrl":"https:\/\/fotc.com\/app\/uploads\/2025\/02\/Frame-1084.jpg","width":1280,"height":720},{"@type":"BreadcrumbList","@id":"https:\/\/fotc.com\/hu\/szolgaltatasok\/google-workspace\/biztonsagi-audit\/#breadcrumb","itemListElement":[{"@type":"ListItem","position":1,"name":"Home","item":"https:\/\/fotc.com\/hu\/"},{"@type":"ListItem","position":2,"name":"Szolgaltatasok","item":"https:\/\/fotc.com\/hu\/szolgaltatasok\/"},{"@type":"ListItem","position":3,"name":"Google workspace In","item":"https:\/\/fotc.com\/hu\/szolgaltatasok\/google-workspace\/"},{"@type":"ListItem","position":4,"name":"Google Workspace biztons\u00e1gi audit"}]},{"@type":"WebSite","@id":"https:\/\/fotc.com\/hu\/#website","url":"https:\/\/fotc.com\/hu\/","name":"FOTC","description":"Partner Google Cloud","potentialAction":[{"@type":"SearchAction","target":{"@type":"EntryPoint","urlTemplate":"https:\/\/fotc.com\/hu\/?s={search_term_string}"},"query-input":{"@type":"PropertyValueSpecification","valueRequired":true,"valueName":"search_term_string"}}],"inLanguage":"hu-HU"}]}},"_links":{"self":[{"href":"https:\/\/fotc.com\/hu\/wp-json\/wp\/v2\/pages\/104109","targetHints":{"allow":["GET"]}}],"collection":[{"href":"https:\/\/fotc.com\/hu\/wp-json\/wp\/v2\/pages"}],"about":[{"href":"https:\/\/fotc.com\/hu\/wp-json\/wp\/v2\/types\/page"}],"author":[{"embeddable":true,"href":"https:\/\/fotc.com\/hu\/wp-json\/wp\/v2\/users\/22"}],"replies":[{"embeddable":true,"href":"https:\/\/fotc.com\/hu\/wp-json\/wp\/v2\/comments?post=104109"}],"version-history":[{"count":0,"href":"https:\/\/fotc.com\/hu\/wp-json\/wp\/v2\/pages\/104109\/revisions"}],"up":[{"embeddable":true,"href":"https:\/\/fotc.com\/hu\/wp-json\/wp\/v2\/pages\/154410"}],"wp:featuredmedia":[{"embeddable":true,"href":"https:\/\/fotc.com\/hu\/wp-json\/wp\/v2\/media\/148726"}],"wp:attachment":[{"href":"https:\/\/fotc.com\/hu\/wp-json\/wp\/v2\/media?parent=104109"}],"curies":[{"name":"wp","href":"https:\/\/api.w.org\/{rel}","templated":true}]}}